{"id":14707,"date":"2023-12-04T18:33:58","date_gmt":"2023-12-04T18:33:58","guid":{"rendered":"https:\/\/sunrail.com\/?page_id=14707"},"modified":"2026-03-28T19:49:56","modified_gmt":"2026-03-28T23:49:56","slug":"southbound-schedule","status":"publish","type":"page","link":"https:\/\/sunrail.com\/es\/maps-schedules\/southbound-schedule\/","title":{"rendered":"Horario en el Direcci\u00f3n Sur"},"content":{"rendered":"<div class=\"wp-block-group layout-pattern-d is-layout-constrained wp-block-group-is-layout-constrained\">\n<div class=\"wp-block-columns wp-block-columns-has-2 is-layout-flex wp-container-core-columns-is-layout-28f84493 wp-block-columns wp-block-columns-has-2-is-layout-flex\">\n<div class=\"wp-block-column is-layout-flow wp-block-column-is-layout-flow\" style=\"flex-basis:58.33%\"><div class=\"wp-block-safe-svg-svg-icon safe-svg-cover\" style=\"text-align: left;\">\n\t\t\t\t<div class=\"safe-svg-inside safe-svg-inline\" style=\"width: 60px; height: 60px; background-color: var(--wp--preset--color--); color: var(--wp--preset--color--); padding-top: ; padding-right: ; padding-bottom: ; padding-left: ; margin-top: ; margin-right: ; margin-bottom: ; margin-left: ;\"><?xml version=\"1.0\" encoding=\"UTF-8\"?> <svg xmlns=\"http:\/\/www.w3.org\/2000\/svg\" width=\"60\" height=\"60\" viewbox=\"0 0 60 60\" fill=\"none\"><path d=\"M47.6971 5.78791H43.8533V3.02939C43.8533 2.14323 43.1388 1.42859 42.2529 1.42859C41.367 1.42859 40.6525 2.14323 40.6525 3.02939V5.78791H19.4046V3.02939C19.4046 2.14323 18.6902 1.42859 17.8042 1.42859C16.9183 1.42859 16.2039 2.14323 16.2039 3.02939V5.78791H12.3601C5.52989 5.78791 0 11.3192 0 18.1084V46.251C0 53.0544 5.52989 58.5714 12.3172 58.5714H47.6828C54.4844 58.5714 60 53.0401 60 46.251V18.1084C60 11.305 54.4701 5.78791 47.6828 5.78791H47.6971ZM12.3315 9.00381H16.1753V15.0068C16.1753 15.893 16.8897 16.6076 17.7757 16.6076C18.6616 16.6076 19.376 15.893 19.376 15.0068V9.00381H40.624V15.0068C40.624 15.893 41.3384 16.6076 42.2243 16.6076C43.1103 16.6076 43.8247 15.893 43.8247 15.0068V9.00381H47.6685C52.6983 9.00381 56.7849 13.0916 56.7849 18.1227V21.0384H3.21505V18.1227C3.21505 13.0916 7.30174 9.00381 12.3315 9.00381ZM47.6971 55.3698H12.3172C7.28745 55.3698 3.20076 51.2821 3.20076 46.251V24.24H56.7849V46.251C56.7849 51.2821 52.6983 55.3698 47.6685 55.3698H47.6971Z\" fill=\"#848F94\"><\/path><path d=\"M22.1481 33.1588H24.663C24.8202 33.1588 24.9488 33.2874 24.9488 33.4446L24.9774 45.6221C24.9774 45.7794 24.8488 45.908 24.6916 45.908H21.9481C21.7909 45.908 21.6623 45.7794 21.6623 45.6221L21.6337 39.1475L18.4329 44.5216C18.3758 44.6073 18.2901 44.6645 18.19 44.6645H16.904C16.804 44.6645 16.7183 44.6073 16.6611 44.5216L13.4889 39.3333V45.6221C13.4889 45.7794 13.3603 45.908 13.2031 45.908H10.4453C10.2881 45.908 10.1595 45.7794 10.1595 45.6221V33.4446C10.1595 33.2874 10.2881 33.1588 10.4453 33.1588H12.9745C13.0745 33.1588 13.1603 33.2159 13.2174 33.3017L17.6185 40.5339L21.8909 33.3017C21.9481 33.2159 22.0338 33.1588 22.1338 33.1588H22.1481ZM29.8499 42.0489H34.5939C34.7511 42.0489 34.8797 41.9203 34.8797 41.7631V39.6763C34.8797 39.5191 34.7511 39.3904 34.5939 39.3904H29.8499C29.6928 39.3904 29.5642 39.5191 29.5642 39.6763V41.7631C29.5642 41.9203 29.6928 42.0489 29.8499 42.0489ZM49.8404 35.66V33.4446C49.8404 33.2874 49.7118 33.1588 49.5546 33.1588H40.1238C39.9666 33.1588 39.838 33.2874 39.838 33.4446V45.6221C39.838 45.7794 39.9666 45.908 40.1238 45.908H43.1531C43.3103 45.908 43.4389 45.7794 43.4389 45.6221V41.5344H48.783C48.9402 41.5344 49.0688 41.4057 49.0688 41.2485V39.0331C49.0688 38.8759 48.9402 38.7473 48.783 38.7473H43.4389V35.9459H49.5403C49.6975 35.9459 49.8261 35.8172 49.8261 35.66H49.8404Z\" fill=\"#848F94\"><\/path><\/svg> <\/div>\n\t\t\t<\/div>\n\n\n<h2 class=\"wp-block-heading has-primary-navy-blue-color has-text-color has-link-color has-x-large-font-size wp-elements-fb931f8ae91078c807e8b93d993135a9\">D\u00edas laborables y festivos<\/h2>\n\n\n\n<p>Los trenes SunRail operan de lunes a viernes. Consulte el horario anterior en direcci\u00f3n sur para conocer horarios de trenes espec\u00edficos. SunRail no opera los siguientes d\u00edas festivos:<\/p>\n\n\n\n<p><\/p>\n\n\n\n<div class=\"wp-block-columns wp-block-columns-has-2 wp-block-columns wp-block-columns-has-2-has-3 is-layout-flex wp-container-core-columns-is-layout-28f84493 wp-block-columns wp-block-columns-has-2 wp-block-columns wp-block-columns-has-2-has-3-is-layout-flex\">\n<div class=\"wp-block-column is-layout-flow wp-block-column-is-layout-flow\">\n<p>D\u00eda de A\u00f1o Nuevo<\/p>\n\n\n\n<p>D\u00eda Conmemorativo<\/p>\n<\/div>\n\n\n\n<div class=\"wp-block-column is-layout-flow wp-block-column-is-layout-flow\">\n<p>D\u00eda de la Independencia<\/p>\n\n\n\n<p>D\u00eda laboral<\/p>\n<\/div>\n\n\n\n<div class=\"wp-block-column is-layout-flow wp-block-column-is-layout-flow\">\n<p>d\u00eda de Gracias<\/p>\n\n\n\n<p>d\u00eda de Navidad<\/p>\n<\/div>\n<\/div>\n\n\n\n<div class=\"wp-block-buttons is-layout-flex wp-block-buttons-is-layout-flex\">\n<div class=\"wp-block-button is-style-secondary-transparent arrow-right\"><a class=\"wp-block-button__link wp-element-button\" href=\"\/wp-content\/uploads\/2026\/03\/24314_SUN_TrainSchedule_Mar2026_F_WCAG.pdf\" target=\"_blank\" rel=\"noreferrer noopener\">Descargar horario imprimible (PDF)<\/a><\/div>\n<\/div>\n<\/div>\n\n\n\n<div class=\"wp-block-column is-layout-flow wp-block-column-is-layout-flow\" style=\"flex-basis:33.33%\"><div class=\"wp-block-safe-svg-svg-icon safe-svg-cover\" style=\"text-align: left;\">\n\t\t\t\t<div class=\"safe-svg-inside safe-svg-inline\" style=\"width: 61px; height: 60px; background-color: var(--wp--preset--color--); color: var(--wp--preset--color--); padding-top: ; padding-right: ; padding-bottom: ; padding-left: ; margin-top: ; margin-right: ; margin-bottom: ; margin-left: ;\"><?xml version=\"1.0\" encoding=\"UTF-8\"?> <svg xmlns=\"http:\/\/www.w3.org\/2000\/svg\" width=\"61\" height=\"60\" viewbox=\"0 0 61 60\" fill=\"none\"><path opacity=\"0.5\" d=\"M26.551 14.3252V35.7201L45.0965 46.4318C46.9254 43.2897 47.9684 39.6335 47.9684 35.7201C47.9684 23.9086 38.3813 14.3252 26.5653 14.3252H26.551Z\" fill=\"#C8CDD0\"><\/path><path d=\"M28.1798 34.7917L39.8244 41.533L38.2098 44.3466L25.7509 37.134C25.2508 36.8484 24.9365 36.3056 24.9365 35.7344V21.3235H28.1798V34.7917ZM50.7831 35.7344C50.7831 49.1169 39.9244 60 26.5653 60C13.2063 60 2.34756 49.1169 2.34756 35.7344C2.34756 22.3518 13.2063 11.4687 26.5653 11.4687C39.9244 11.4687 50.7831 22.3518 50.7831 35.7344ZM43.9821 47.4887L42.8962 46.8746C42.139 46.4461 41.8675 45.4606 42.2961 44.7036C42.7248 43.9324 43.6963 43.6753 44.4679 44.1038L45.5252 44.7036C46.5967 42.4328 47.2826 39.9476 47.4826 37.3197H46.3253C45.4537 37.3197 44.7393 36.6056 44.7393 35.7201C44.7393 34.8346 45.4537 34.1204 46.3253 34.1204H47.4826C47.2826 31.4925 46.611 29.0074 45.5252 26.7365L44.4679 27.3363C44.225 27.4792 43.9535 27.5506 43.682 27.5506C43.1248 27.5506 42.5962 27.2649 42.2961 26.7508C41.8675 25.9795 42.1247 25.0083 42.8962 24.5799L43.9821 23.9657C42.5247 21.7948 40.6673 19.9238 38.5242 18.4385L37.8241 19.6382C37.524 20.1381 36.9954 20.4237 36.4524 20.4237C36.181 20.4237 35.8952 20.3523 35.6523 20.2095C34.8951 19.7667 34.6379 18.7812 35.0808 18.0243L35.7809 16.8388C33.4806 15.7105 30.9659 14.9821 28.2941 14.7679V16.1533C28.2798 17.0245 27.5655 17.7386 26.6939 17.7386C25.8223 17.7386 25.108 17.0102 25.108 16.139V14.7536C14.2064 15.5106 5.56231 24.6084 5.56231 35.7344C5.56231 46.8603 14.9922 56.7865 26.5796 56.7865C33.8235 56.7865 40.2244 53.0874 43.9964 47.4887H43.9821ZM59.3986 48.3742C59.1414 47.7315 58.4127 47.4316 57.7698 47.6886L56.7125 48.1314C63.4277 31.6068 55.598 12.6398 39.1243 5.74149C35.5095 4.22757 31.7089 3.41347 27.8369 3.25637V1.29969C27.8369 0.585575 27.2511 0 26.5367 0C25.8223 0 25.2366 0.585575 25.2366 1.29969V7.56963C25.2366 8.28374 25.8223 8.86932 26.5367 8.86932C27.2511 8.86932 27.8369 8.28374 27.8369 7.56963V5.74149C31.3803 5.8986 34.8522 6.62699 38.167 8.02666C53.3406 14.3966 60.5702 31.8496 54.4264 47.0888L54.0264 46.1033C53.7692 45.4606 53.0405 45.1607 52.3976 45.4178C51.7546 45.6748 51.4546 46.4032 51.7118 47.0459L53.2691 50.8593C53.4692 51.3449 53.9264 51.6306 54.4264 51.6306C54.5836 51.6306 54.7408 51.602 54.8979 51.5306L58.7128 49.9738C59.3557 49.7167 59.6558 48.9883 59.3986 48.3456V48.3742Z\" fill=\"#848F94\"><\/path><\/svg> <\/div>\n\t\t\t<\/div>\n\n\n<h2 class=\"wp-block-heading has-primary-navy-blue-color has-text-color has-link-color has-x-large-font-size wp-elements-086acda55d305d7135749867d406920d\">Llegue 20 minutos antes<\/h2>\n\n\n\n<p>Llegue a la estaci\u00f3n 20 minutos antes de la hora de salida programada, ya que los trenes no tienen la flexibilidad de esperar a los que llegan tarde.<\/p>\n\n\n\n<div class=\"wp-block-buttons is-layout-flex wp-block-buttons-is-layout-flex\">\n<div class=\"wp-block-button is-style-secondary-transparent arrow-right\"><a class=\"wp-block-button__link wp-element-button\" href=\"\/es\/legal-policies\/rules-of-conduct\/\">Ver reglas de conducta<\/a><\/div>\n<\/div>\n<\/div>\n<\/div>\n<\/div>\n\n\n\n<p><\/p>","protected":false},"excerpt":{"rendered":"<p>D\u00edas laborables y festivos: Los trenes SunRail operan de lunes a viernes. Consulte el horario en direcci\u00f3n sur mencionado anteriormente para conocer los horarios espec\u00edficos de los trenes. SunRail no opera los siguientes d\u00edas festivos: A\u00f1o Nuevo, D\u00eda de los Ca\u00eddos, D\u00eda de la Independencia, D\u00eda del Trabajo, D\u00eda de Acci\u00f3n de Gracias, Navidad. Llegue 20 minutos antes. Llegue a la estaci\u00f3n 20 minutos antes de su hora de salida programada, ya que\u2026<\/p>","protected":false},"author":6,"featured_media":0,"parent":14704,"menu_order":3,"comment_status":"closed","ping_status":"closed","template":"page-schedule.php","meta":{"_acf_changed":false,"footnotes":""},"class_list":{"2":"type-page"},"acf":[],"yoast_head":"<!-- This site is optimized with the Yoast SEO plugin v27.2 - https:\/\/yoast.com\/product\/yoast-seo-wordpress\/ -->\n<title>Southbound Schedule - SunRail<\/title>\n<meta name=\"description\" content=\"Providing southbound morning, mid-day, and evening train times, from the SunRail DeBary Station down to the SunRail Poinciana Station.\" \/>\n<meta name=\"robots\" content=\"index, follow, max-snippet:-1, max-image-preview:large, max-video-preview:-1\" \/>\n<link rel=\"canonical\" href=\"https:\/\/sunrail.com\/es\/maps-schedules\/southbound-schedule\/\" \/>\n<meta property=\"og:locale\" content=\"es_ES\" \/>\n<meta property=\"og:type\" content=\"article\" \/>\n<meta property=\"og:title\" content=\"Southbound Schedule - SunRail\" \/>\n<meta property=\"og:description\" content=\"Providing southbound morning, mid-day, and evening train times, from the SunRail DeBary Station down to the SunRail Poinciana Station.\" \/>\n<meta property=\"og:url\" content=\"https:\/\/sunrail.com\/es\/maps-schedules\/southbound-schedule\/\" \/>\n<meta property=\"og:site_name\" content=\"SunRail\" \/>\n<meta property=\"article:publisher\" content=\"https:\/\/www.facebook.com\/RideSunRail\" \/>\n<meta property=\"article:modified_time\" content=\"2026-03-28T23:49:56+00:00\" \/>\n<meta name=\"twitter:card\" content=\"summary_large_image\" \/>\n<meta name=\"twitter:site\" content=\"@ridesunrail\" \/>\n<meta name=\"twitter:label1\" content=\"Est. reading time\" \/>\n\t<meta name=\"twitter:data1\" content=\"1 minute\" \/>\n<script type=\"application\/ld+json\" class=\"yoast-schema-graph\">{\"@context\":\"https:\/\/schema.org\",\"@graph\":[{\"@type\":\"WebPage\",\"@id\":\"https:\/\/sunrail.com\/maps-schedules\/southbound-schedule\/\",\"url\":\"https:\/\/sunrail.com\/maps-schedules\/southbound-schedule\/\",\"name\":\"Southbound Schedule - SunRail\",\"isPartOf\":{\"@id\":\"https:\/\/sunrail.com\/#website\"},\"datePublished\":\"2023-12-04T18:33:58+00:00\",\"dateModified\":\"2026-03-28T23:49:56+00:00\",\"description\":\"Providing southbound morning, mid-day, and evening train times, from the SunRail DeBary Station down to the SunRail Poinciana Station.\",\"breadcrumb\":{\"@id\":\"https:\/\/sunrail.com\/maps-schedules\/southbound-schedule\/#breadcrumb\"},\"inLanguage\":\"es-CO\",\"potentialAction\":[{\"@type\":\"ReadAction\",\"target\":[\"https:\/\/sunrail.com\/maps-schedules\/southbound-schedule\/\"]}]},{\"@type\":\"BreadcrumbList\",\"@id\":\"https:\/\/sunrail.com\/maps-schedules\/southbound-schedule\/#breadcrumb\",\"itemListElement\":[{\"@type\":\"ListItem\",\"position\":1,\"name\":\"Home\",\"item\":\"https:\/\/sunrail.com\/\"},{\"@type\":\"ListItem\",\"position\":2,\"name\":\"Maps &amp; Schedules\",\"item\":\"https:\/\/sunrail.com\/maps-schedules\/\"},{\"@type\":\"ListItem\",\"position\":3,\"name\":\"Southbound Schedule\"}]},{\"@type\":\"WebSite\",\"@id\":\"https:\/\/sunrail.com\/#website\",\"url\":\"https:\/\/sunrail.com\/\",\"name\":\"SunRail\",\"description\":\"Connecting Communities\",\"publisher\":{\"@id\":\"https:\/\/sunrail.com\/#organization\"},\"potentialAction\":[{\"@type\":\"SearchAction\",\"target\":{\"@type\":\"EntryPoint\",\"urlTemplate\":\"https:\/\/sunrail.com\/?s={search_term_string}\"},\"query-input\":{\"@type\":\"PropertyValueSpecification\",\"valueRequired\":true,\"valueName\":\"search_term_string\"}}],\"inLanguage\":\"es-CO\"},{\"@type\":\"Organization\",\"@id\":\"https:\/\/sunrail.com\/#organization\",\"name\":\"SunRail\",\"url\":\"https:\/\/sunrail.com\/\",\"logo\":{\"@type\":\"ImageObject\",\"inLanguage\":\"es-CO\",\"@id\":\"https:\/\/sunrail.com\/#\/schema\/logo\/image\/\",\"url\":\"https:\/\/sunrail.com\/wp-content\/uploads\/2015\/08\/sunrail-logo.jpg\",\"contentUrl\":\"https:\/\/sunrail.com\/wp-content\/uploads\/2015\/08\/sunrail-logo.jpg\",\"width\":289,\"height\":250,\"caption\":\"SunRail\"},\"image\":{\"@id\":\"https:\/\/sunrail.com\/#\/schema\/logo\/image\/\"},\"sameAs\":[\"https:\/\/www.facebook.com\/RideSunRail\",\"https:\/\/x.com\/ridesunrail\",\"https:\/\/instagram.com\/ridesunrail\/\",\"https:\/\/www.youtube.com\/user\/ridesunrail\"]}]}<\/script>\n<!-- \/ Yoast SEO plugin. -->","yoast_head_json":{"title":"Horarios en direcci\u00f3n sur - SunRail","description":"Proporcionamos horarios de trenes en direcci\u00f3n sur por la ma\u00f1ana, al mediod\u00eda y por la noche, desde la estaci\u00f3n SunRail DeBary hasta la estaci\u00f3n SunRail Poinciana.","robots":{"index":"index","follow":"follow","max-snippet":"max-snippet:-1","max-image-preview":"max-image-preview:large","max-video-preview":"max-video-preview:-1"},"canonical":"https:\/\/sunrail.com\/es\/maps-schedules\/southbound-schedule\/","og_locale":"es_ES","og_type":"article","og_title":"Southbound Schedule - SunRail","og_description":"Providing southbound morning, mid-day, and evening train times, from the SunRail DeBary Station down to the SunRail Poinciana Station.","og_url":"https:\/\/sunrail.com\/es\/maps-schedules\/southbound-schedule\/","og_site_name":"SunRail","article_publisher":"https:\/\/www.facebook.com\/RideSunRail","article_modified_time":"2026-03-28T23:49:56+00:00","twitter_card":"summary_large_image","twitter_site":"@ridesunrail","twitter_misc":{"Est. reading time":"1 minute"},"schema":{"@context":"https:\/\/schema.org","@graph":[{"@type":"WebPage","@id":"https:\/\/sunrail.com\/maps-schedules\/southbound-schedule\/","url":"https:\/\/sunrail.com\/maps-schedules\/southbound-schedule\/","name":"Horarios en direcci\u00f3n sur - SunRail","isPartOf":{"@id":"https:\/\/sunrail.com\/#website"},"datePublished":"2023-12-04T18:33:58+00:00","dateModified":"2026-03-28T23:49:56+00:00","description":"Proporcionamos horarios de trenes en direcci\u00f3n sur por la ma\u00f1ana, al mediod\u00eda y por la noche, desde la estaci\u00f3n SunRail DeBary hasta la estaci\u00f3n SunRail Poinciana.","breadcrumb":{"@id":"https:\/\/sunrail.com\/maps-schedules\/southbound-schedule\/#breadcrumb"},"inLanguage":"es-CO","potentialAction":[{"@type":"ReadAction","target":["https:\/\/sunrail.com\/maps-schedules\/southbound-schedule\/"]}]},{"@type":"BreadcrumbList","@id":"https:\/\/sunrail.com\/maps-schedules\/southbound-schedule\/#breadcrumb","itemListElement":[{"@type":"ListItem","position":1,"name":"Home","item":"https:\/\/sunrail.com\/"},{"@type":"ListItem","position":2,"name":"Maps &amp; Schedules","item":"https:\/\/sunrail.com\/maps-schedules\/"},{"@type":"ListItem","position":3,"name":"Southbound Schedule"}]},{"@type":"WebSite","@id":"https:\/\/sunrail.com\/#website","url":"https:\/\/sunrail.com\/","name":"SunRail","description":"Conectando comunidades","publisher":{"@id":"https:\/\/sunrail.com\/#organization"},"potentialAction":[{"@type":"SearchAction","target":{"@type":"EntryPoint","urlTemplate":"https:\/\/sunrail.com\/?s={search_term_string}"},"query-input":{"@type":"PropertyValueSpecification","valueRequired":true,"valueName":"search_term_string"}}],"inLanguage":"es-CO"},{"@type":"Organization","@id":"https:\/\/sunrail.com\/#organization","name":"SunRail","url":"https:\/\/sunrail.com\/","logo":{"@type":"ImageObject","inLanguage":"es-CO","@id":"https:\/\/sunrail.com\/#\/schema\/logo\/image\/","url":"https:\/\/sunrail.com\/wp-content\/uploads\/2015\/08\/sunrail-logo.jpg","contentUrl":"https:\/\/sunrail.com\/wp-content\/uploads\/2015\/08\/sunrail-logo.jpg","width":289,"height":250,"caption":"SunRail"},"image":{"@id":"https:\/\/sunrail.com\/#\/schema\/logo\/image\/"},"sameAs":["https:\/\/www.facebook.com\/RideSunRail","https:\/\/x.com\/ridesunrail","https:\/\/instagram.com\/ridesunrail\/","https:\/\/www.youtube.com\/user\/ridesunrail"]}]}},"_links":{"self":[{"href":"https:\/\/sunrail.com\/es\/wp-json\/wp\/v2\/pages\/14707","targetHints":{"allow":["GET"]}}],"collection":[{"href":"https:\/\/sunrail.com\/es\/wp-json\/wp\/v2\/pages"}],"about":[{"href":"https:\/\/sunrail.com\/es\/wp-json\/wp\/v2\/types\/page"}],"author":[{"embeddable":true,"href":"https:\/\/sunrail.com\/es\/wp-json\/wp\/v2\/users\/6"}],"replies":[{"embeddable":true,"href":"https:\/\/sunrail.com\/es\/wp-json\/wp\/v2\/comments?post=14707"}],"version-history":[{"count":3,"href":"https:\/\/sunrail.com\/es\/wp-json\/wp\/v2\/pages\/14707\/revisions"}],"predecessor-version":[{"id":21428,"href":"https:\/\/sunrail.com\/es\/wp-json\/wp\/v2\/pages\/14707\/revisions\/21428"}],"up":[{"embeddable":true,"href":"https:\/\/sunrail.com\/es\/wp-json\/wp\/v2\/pages\/14704"}],"wp:attachment":[{"href":"https:\/\/sunrail.com\/es\/wp-json\/wp\/v2\/media?parent=14707"}],"curies":[{"name":"wp","href":"https:\/\/api.w.org\/{rel}","templated":true}]}}