{"id":14721,"date":"2023-12-04T19:10:40","date_gmt":"2023-12-04T19:10:40","guid":{"rendered":"https:\/\/sunrail.com\/?page_id=14721"},"modified":"2026-04-01T04:01:06","modified_gmt":"2026-04-01T08:01:06","slug":"sunrail-alerts","status":"publish","type":"page","link":"https:\/\/sunrail.com\/es\/riding-sunrail\/sunrail-alerts\/","title":{"rendered":"Alertas de SunRail"},"content":{"rendered":"<div class=\"wp-block-group alignwide title-area is-layout-constrained wp-block-group-is-layout-constrained\">\n<div class=\"wp-block-group entry-section is-layout-constrained wp-block-group-is-layout-constrained\">\n<h1 class=\"wp-block-heading has-text-align-center\">La aplicaci\u00f3n SunRail Alerts ha sido retirada<\/h1>\n\n\n\n<p class=\"has-text-align-center has-x-large-font-size\">La aplicaci\u00f3n SunRail Alerts (icono amarillo) se ha retirado oficialmente y ya no est\u00e1 disponible para descargar. SunRail ha finalizado todas las actualizaciones y el soporte para la aplicaci\u00f3n. Si tiene alguna pregunta, comun\u00edquese con el servicio de atenci\u00f3n al cliente de SunRail.<\/p>\n\n\n\n<div class=\"wp-block-buttons is-content-justification-center is-layout-flex wp-container-core-buttons-is-layout-a89b3969 wp-block-buttons-is-layout-flex\">\n<div class=\"wp-block-button\"><a class=\"wp-block-button__link has-text-align-center wp-element-button\" href=\"\/es\/help-center\/customer-service\/\">Contactar Servicio al Cliente<\/a><\/div>\n<\/div>\n<\/div>\n<\/div>\n\n\n\n<div style=\"height:24px\" aria-hidden=\"true\" class=\"wp-block-spacer\"><\/div>\n\n\n\n<div style=\"height:36px\" aria-hidden=\"true\" class=\"wp-block-spacer\"><\/div>\n\n\n\n<div id=\"download\" class=\"wp-block-group article-callout is-layout-constrained wp-block-group-is-layout-constrained\">\n<div class=\"wp-block-columns wp-block-columns-has-3 has-primary-aqua-ada-10-background-color has-background is-layout-flex wp-container-core-columns-is-layout-28f84493 wp-block-columns wp-block-columns-has-3-is-layout-flex\">\n<div class=\"wp-block-column is-layout-flow wp-block-column-is-layout-flow\"><\/div>\n\n\n\n<div class=\"wp-block-column is-layout-flow wp-block-column-is-layout-flow\" style=\"flex-basis:66%\">\n<figure class=\"wp-block-image aligncenter size-full is-resized\"><img loading=\"lazy\" decoding=\"async\" width=\"272\" height=\"273\" src=\"https:\/\/stage.sunrail.com\/wp-content\/uploads\/2015\/08\/sunrail-mobile-app-icon.webp\" alt=\"SunRail Mobile App Icon\" class=\"wp-image-16784\" style=\"width:136px\" title=\"Icono de la aplicaci\u00f3n SunRail\" srcset=\"https:\/\/sunrail.com\/wp-content\/uploads\/2015\/08\/sunrail-mobile-app-icon.webp 272w, https:\/\/sunrail.com\/wp-content\/uploads\/2015\/08\/sunrail-mobile-app-icon-150x150.webp 150w, https:\/\/sunrail.com\/wp-content\/uploads\/2015\/08\/sunrail-mobile-app-icon-12x12.webp 12w\" sizes=\"auto, (max-width: 272px) 100vw, 272px\" \/><\/figure>\n\n\n\n<div style=\"height:24px\" aria-hidden=\"true\" class=\"wp-block-spacer\"><\/div>\n\n\n\n<h2 class=\"wp-block-heading has-text-align-center has-primary-navy-blue-color has-text-color\">Las alertas de servicio de SunRail se han movido<\/h2>\n\n\n\n<p class=\"has-text-align-center has-secondary-aqua-3-color has-text-color has-link-color has-x-large-font-size wp-elements-bc33dc568a8c295fe8d94f1a41b7698e\">\u00a1Hemos optimizado tu experiencia en una aplicaci\u00f3n sencilla y f\u00e1cil de usar! La aplicaci\u00f3n m\u00f3vil de boletos SunRail ahora incluye notificaciones de alerta en tiempo real, as\u00ed que no necesitas una aplicaci\u00f3n aparte. Obt\u00e9n todo en un solo lugar: estado del tren, planificaci\u00f3n de viajes, gesti\u00f3n de la SunCard y, ahora, alertas de servicio, todo desde tu aplicaci\u00f3n m\u00f3vil de boletos.<\/p>\n\n\n\n<h3 class=\"wp-block-heading has-text-align-center has-x-large-font-size\"><a href=\"\/es\/fares-passes\/mobile-tickets\/\">Explora las caracter\u00edsticas<\/a><\/h3>\n\n\n\n<div style=\"height:36px\" aria-hidden=\"true\" class=\"wp-block-spacer\"><\/div>\n\n\n\n<div class=\"wp-block-columns wp-block-columns-has-3 wp-block-columns wp-block-columns-has-3-has-4 are-vertically-aligned-center is-layout-flex wp-container-core-columns-is-layout-28f84493 wp-block-columns wp-block-columns-has-3 wp-block-columns wp-block-columns-has-3-has-4-is-layout-flex\">\n<div class=\"wp-block-column is-vertically-aligned-center is-layout-flow wp-block-column-is-layout-flow\"><\/div>\n\n\n\n<div class=\"wp-block-column is-vertically-aligned-center is-layout-flow wp-block-column-is-layout-flow\">\n<figure class=\"wp-block-image aligncenter size-large is-resized\"><a href=\"https:\/\/play.google.com\/store\/apps\/details?id=com.fdot.sunrail.mobiletickets&amp;hl=en&amp;gl=US\" target=\"_blank\" rel=\"noreferrer noopener\"><img loading=\"lazy\" decoding=\"async\" width=\"135\" height=\"40\" src=\"https:\/\/stage.sunrail.com\/wp-content\/uploads\/2015\/08\/google-play-badge.svg\" alt=\"Get It On Google Play - Badge\" class=\"wp-image-15922\" style=\"width:135px\"\/><\/a><\/figure>\n<\/div>\n\n\n\n<div class=\"wp-block-column is-vertically-aligned-center is-layout-flow wp-block-column-is-layout-flow\">\n<figure class=\"wp-block-image aligncenter size-large is-resized\"><a href=\"https:\/\/apps.apple.com\/us\/app\/sunrail-mobile\/id6449265958\" target=\"_blank\" rel=\"noreferrer noopener\"><img loading=\"lazy\" decoding=\"async\" width=\"135\" height=\"40\" src=\"https:\/\/stage.sunrail.com\/wp-content\/uploads\/2015\/08\/apple-app-store-badge-1-1.svg\" alt=\"Download on the App Store - Badge\" class=\"wp-image-16785\" style=\"width:135px\"\/><\/a><\/figure>\n<\/div>\n\n\n\n<div class=\"wp-block-column is-vertically-aligned-center is-layout-flow wp-block-column-is-layout-flow\"><\/div>\n<\/div>\n\n\n\n<div style=\"height:60px\" aria-hidden=\"true\" class=\"wp-block-spacer\"><\/div>\n\n\n\n<p class=\"has-text-align-center has-monotone-gray-2-color has-text-color has-link-color has-x-small-font-size wp-elements-0a2d40a6ed2054e29636950fd423019e\">App Store es una marca de servicio de Apple Inc., registrada en EE. UU. y otros pa\u00edses. Google Play y el logotipo de Google Play son marcas comerciales de Google LLC. *Tenga en cuenta que todos los tiempos de demora son estimados y est\u00e1n sujetos a cambios seg\u00fan el incidente.<\/p>\n<\/div>\n\n\n\n<div class=\"wp-block-column is-layout-flow wp-block-column-is-layout-flow\"><\/div>\n<\/div>\n<\/div>\n\n\n\n<div class=\"wp-block-group alignfull footer-cta is-layout-constrained wp-block-group-is-layout-constrained\">\n<div class=\"wp-block-columns wp-block-columns-has-3 is-layout-flex wp-container-core-columns-is-layout-28f84493 wp-block-columns wp-block-columns-has-3-is-layout-flex\">\n<div class=\"wp-block-column is-layout-flow wp-block-column-is-layout-flow\"><div class=\"wp-block-safe-svg-svg-icon safe-svg-cover\" style=\"text-align: center;\">\n\t\t\t\t<div class=\"safe-svg-inside safe-svg-inline\" style=\"width: 72px; height: 72px; background-color: var(--wp--preset--color--); color: var(--wp--preset--color--); padding-top: ; padding-right: ; padding-bottom: ; padding-left: ; margin-top: ; margin-right: ; margin-bottom: ; margin-left: ;\"><?xml version=\"1.0\" encoding=\"UTF-8\"?> <svg xmlns=\"http:\/\/www.w3.org\/2000\/svg\" width=\"72\" height=\"72\" viewbox=\"0 0 72 72\" fill=\"none\"><path fill-rule=\"evenodd\" clip-rule=\"evenodd\" d=\"M46.1539 8.30769H25.8462C23.2972 8.30769 21.2308 10.3741 21.2308 12.9231V59.0769C21.2308 61.6259 23.2972 63.6923 25.8462 63.6923H46.1539C48.7029 63.6923 50.7692 61.6259 50.7692 59.0769V12.9231C50.7692 10.3741 48.7029 8.30769 46.1539 8.30769ZM25.8462 5.53846C21.7678 5.53846 18.4615 8.84467 18.4615 12.9231V59.0769C18.4615 63.1553 21.7678 66.4615 25.8462 66.4615H46.1539C50.2323 66.4615 53.5385 63.1553 53.5385 59.0769V12.9231C53.5385 8.84467 50.2323 5.53846 46.1539 5.53846H25.8462Z\" fill=\"#848F94\"><\/path><path d=\"M31.3846 12.0063C31.3846 10.9867 32.2112 10.1601 33.2308 10.1601H38.7692C39.7888 10.1601 40.6154 10.9867 40.6154 12.0063C40.6154 13.0259 39.7888 13.8524 38.7692 13.8524H33.2308C32.2112 13.8524 31.3846 13.0259 31.3846 12.0063Z\" fill=\"#848F94\"><\/path><\/svg> <\/div>\n\t\t\t<\/div>\n\n\n<p class=\"has-text-align-center has-primary-navy-blue-color has-text-color has-heading-font-family\"><strong><strong>Aplicaci\u00f3n m\u00f3vil de venta de entradas<\/strong><\/strong><\/p>\n\n\n\n<p class=\"has-text-align-center has-monotone-gray-3-color has-text-color\">Disfrute de una aplicaci\u00f3n tan conveniente que pr\u00e1cticamente pone la conexi\u00f3n de las comunidades de Florida Central al alcance de su mano.<\/p>\n\n\n\n<p class=\"has-text-align-center\"><a href=\"\/es\/fares-passes\/mobile-tickets\/\">Aprende M\u00e1s<\/a><\/p>\n<\/div>\n\n\n\n<div class=\"wp-block-column is-layout-flow wp-block-column-is-layout-flow\"><div class=\"wp-block-safe-svg-svg-icon safe-svg-cover\" style=\"text-align: center;\">\n\t\t\t\t<div class=\"safe-svg-inside safe-svg-inline\" style=\"width: 72px; height: 72px; background-color: var(--wp--preset--color--); color: var(--wp--preset--color--); padding-top: ; padding-right: ; padding-bottom: ; padding-left: ; margin-top: ; margin-right: ; margin-bottom: ; margin-left: ;\"><?xml version=\"1.0\" encoding=\"UTF-8\"?> <svg xmlns=\"http:\/\/www.w3.org\/2000\/svg\" width=\"72\" height=\"72\" viewbox=\"0 0 72 72\" fill=\"none\"><path fill-rule=\"evenodd\" clip-rule=\"evenodd\" d=\"M21.6229 12.2264C21.6229 11.2068 22.4494 10.3802 23.469 10.3802C24.4886 10.3802 25.3152 11.2068 25.3152 12.2264V14.207H41.6732V12.2264C41.6732 11.2068 42.4998 10.3802 43.5194 10.3802C44.539 10.3802 45.3655 11.2068 45.3655 12.2264V14.207H49.1863C54.0294 14.207 57.9555 18.1331 57.9555 22.9762V33.0071C57.9555 33.7718 57.3356 34.3917 56.5709 34.3917C55.8062 34.3917 55.1863 33.7718 55.1863 33.0071V29.1675H11.8017V46.9762C11.8017 50.29 14.488 52.9762 17.8017 52.9762H33.494C34.2587 52.9762 34.8786 53.5962 34.8786 54.3609C34.8786 55.1256 34.2587 55.7455 33.494 55.7455H17.8017C12.9586 55.7455 9.03244 51.8194 9.03244 46.9762V22.9762C9.03244 18.1331 12.9586 14.207 17.8017 14.207H21.6229V12.2264ZM41.6732 16.9762V21.4571C41.6732 22.4767 42.4998 23.3033 43.5194 23.3033C44.539 23.3033 45.3655 22.4767 45.3655 21.4571V16.9762H49.1863C52.5 16.9762 55.1863 19.6625 55.1863 22.9762V26.3982H11.8017V22.9762C11.8017 19.6625 14.488 16.9762 17.8017 16.9762H21.6229V21.4571C21.6229 22.4767 22.4494 23.3033 23.469 23.3033C24.4886 23.3033 25.3152 22.4767 25.3152 21.4571V16.9762H41.6732Z\" fill=\"#848F94\"><\/path><path d=\"M48.8158 41.5001V48.7279C48.8158 49.0951 48.9617 49.4473 49.2213 49.707L53.8734 54.3591L55.8316 52.4009L51.585 48.1544V41.5001H48.8158Z\" fill=\"#848F94\"><\/path><path fill-rule=\"evenodd\" clip-rule=\"evenodd\" d=\"M62.9675 48.8224C62.9675 55.8902 57.238 61.6197 50.1702 61.6197C43.1024 61.6197 37.3729 55.8902 37.3729 48.8224C37.3729 41.7546 43.1024 36.0251 50.1702 36.0251C57.238 36.0251 62.9675 41.7546 62.9675 48.8224ZM60.1983 48.8224C60.1983 54.3608 55.7086 58.8505 50.1702 58.8505C44.6318 58.8505 40.1421 54.3608 40.1421 48.8224C40.1421 43.284 44.6318 38.7943 50.1702 38.7943C55.7086 38.7943 60.1983 43.284 60.1983 48.8224Z\" fill=\"#848F94\"><\/path><\/svg> <\/div>\n\t\t\t<\/div>\n\n\n<p class=\"has-text-align-center has-primary-navy-blue-color has-text-color has-heading-font-family\"><strong>Horarios de SunRail<\/strong><\/p>\n\n\n\n<p class=\"has-text-align-center has-monotone-gray-3-color has-text-color\">SunRail ofrece horarios de servicio convenientes durante todo el d\u00eda, con paradas programadas cada 30 minutos durante las horas pico.&nbsp;<\/p>\n\n\n\n<p class=\"has-text-align-center\"><a href=\"\/es\/maps-schedules\/\">Ver horarios<\/a><\/p>\n<\/div>\n\n\n\n<div class=\"wp-block-column is-layout-flow wp-block-column-is-layout-flow\"><div class=\"wp-block-safe-svg-svg-icon safe-svg-cover\" style=\"text-align: center;\">\n\t\t\t\t<div class=\"safe-svg-inside safe-svg-inline\" style=\"width: 72px; height: 72px; background-color: var(--wp--preset--color--); color: var(--wp--preset--color--); padding-top: ; padding-right: ; padding-bottom: ; padding-left: ; margin-top: ; margin-right: ; margin-bottom: ; margin-left: ;\"><?xml version=\"1.0\" encoding=\"UTF-8\"?> <svg xmlns=\"http:\/\/www.w3.org\/2000\/svg\" width=\"72\" height=\"72\" viewbox=\"0 0 72 72\" fill=\"none\"><g clip-path=\"url(#clip0_2933_16825)\"><path d=\"M29.3631 38.8246C28.3846 38.8246 27.5815 39.6185 27.5815 40.6062C27.5815 41.5938 28.3754 42.3877 29.3631 42.3877C30.3508 42.3877 31.1446 41.5938 31.1446 40.6062C31.1446 39.6185 30.3508 38.8246 29.3631 38.8246Z\" fill=\"#848F94\"><\/path><path d=\"M33.1015 23.6585H28.9477C27.8924 23.6585 27.0369 24.5139 27.0369 25.5692V30.7938C27.0369 31.8491 27.8924 32.7046 28.9477 32.7046H33.1015C34.1568 32.7046 35.0123 31.8491 35.0123 30.7938V25.5692C35.0123 24.5139 34.1568 23.6585 33.1015 23.6585Z\" fill=\"#848F94\"><\/path><path d=\"M44.5384 40.5969C44.5384 39.6185 43.7446 38.8154 42.7569 38.8154C41.7692 38.8154 40.9754 39.6092 40.9754 40.5969C40.9754 41.5846 41.7692 42.3785 42.7569 42.3785C43.7446 42.3785 44.5384 41.5846 44.5384 40.5969Z\" fill=\"#848F94\"><\/path><path d=\"M43.1908 23.6585H39.0369C37.9816 23.6585 37.1262 24.5139 37.1262 25.5692V30.7938C37.1262 31.8491 37.9816 32.7046 39.0369 32.7046H43.1908C44.2461 32.7046 45.1015 31.8491 45.1015 30.7938V25.5692C45.1015 24.5139 44.2461 23.6585 43.1908 23.6585Z\" fill=\"#848F94\"><\/path><path d=\"M58.6338 13.3477C54.2677 11.0585 45.5354 7.20923 36.0646 7.20923C26.5938 7.20923 17.8615 11.0585 13.5046 13.3477C11.4369 14.4369 10.1538 16.5508 10.1538 18.8769V20.4277V27.7015C10.1538 42.2123 16.5138 51.4892 22.8923 57.1015C26.0677 59.8985 29.2431 61.7815 31.6246 62.9631C32.8154 63.5538 33.8123 63.9785 34.5231 64.2554C34.8738 64.3938 36.0831 64.7908 36.0831 64.7908C36.0831 64.7908 37.2831 64.3938 37.6431 64.2554C38.3446 63.9785 39.3415 63.5631 40.5415 62.9631C42.9231 61.7723 46.0985 59.8892 49.2738 57.0923C55.6523 51.48 62.0123 42.2123 62.0123 27.7015V22.2646V18.8769C62.0123 16.5508 60.7292 14.4369 58.6615 13.3477H58.6338ZM39.2769 60.48C38.1692 61.0338 37.2461 61.4215 36.6092 61.6708C36.3877 61.7538 36.2031 61.8277 36.0554 61.8738C35.9077 61.8185 35.7231 61.7538 35.5015 61.6708C34.8646 61.4215 33.9415 61.0338 32.8338 60.48C31.7631 59.9446 30.5261 59.2615 29.1969 58.4031H42.8954C41.5661 59.2615 40.3292 59.9446 39.2585 60.48H39.2769ZM27.6738 55.6338L28.9477 52.7723H43.1815L44.4554 55.6338H27.6738ZM28.1908 45.1108C26.0492 45.1108 24.3231 43.3754 24.3231 41.2431V23.4369C24.3231 21.2954 26.0585 19.5692 28.1908 19.5692H43.9569C46.0985 19.5692 47.8338 21.3046 47.8338 23.4369V41.2431C47.8338 43.3846 46.0985 45.1108 43.9569 45.1108H28.1908ZM41.9446 50.0031H30.1846L31.1261 47.88H41.0031L41.9446 50.0031ZM59.2154 19.2V27.7015C59.2154 41.28 53.3077 49.8369 47.4185 55.0154C47.3723 55.0615 47.3169 55.0985 47.2708 55.1446L44.04 47.8892C47.6677 47.8431 50.6031 44.8892 50.6031 41.2523V23.4462C50.6031 19.7815 47.6308 16.8092 43.9569 16.8092H28.1908C24.5261 16.8092 21.5538 19.7815 21.5538 23.4462V41.2523C21.5538 44.8892 24.48 47.8431 28.1077 47.8892L24.8677 55.1538C24.8215 55.1077 24.7661 55.0708 24.72 55.0246C18.8308 49.8462 12.9231 41.2892 12.9231 27.7108V22.2738V18.8862C12.9231 17.5938 13.6431 16.4123 14.7877 15.8123C18.9231 13.6338 27.1938 9.98769 36.0646 9.98769C44.9354 9.98769 53.2061 13.6338 57.3415 15.8123C58.4954 16.4215 59.2061 17.5938 59.2061 18.8862V19.2092L59.2154 19.2Z\" fill=\"#848F94\"><\/path><\/g><defs><clippath id=\"clip0_2933_16825\"><rect width=\"51.8308\" height=\"57.5815\" fill=\"white\" transform=\"translate(10.1538 7.20923)\"><\/rect><\/clippath><\/defs><\/svg> <\/div>\n\t\t\t<\/div>\n\n\n<p class=\"has-text-align-center has-primary-navy-blue-color has-text-color has-heading-font-family\"><strong>Seguridad Primero<\/strong><\/p>\n\n\n\n<p class=\"has-text-align-center has-monotone-gray-3-color has-text-color\">Priorice la seguridad alrededor de las v\u00edas de SunRail: mant\u00e9ngase alejado de los cruces y respete la propiedad ferroviaria para el bienestar de todos.<\/p>\n\n\n\n<p class=\"has-text-align-center\"><a href=\"\/es\/riding-sunrail\/rail-safety\/\" data-type=\"page\" data-id=\"14718\">Explorar la seguridad ferroviaria<\/a><\/p>\n<\/div>\n<\/div>\n<\/div>","protected":false},"excerpt":{"rendered":"<p>La aplicaci\u00f3n SunRail Alerts ha sido retirada. La aplicaci\u00f3n SunRail Alerts (\u00edcono amarillo) ha sido retirada oficialmente y ya no est\u00e1 disponible para su descarga. SunRail ha finalizado todas las actualizaciones y el soporte t\u00e9cnico de la aplicaci\u00f3n. Si tiene alguna pregunta, p\u00f3ngase en contacto con el servicio de atenci\u00f3n al cliente de SunRail. Las alertas de servicio de SunRail se han trasladado. Hemos simplificado su experiencia en una sola\u2026<\/p>","protected":false},"author":6,"featured_media":0,"parent":14715,"menu_order":7,"comment_status":"closed","ping_status":"closed","template":"","meta":{"_acf_changed":false,"footnotes":""},"class_list":{"2":"type-page"},"acf":[],"yoast_head":"<!-- This site is optimized with the Yoast SEO plugin v27.2 - https:\/\/yoast.com\/product\/yoast-seo-wordpress\/ -->\n<title>SunRail Alerts - SunRail<\/title>\n<meta name=\"description\" content=\"Enjoy the opportunity to experience SunRail in the palm of your hand. A mobile app so convenient, it virtually puts connecting to Central Florida communities at the tip of your finger.\" \/>\n<meta name=\"robots\" content=\"index, follow, max-snippet:-1, max-image-preview:large, max-video-preview:-1\" \/>\n<link rel=\"canonical\" href=\"https:\/\/sunrail.com\/es\/riding-sunrail\/sunrail-alerts\/\" \/>\n<meta property=\"og:locale\" content=\"es_ES\" \/>\n<meta property=\"og:type\" content=\"article\" \/>\n<meta property=\"og:title\" content=\"SunRail Alerts - SunRail\" \/>\n<meta property=\"og:description\" content=\"Enjoy the opportunity to experience SunRail in the palm of your hand. A mobile app so convenient, it virtually puts connecting to Central Florida communities at the tip of your finger.\" \/>\n<meta property=\"og:url\" content=\"https:\/\/sunrail.com\/es\/riding-sunrail\/sunrail-alerts\/\" \/>\n<meta property=\"og:site_name\" content=\"SunRail\" \/>\n<meta property=\"article:publisher\" content=\"https:\/\/www.facebook.com\/RideSunRail\" \/>\n<meta property=\"article:modified_time\" content=\"2026-04-01T08:01:06+00:00\" \/>\n<meta property=\"og:image\" content=\"https:\/\/sunrail.com\/wp-content\/uploads\/2015\/08\/sunrail-mobile-app-icon.webp\" \/>\n\t<meta property=\"og:image:width\" content=\"272\" \/>\n\t<meta property=\"og:image:height\" content=\"273\" \/>\n\t<meta property=\"og:image:type\" content=\"image\/webp\" \/>\n<meta name=\"twitter:card\" content=\"summary_large_image\" \/>\n<meta name=\"twitter:site\" content=\"@ridesunrail\" \/>\n<meta name=\"twitter:label1\" content=\"Est. reading time\" \/>\n\t<meta name=\"twitter:data1\" content=\"5 minutes\" \/>\n<script type=\"application\/ld+json\" class=\"yoast-schema-graph\">{\"@context\":\"https:\/\/schema.org\",\"@graph\":[{\"@type\":\"WebPage\",\"@id\":\"https:\/\/sunrail.com\/riding-sunrail\/sunrail-alerts\/\",\"url\":\"https:\/\/sunrail.com\/riding-sunrail\/sunrail-alerts\/\",\"name\":\"SunRail Alerts - SunRail\",\"isPartOf\":{\"@id\":\"https:\/\/sunrail.com\/#website\"},\"primaryImageOfPage\":{\"@id\":\"https:\/\/sunrail.com\/riding-sunrail\/sunrail-alerts\/#primaryimage\"},\"image\":{\"@id\":\"https:\/\/sunrail.com\/riding-sunrail\/sunrail-alerts\/#primaryimage\"},\"thumbnailUrl\":\"https:\/\/stage.sunrail.com\/wp-content\/uploads\/2015\/08\/sunrail-mobile-app-icon.webp\",\"datePublished\":\"2023-12-04T19:10:40+00:00\",\"dateModified\":\"2026-04-01T08:01:06+00:00\",\"description\":\"Enjoy the opportunity to experience SunRail in the palm of your hand. A mobile app so convenient, it virtually puts connecting to Central Florida communities at the tip of your finger.\",\"breadcrumb\":{\"@id\":\"https:\/\/sunrail.com\/riding-sunrail\/sunrail-alerts\/#breadcrumb\"},\"inLanguage\":\"es-CO\",\"potentialAction\":[{\"@type\":\"ReadAction\",\"target\":[\"https:\/\/sunrail.com\/riding-sunrail\/sunrail-alerts\/\"]}]},{\"@type\":\"ImageObject\",\"inLanguage\":\"es-CO\",\"@id\":\"https:\/\/sunrail.com\/riding-sunrail\/sunrail-alerts\/#primaryimage\",\"url\":\"https:\/\/stage.sunrail.com\/wp-content\/uploads\/2015\/08\/sunrail-mobile-app-icon.webp\",\"contentUrl\":\"https:\/\/stage.sunrail.com\/wp-content\/uploads\/2015\/08\/sunrail-mobile-app-icon.webp\"},{\"@type\":\"BreadcrumbList\",\"@id\":\"https:\/\/sunrail.com\/riding-sunrail\/sunrail-alerts\/#breadcrumb\",\"itemListElement\":[{\"@type\":\"ListItem\",\"position\":1,\"name\":\"Home\",\"item\":\"https:\/\/sunrail.com\/\"},{\"@type\":\"ListItem\",\"position\":2,\"name\":\"Riding SunRail\",\"item\":\"https:\/\/sunrail.com\/riding-sunrail\/\"},{\"@type\":\"ListItem\",\"position\":3,\"name\":\"SunRail Alerts\"}]},{\"@type\":\"WebSite\",\"@id\":\"https:\/\/sunrail.com\/#website\",\"url\":\"https:\/\/sunrail.com\/\",\"name\":\"SunRail\",\"description\":\"Connecting Communities\",\"publisher\":{\"@id\":\"https:\/\/sunrail.com\/#organization\"},\"potentialAction\":[{\"@type\":\"SearchAction\",\"target\":{\"@type\":\"EntryPoint\",\"urlTemplate\":\"https:\/\/sunrail.com\/?s={search_term_string}\"},\"query-input\":{\"@type\":\"PropertyValueSpecification\",\"valueRequired\":true,\"valueName\":\"search_term_string\"}}],\"inLanguage\":\"es-CO\"},{\"@type\":\"Organization\",\"@id\":\"https:\/\/sunrail.com\/#organization\",\"name\":\"SunRail\",\"url\":\"https:\/\/sunrail.com\/\",\"logo\":{\"@type\":\"ImageObject\",\"inLanguage\":\"es-CO\",\"@id\":\"https:\/\/sunrail.com\/#\/schema\/logo\/image\/\",\"url\":\"https:\/\/sunrail.com\/wp-content\/uploads\/2015\/08\/sunrail-logo.jpg\",\"contentUrl\":\"https:\/\/sunrail.com\/wp-content\/uploads\/2015\/08\/sunrail-logo.jpg\",\"width\":289,\"height\":250,\"caption\":\"SunRail\"},\"image\":{\"@id\":\"https:\/\/sunrail.com\/#\/schema\/logo\/image\/\"},\"sameAs\":[\"https:\/\/www.facebook.com\/RideSunRail\",\"https:\/\/x.com\/ridesunrail\",\"https:\/\/instagram.com\/ridesunrail\/\",\"https:\/\/www.youtube.com\/user\/ridesunrail\"]}]}<\/script>\n<!-- \/ Yoast SEO plugin. -->","yoast_head_json":{"title":"Alertas de SunRail - SunRail","description":"Disfrute la oportunidad de experimentar SunRail en la palma de su mano. Una aplicaci\u00f3n m\u00f3vil tan conveniente que pr\u00e1cticamente pone la conexi\u00f3n con las comunidades de Florida Central al alcance de su mano.","robots":{"index":"index","follow":"follow","max-snippet":"max-snippet:-1","max-image-preview":"max-image-preview:large","max-video-preview":"max-video-preview:-1"},"canonical":"https:\/\/sunrail.com\/es\/riding-sunrail\/sunrail-alerts\/","og_locale":"es_ES","og_type":"article","og_title":"SunRail Alerts - SunRail","og_description":"Enjoy the opportunity to experience SunRail in the palm of your hand. A mobile app so convenient, it virtually puts connecting to Central Florida communities at the tip of your finger.","og_url":"https:\/\/sunrail.com\/es\/riding-sunrail\/sunrail-alerts\/","og_site_name":"SunRail","article_publisher":"https:\/\/www.facebook.com\/RideSunRail","article_modified_time":"2026-04-01T08:01:06+00:00","og_image":[{"width":272,"height":273,"url":"https:\/\/sunrail.com\/wp-content\/uploads\/2015\/08\/sunrail-mobile-app-icon.webp","type":"image\/webp"}],"twitter_card":"summary_large_image","twitter_site":"@ridesunrail","twitter_misc":{"Est. reading time":"5 minutes"},"schema":{"@context":"https:\/\/schema.org","@graph":[{"@type":"WebPage","@id":"https:\/\/sunrail.com\/riding-sunrail\/sunrail-alerts\/","url":"https:\/\/sunrail.com\/riding-sunrail\/sunrail-alerts\/","name":"Alertas de SunRail - SunRail","isPartOf":{"@id":"https:\/\/sunrail.com\/#website"},"primaryImageOfPage":{"@id":"https:\/\/sunrail.com\/riding-sunrail\/sunrail-alerts\/#primaryimage"},"image":{"@id":"https:\/\/sunrail.com\/riding-sunrail\/sunrail-alerts\/#primaryimage"},"thumbnailUrl":"https:\/\/stage.sunrail.com\/wp-content\/uploads\/2015\/08\/sunrail-mobile-app-icon.webp","datePublished":"2023-12-04T19:10:40+00:00","dateModified":"2026-04-01T08:01:06+00:00","description":"Disfrute la oportunidad de experimentar SunRail en la palma de su mano. Una aplicaci\u00f3n m\u00f3vil tan conveniente que pr\u00e1cticamente pone la conexi\u00f3n con las comunidades de Florida Central al alcance de su mano.","breadcrumb":{"@id":"https:\/\/sunrail.com\/riding-sunrail\/sunrail-alerts\/#breadcrumb"},"inLanguage":"es-CO","potentialAction":[{"@type":"ReadAction","target":["https:\/\/sunrail.com\/riding-sunrail\/sunrail-alerts\/"]}]},{"@type":"ImageObject","inLanguage":"es-CO","@id":"https:\/\/sunrail.com\/riding-sunrail\/sunrail-alerts\/#primaryimage","url":"https:\/\/stage.sunrail.com\/wp-content\/uploads\/2015\/08\/sunrail-mobile-app-icon.webp","contentUrl":"https:\/\/stage.sunrail.com\/wp-content\/uploads\/2015\/08\/sunrail-mobile-app-icon.webp"},{"@type":"BreadcrumbList","@id":"https:\/\/sunrail.com\/riding-sunrail\/sunrail-alerts\/#breadcrumb","itemListElement":[{"@type":"ListItem","position":1,"name":"Home","item":"https:\/\/sunrail.com\/"},{"@type":"ListItem","position":2,"name":"Riding SunRail","item":"https:\/\/sunrail.com\/riding-sunrail\/"},{"@type":"ListItem","position":3,"name":"SunRail Alerts"}]},{"@type":"WebSite","@id":"https:\/\/sunrail.com\/#website","url":"https:\/\/sunrail.com\/","name":"SunRail","description":"Conectando comunidades","publisher":{"@id":"https:\/\/sunrail.com\/#organization"},"potentialAction":[{"@type":"SearchAction","target":{"@type":"EntryPoint","urlTemplate":"https:\/\/sunrail.com\/?s={search_term_string}"},"query-input":{"@type":"PropertyValueSpecification","valueRequired":true,"valueName":"search_term_string"}}],"inLanguage":"es-CO"},{"@type":"Organization","@id":"https:\/\/sunrail.com\/#organization","name":"SunRail","url":"https:\/\/sunrail.com\/","logo":{"@type":"ImageObject","inLanguage":"es-CO","@id":"https:\/\/sunrail.com\/#\/schema\/logo\/image\/","url":"https:\/\/sunrail.com\/wp-content\/uploads\/2015\/08\/sunrail-logo.jpg","contentUrl":"https:\/\/sunrail.com\/wp-content\/uploads\/2015\/08\/sunrail-logo.jpg","width":289,"height":250,"caption":"SunRail"},"image":{"@id":"https:\/\/sunrail.com\/#\/schema\/logo\/image\/"},"sameAs":["https:\/\/www.facebook.com\/RideSunRail","https:\/\/x.com\/ridesunrail","https:\/\/instagram.com\/ridesunrail\/","https:\/\/www.youtube.com\/user\/ridesunrail"]}]}},"_links":{"self":[{"href":"https:\/\/sunrail.com\/es\/wp-json\/wp\/v2\/pages\/14721","targetHints":{"allow":["GET"]}}],"collection":[{"href":"https:\/\/sunrail.com\/es\/wp-json\/wp\/v2\/pages"}],"about":[{"href":"https:\/\/sunrail.com\/es\/wp-json\/wp\/v2\/types\/page"}],"author":[{"embeddable":true,"href":"https:\/\/sunrail.com\/es\/wp-json\/wp\/v2\/users\/6"}],"replies":[{"embeddable":true,"href":"https:\/\/sunrail.com\/es\/wp-json\/wp\/v2\/comments?post=14721"}],"version-history":[{"count":4,"href":"https:\/\/sunrail.com\/es\/wp-json\/wp\/v2\/pages\/14721\/revisions"}],"predecessor-version":[{"id":21623,"href":"https:\/\/sunrail.com\/es\/wp-json\/wp\/v2\/pages\/14721\/revisions\/21623"}],"up":[{"embeddable":true,"href":"https:\/\/sunrail.com\/es\/wp-json\/wp\/v2\/pages\/14715"}],"wp:attachment":[{"href":"https:\/\/sunrail.com\/es\/wp-json\/wp\/v2\/media?parent=14721"}],"curies":[{"name":"wp","href":"https:\/\/api.w.org\/{rel}","templated":true}]}}