{"id":14739,"date":"2023-12-04T19:23:43","date_gmt":"2023-12-04T19:23:43","guid":{"rendered":"https:\/\/sunrail.com\/?page_id=14739"},"modified":"2024-01-07T02:40:21","modified_gmt":"2024-01-07T02:40:21","slug":"privacy-policy","status":"publish","type":"page","link":"https:\/\/sunrail.com\/es\/legal-policies\/privacy-policy\/","title":{"rendered":"Pol\u00edtica de Privacidad"},"content":{"rendered":"<div style=\"height:24px\" aria-hidden=\"true\" class=\"wp-block-spacer\"><\/div>\n\n\n\n<div class=\"wp-block-columns wp-block-columns-has-3 is-layout-flex wp-container-core-columns-is-layout-28f84493 wp-block-columns wp-block-columns-has-3-is-layout-flex\">\n<div class=\"wp-block-column is-layout-flow wp-block-column-is-layout-flow\">\n<ul class=\"list-submenu wp-block-list\">\n<li><a href=\"#collection-of-your-personal-information\">Recopilaci\u00f3n de su informaci\u00f3n personal<\/a><\/li>\n\n\n\n<li><a href=\"#use-of-your-personal-information\">Uso de su informaci\u00f3n personal<\/a><\/li>\n\n\n\n<li><a href=\"#use-of-cookies\">Uso de cookies<\/a><\/li>\n\n\n\n<li><a href=\"#security-of-your-personal-information\">Seguridad de su informaci\u00f3n personal<\/a><\/li>\n\n\n\n<li><a href=\"#changes-to-this-statement\">Cambios a esta declaraci\u00f3n<\/a><\/li>\n\n\n\n<li><a href=\"#contact-information\">Informaci\u00f3n del contacto<\/a><\/li>\n<\/ul>\n<\/div>\n\n\n\n<div class=\"wp-block-column is-layout-flow wp-block-column-is-layout-flow\" style=\"flex-basis:10%\"><\/div>\n\n\n\n<div class=\"wp-block-column is-layout-flow wp-block-column-is-layout-flow\" style=\"flex-basis:60%\">\n<p class=\"has-primary-aqua-ada-color has-text-color has-link-color has-large-font-size wp-elements-61ebef419c9223b5c2d0813520c7ba53\" id=\"top\">SunRail se compromete a proteger su privacidad y desarrollar tecnolog\u00eda que le brinde la experiencia en l\u00ednea m\u00e1s poderosa y segura. Esta Declaraci\u00f3n de Privacidad se aplica al sitio Web SunRail y administra la recolecci\u00f3n y el uso de datos. Al utilizar el sitio SunRail, usted acepta las pr\u00e1cticas utilizadas en relaci\u00f3n a los datos que se describen en esta declaraci\u00f3n.<\/p>\n\n\n\n<hr class=\"wp-block-separator has-text-color has-monotone-gray-4-color has-alpha-channel-opacity has-monotone-gray-4-background-color has-background\"\/>\n\n\n\n<h2 class=\"wp-block-heading\" id=\"collection-of-your-personal-information\">Recopilaci\u00f3n de su informaci\u00f3n personal<\/h2>\n\n\n\n<p>SunRail recopila informaci\u00f3n de identificaci\u00f3n personal, como su direcci\u00f3n de correo electr\u00f3nico, nombre, direcci\u00f3n de casa o del trabajo o n\u00famero de tel\u00e9fono. SunRail tambi\u00e9n recaba informaci\u00f3n demogr\u00e1fica an\u00f3nima, en el sentido que no es aplicable s\u00f3lo a Usted, como por ejemplo el c\u00f3digo postal, edad, sexo, preferencias, intereses y favoritos.<\/p>\n\n\n\n<p>Tambi\u00e9n hay informaci\u00f3n sobre el hardware y software de su computadora que SunRail recopila autom\u00e1ticamente. Esta informaci\u00f3n puede incluir: su direcci\u00f3n IP, tipo de navegador, nombres de dominio, tiempos de acceso y direcciones de sitios web de referencia. SunRail utiliza esta informaci\u00f3n para la operaci\u00f3n del servicio, para mantener la calidad del servicio y para proporcionar estad\u00edsticas generales sobre el uso del sitio web de SunRail.<\/p>\n\n\n\n<p>Tenga en cuenta que si usted divulga directamente informaci\u00f3n de identificaci\u00f3n personal o datos privados a trav\u00e9s de los foros p\u00fablicos de mensajes de SunRail, esta informaci\u00f3n puede ser recopilada y utilizada por otros. Nota: SunRail no lee ninguna de sus comunicaciones privadas en l\u00ednea.<\/p>\n\n\n\n<p>SunRail lo alienta a revisar las declaraciones de privacidad de los sitios web a los que usted elija vincularse desde SunRail para que pueda comprender c\u00f3mo esos sitios recopilan, usan y comparten su informaci\u00f3n. SunRail no es responsable por declaraciones de privacidad ni otros contenidos que se encuentren en sitios Web fuera de SunRail y de la familia de sitios Web de SunRail. <a class=\"back-to-top\" href=\"#top\">Volver arriba<\/a><br><br><\/p>\n\n\n\n<h2 class=\"wp-block-heading\" id=\"use-of-your-personal-information\">Uso de su informaci\u00f3n personal<\/h2>\n\n\n\n<p>SunRail recopila y utiliza su informaci\u00f3n personal para operar el sitio web SunRail y brindarle los servicios que ha solicitado. SunRail tambi\u00e9n utiliza su informaci\u00f3n de identificaci\u00f3n personal para informarle sobre otros productos o servicios disponibles en SunRail y sus afiliados. SunRail tambi\u00e9n puede comunicarse con usted a trav\u00e9s de encuestas para realizar investigaciones sobre su opini\u00f3n sobre los servicios actuales o sobre posibles nuevos servicios que puedan ofrecerse.<\/p>\n\n\n\n<p>SunRailno tiene que vender, alquilar o ceder sus listas de clientes a terceros. Espor\u00e1dicamente SunRail puede contactarlo de parte de socios de negocios externos para ofrecerle alguna oferta particular que pueda ser de su inter\u00e9s. En esos casos, su informaci\u00f3n de identificaci\u00f3n personal \u00fanica (correo electr\u00f3nico, nombre, direcci\u00f3n, n\u00famero de tel\u00e9fono) no se transfiere a terceros. Adem\u00e1s, SunRail puede compartir datos con socios confiables para ayudarnos a realizar an\u00e1lisis estad\u00edsticos, enviarle correo electr\u00f3nico o correo postal, brindarle atenci\u00f3n al cliente u organizar las entregas. Todos estos terceros tienen prohibido utilizar su informaci\u00f3n personal, excepto para proporcionar estos servicios a SunRail, y deben mantener la confidencialidad de su informaci\u00f3n.<\/p>\n\n\n\n<p>SunRail no utiliza ni divulga informaci\u00f3n personal privada como raza, religi\u00f3n o afiliaciones pol\u00edticas sin su consentimiento expreso.<\/p>\n\n\n\n<p>SunRail realiza un seguimiento de los sitios Web y las p\u00e1ginas que visitan nuestros clientes dentro de SunRail, para poder determinar cu\u00e1les son los servicios de SunRail m\u00e1s populares. Estos datos se utilizan para ofrecer contenido y publicidad personalizados dentro de SunRail a clientes cuyo comportamiento indica que est\u00e1n interesados en un \u00e1rea tem\u00e1tica en particular.<\/p>\n\n\n\n<p>Los sitios Web de SunRail divulgar\u00e1n su informaci\u00f3n personal, sin notificarlo, s\u00f3lo si as\u00ed lo requiere la ley o cuando se crea de buena fe que dicha acci\u00f3n es necesaria para: (a) conformar edictos legales o el cumplimiento de un proceso legal realizado sobre SunRail o el sitio; (b) proteger y defender los derechos o propiedad de SunRail; y (c) actuar bajo circunstancias extremas para proteger la seguridad personal de los usuarios de SunRail o del p\u00fablico. <a class=\"back-to-top\" href=\"#top\">Volver arriba<\/a><br><br><\/p>\n\n\n\n<h2 class=\"wp-block-heading\" id=\"use-of-cookies\">Uso de cookies<\/h2>\n\n\n\n<p>El sitio Web SunRail utiliza \u201ccookies\u201d para ayudarlo a personalizar su experiencia en l\u00ednea. Una cookie es un archivo de texto que un servidor de p\u00e1ginas web coloca en su disco duro. Las cookies no se pueden utilizar para ejecutar programas ni enviar virus a su computadora. Las cookies se le asignan exclusivamente a usted y solo pueden ser le\u00eddas por un servidor web en el dominio que le emiti\u00f3 la cookie.<\/p>\n\n\n\n<p>Uno de los prop\u00f3sitos principales de las cookies es brindarle una funci\u00f3n conveniente para ahorrarle tiempo. El prop\u00f3sito de una cookie es informar al servidor web que ha regresado a una p\u00e1gina espec\u00edfica. Por ejemplo, si personaliza las p\u00e1ginas de SunRail o se registra en el sitio o los servicios de SunRail, una cookie ayuda a SunRail a recordar su informaci\u00f3n espec\u00edfica en visitas posteriores. Esto simplifica el proceso de registro de su informaci\u00f3n personal, como direcciones de facturaci\u00f3n, direcciones de env\u00edo, etc. Cuando regrese al mismo sitio web de SunRail, podr\u00e1 recuperar la informaci\u00f3n que proporcion\u00f3 anteriormente, para que pueda utilizar f\u00e1cilmente las funciones de SunRail que personaliz\u00f3.<\/p>\n\n\n\n<p>Tiene la posibilidad de aceptar o rechazar las cookies. La mayor\u00eda de los navegadores web aceptan cookies autom\u00e1ticamente, pero normalmente puede modificar la configuraci\u00f3n de su navegador para rechazarlas si lo prefiere. Si elige rechazar cookies, es posible que no pueda aprovechar en su totalidad las caracter\u00edsticas interactivas de los servicios de SunRail o de los sitios web que visite. <a class=\"back-to-top\" href=\"#top\">Volver arriba<\/a><br><br><\/p>\n\n\n\n<h2 class=\"wp-block-heading\" id=\"security-of-your-personal-information\">Seguridad de su informaci\u00f3n personal<\/h2>\n\n\n\n<p>SunRail protege su informaci\u00f3n personal frente al acceso, uso o divulgaci\u00f3n no autorizados. SunRail mantiene la informaci\u00f3n de identificaci\u00f3n personal que Usted haya provisto, en servidores ubicados en un ambiente controlado y seguro, protegidos del acceso, uso o divulgaci\u00f3n no autorizados. Cuando la informaci\u00f3n personal (como un n\u00famero de tarjeta de cr\u00e9dito) se transmite a otros sitios web, se protege mediante el uso de cifrado, como el protocolo Secure Socket Layer (SSL). <a class=\"back-to-top\" href=\"#top\">Volver arriba<\/a><br><br><\/p>\n\n\n\n<h2 class=\"wp-block-heading\" id=\"changes-to-this-statement\">Cambios a esta declaraci\u00f3n<\/h2>\n\n\n\n<p>SunRail ocasionalmente actualizar\u00e1 esta Declaraci\u00f3n de Privacidad para reflejar los comentarios de la compa\u00f1\u00eda y de los clientes. SunRail lo alienta a revisar peri\u00f3dicamente esta Declaraci\u00f3n para estar informado sobre c\u00f3mo SunRail protege su informaci\u00f3n. <a class=\"back-to-top\" href=\"#top\">Volver arriba<\/a><br><br><\/p>\n\n\n\n<h2 class=\"wp-block-heading\" id=\"contact-information\">Informaci\u00f3n del contacto<\/h2>\n\n\n\n<p>SunRail agradece sus comentarios relacionados con esta Declaraci\u00f3n de Privacidad. Si cree que SunRail no se ha adherido a esta Declaraci\u00f3n, comun\u00edquese con <a href=\"https:\/\/sunrail.com\/es\/help-center\/customer-service\/\">Servicio al cliente SunRail<\/a> en <a href=\"tel:1-855-724-5411\">1-855-724-5411.<\/a> Haremos todos los esfuerzos comercialmente razonables para determinar y solucionar el problema r\u00e1pidamente. <a class=\"back-to-top\" href=\"#top\">Volver arriba<\/a><\/p>\n<\/div>\n<\/div>\n\n\n\n<div style=\"height:96px\" aria-hidden=\"true\" class=\"wp-block-spacer\"><\/div>","protected":false},"excerpt":{"rendered":"<p>SunRail se compromete a proteger su privacidad y a desarrollar tecnolog\u00eda que le brinde la experiencia en l\u00ednea m\u00e1s completa y segura. Esta Declaraci\u00f3n de Privacidad se aplica al sitio web de SunRail y rige la recopilaci\u00f3n y el uso de datos. Al utilizar el sitio web de SunRail, usted acepta las pr\u00e1cticas de datos descritas en esta declaraci\u00f3n. Recopilaci\u00f3n de su informaci\u00f3n personal\u2026<\/p>","protected":false},"author":6,"featured_media":0,"parent":14738,"menu_order":1,"comment_status":"closed","ping_status":"closed","template":"","meta":{"_acf_changed":false,"footnotes":""},"class_list":{"2":"type-page"},"acf":[],"yoast_head":"<!-- This site is optimized with the Yoast SEO plugin v27.2 - https:\/\/yoast.com\/product\/yoast-seo-wordpress\/ -->\n<title>Privacy Policy - SunRail<\/title>\n<meta name=\"robots\" content=\"index, follow, max-snippet:-1, max-image-preview:large, max-video-preview:-1\" \/>\n<link rel=\"canonical\" href=\"https:\/\/sunrail.com\/es\/legal-policies\/privacy-policy\/\" \/>\n<meta property=\"og:locale\" content=\"es_ES\" \/>\n<meta property=\"og:type\" content=\"article\" \/>\n<meta property=\"og:title\" content=\"Privacy Policy - SunRail\" \/>\n<meta property=\"og:description\" content=\"SunRail is committed to protecting your privacy and developing technology that gives you the most powerful and safe online experience. This Statement of Privacy applies to the SunRail Web site and governs data collection and usage. By using the SunRail website, you consent to the data practices described in this statement. Collection of Your Personal&hellip;\" \/>\n<meta property=\"og:url\" content=\"https:\/\/sunrail.com\/es\/legal-policies\/privacy-policy\/\" \/>\n<meta property=\"og:site_name\" content=\"SunRail\" \/>\n<meta property=\"article:publisher\" content=\"https:\/\/www.facebook.com\/RideSunRail\" \/>\n<meta property=\"article:modified_time\" content=\"2024-01-07T02:40:21+00:00\" \/>\n<meta name=\"twitter:card\" content=\"summary_large_image\" \/>\n<meta name=\"twitter:site\" content=\"@ridesunrail\" \/>\n<meta name=\"twitter:label1\" content=\"Est. reading time\" \/>\n\t<meta name=\"twitter:data1\" content=\"5 minutes\" \/>\n<script type=\"application\/ld+json\" class=\"yoast-schema-graph\">{\"@context\":\"https:\/\/schema.org\",\"@graph\":[{\"@type\":\"WebPage\",\"@id\":\"https:\/\/sunrail.com\/legal-policies\/privacy-policy\/\",\"url\":\"https:\/\/sunrail.com\/legal-policies\/privacy-policy\/\",\"name\":\"Privacy Policy - SunRail\",\"isPartOf\":{\"@id\":\"https:\/\/sunrail.com\/#website\"},\"datePublished\":\"2023-12-04T19:23:43+00:00\",\"dateModified\":\"2024-01-07T02:40:21+00:00\",\"breadcrumb\":{\"@id\":\"https:\/\/sunrail.com\/legal-policies\/privacy-policy\/#breadcrumb\"},\"inLanguage\":\"es-CO\",\"potentialAction\":[{\"@type\":\"ReadAction\",\"target\":[\"https:\/\/sunrail.com\/legal-policies\/privacy-policy\/\"]}]},{\"@type\":\"BreadcrumbList\",\"@id\":\"https:\/\/sunrail.com\/legal-policies\/privacy-policy\/#breadcrumb\",\"itemListElement\":[{\"@type\":\"ListItem\",\"position\":1,\"name\":\"Home\",\"item\":\"https:\/\/sunrail.com\/\"},{\"@type\":\"ListItem\",\"position\":2,\"name\":\"Legal Policies\",\"item\":\"https:\/\/sunrail.com\/legal-policies\/\"},{\"@type\":\"ListItem\",\"position\":3,\"name\":\"Privacy Policy\"}]},{\"@type\":\"WebSite\",\"@id\":\"https:\/\/sunrail.com\/#website\",\"url\":\"https:\/\/sunrail.com\/\",\"name\":\"SunRail\",\"description\":\"Connecting Communities\",\"publisher\":{\"@id\":\"https:\/\/sunrail.com\/#organization\"},\"potentialAction\":[{\"@type\":\"SearchAction\",\"target\":{\"@type\":\"EntryPoint\",\"urlTemplate\":\"https:\/\/sunrail.com\/?s={search_term_string}\"},\"query-input\":{\"@type\":\"PropertyValueSpecification\",\"valueRequired\":true,\"valueName\":\"search_term_string\"}}],\"inLanguage\":\"es-CO\"},{\"@type\":\"Organization\",\"@id\":\"https:\/\/sunrail.com\/#organization\",\"name\":\"SunRail\",\"url\":\"https:\/\/sunrail.com\/\",\"logo\":{\"@type\":\"ImageObject\",\"inLanguage\":\"es-CO\",\"@id\":\"https:\/\/sunrail.com\/#\/schema\/logo\/image\/\",\"url\":\"https:\/\/sunrail.com\/wp-content\/uploads\/2015\/08\/sunrail-logo.jpg\",\"contentUrl\":\"https:\/\/sunrail.com\/wp-content\/uploads\/2015\/08\/sunrail-logo.jpg\",\"width\":289,\"height\":250,\"caption\":\"SunRail\"},\"image\":{\"@id\":\"https:\/\/sunrail.com\/#\/schema\/logo\/image\/\"},\"sameAs\":[\"https:\/\/www.facebook.com\/RideSunRail\",\"https:\/\/x.com\/ridesunrail\",\"https:\/\/instagram.com\/ridesunrail\/\",\"https:\/\/www.youtube.com\/user\/ridesunrail\"]}]}<\/script>\n<!-- \/ Yoast SEO plugin. -->","yoast_head_json":{"title":"Pol\u00edtica de privacidad - SunRail","robots":{"index":"index","follow":"follow","max-snippet":"max-snippet:-1","max-image-preview":"max-image-preview:large","max-video-preview":"max-video-preview:-1"},"canonical":"https:\/\/sunrail.com\/es\/legal-policies\/privacy-policy\/","og_locale":"es_ES","og_type":"article","og_title":"Privacy Policy - SunRail","og_description":"SunRail is committed to protecting your privacy and developing technology that gives you the most powerful and safe online experience. This Statement of Privacy applies to the SunRail Web site and governs data collection and usage. By using the SunRail website, you consent to the data practices described in this statement. Collection of Your Personal&hellip;","og_url":"https:\/\/sunrail.com\/es\/legal-policies\/privacy-policy\/","og_site_name":"SunRail","article_publisher":"https:\/\/www.facebook.com\/RideSunRail","article_modified_time":"2024-01-07T02:40:21+00:00","twitter_card":"summary_large_image","twitter_site":"@ridesunrail","twitter_misc":{"Est. reading time":"5 minutes"},"schema":{"@context":"https:\/\/schema.org","@graph":[{"@type":"WebPage","@id":"https:\/\/sunrail.com\/legal-policies\/privacy-policy\/","url":"https:\/\/sunrail.com\/legal-policies\/privacy-policy\/","name":"Pol\u00edtica de privacidad - SunRail","isPartOf":{"@id":"https:\/\/sunrail.com\/#website"},"datePublished":"2023-12-04T19:23:43+00:00","dateModified":"2024-01-07T02:40:21+00:00","breadcrumb":{"@id":"https:\/\/sunrail.com\/legal-policies\/privacy-policy\/#breadcrumb"},"inLanguage":"es-CO","potentialAction":[{"@type":"ReadAction","target":["https:\/\/sunrail.com\/legal-policies\/privacy-policy\/"]}]},{"@type":"BreadcrumbList","@id":"https:\/\/sunrail.com\/legal-policies\/privacy-policy\/#breadcrumb","itemListElement":[{"@type":"ListItem","position":1,"name":"Home","item":"https:\/\/sunrail.com\/"},{"@type":"ListItem","position":2,"name":"Legal Policies","item":"https:\/\/sunrail.com\/legal-policies\/"},{"@type":"ListItem","position":3,"name":"Privacy Policy"}]},{"@type":"WebSite","@id":"https:\/\/sunrail.com\/#website","url":"https:\/\/sunrail.com\/","name":"SunRail","description":"Conectando comunidades","publisher":{"@id":"https:\/\/sunrail.com\/#organization"},"potentialAction":[{"@type":"SearchAction","target":{"@type":"EntryPoint","urlTemplate":"https:\/\/sunrail.com\/?s={search_term_string}"},"query-input":{"@type":"PropertyValueSpecification","valueRequired":true,"valueName":"search_term_string"}}],"inLanguage":"es-CO"},{"@type":"Organization","@id":"https:\/\/sunrail.com\/#organization","name":"SunRail","url":"https:\/\/sunrail.com\/","logo":{"@type":"ImageObject","inLanguage":"es-CO","@id":"https:\/\/sunrail.com\/#\/schema\/logo\/image\/","url":"https:\/\/sunrail.com\/wp-content\/uploads\/2015\/08\/sunrail-logo.jpg","contentUrl":"https:\/\/sunrail.com\/wp-content\/uploads\/2015\/08\/sunrail-logo.jpg","width":289,"height":250,"caption":"SunRail"},"image":{"@id":"https:\/\/sunrail.com\/#\/schema\/logo\/image\/"},"sameAs":["https:\/\/www.facebook.com\/RideSunRail","https:\/\/x.com\/ridesunrail","https:\/\/instagram.com\/ridesunrail\/","https:\/\/www.youtube.com\/user\/ridesunrail"]}]}},"_links":{"self":[{"href":"https:\/\/sunrail.com\/es\/wp-json\/wp\/v2\/pages\/14739","targetHints":{"allow":["GET"]}}],"collection":[{"href":"https:\/\/sunrail.com\/es\/wp-json\/wp\/v2\/pages"}],"about":[{"href":"https:\/\/sunrail.com\/es\/wp-json\/wp\/v2\/types\/page"}],"author":[{"embeddable":true,"href":"https:\/\/sunrail.com\/es\/wp-json\/wp\/v2\/users\/6"}],"replies":[{"embeddable":true,"href":"https:\/\/sunrail.com\/es\/wp-json\/wp\/v2\/comments?post=14739"}],"version-history":[{"count":0,"href":"https:\/\/sunrail.com\/es\/wp-json\/wp\/v2\/pages\/14739\/revisions"}],"up":[{"embeddable":true,"href":"https:\/\/sunrail.com\/es\/wp-json\/wp\/v2\/pages\/14738"}],"wp:attachment":[{"href":"https:\/\/sunrail.com\/es\/wp-json\/wp\/v2\/media?parent=14739"}],"curies":[{"name":"wp","href":"https:\/\/api.w.org\/{rel}","templated":true}]}}