{"id":15623,"date":"2024-01-17T22:03:38","date_gmt":"2024-01-17T22:03:38","guid":{"rendered":"https:\/\/sunrail.com\/?page_id=15623"},"modified":"2026-04-01T14:36:18","modified_gmt":"2026-04-01T18:36:18","slug":"rules-of-conduct","status":"publish","type":"page","link":"https:\/\/sunrail.com\/es\/legal-policies\/rules-of-conduct\/","title":{"rendered":"Reglas de Conducta"},"content":{"rendered":"<div style=\"height:24px\" aria-hidden=\"true\" class=\"wp-block-spacer\"><\/div>\n\n\n\n<div class=\"wp-block-columns wp-block-columns-has-3 is-layout-flex wp-container-core-columns-is-layout-28f84493 wp-block-columns wp-block-columns-has-3-is-layout-flex\">\n<div class=\"wp-block-column is-layout-flow wp-block-column-is-layout-flow\">\n<ul class=\"wp-block-list list-submenu\">\n<li><a href=\"#purpose-and-scope\">Alcance del proposito<\/a><\/li>\n\n\n\n<li><a href=\"#code-of-conduct\">C\u00f3digo de conducta<\/a>\n<ul class=\"wp-block-list list-submenu\">\n<li><a href=\"https:\/\/pay-your-fare\">Paga tu tarifa<\/a><\/li>\n\n\n\n<li><a href=\"#park-it\">Estacionarlo<\/a><\/li>\n\n\n\n<li><a href=\"#clothing-required\">Ropa requerida<\/a><\/li>\n\n\n\n<li><a href=\"https:\/\/no-vandlism\">Sin vandalismo<\/a><\/li>\n\n\n\n<li><a href=\"#keep-trains-running-on-time\">Mantenga los trenes funcionando a tiempo<\/a><\/li>\n\n\n\n<li><a href=\"https:\/\/no-solicitation\">Sin solicitud<\/a><\/li>\n\n\n\n<li><a href=\"#do-not-disturb\">No molestar<\/a><\/li>\n\n\n\n<li><a href=\"#do-not-interfere-with-security-measures\">No interfiera con las medidas de seguridad<\/a><\/li>\n\n\n\n<li><a href=\"#keep-your-cool\">Mant\u00e9n tu humor<\/a><\/li>\n\n\n\n<li><a href=\"#take-a-stand\">Tomar una postura<\/a><\/li>\n\n\n\n<li><a href=\"#food-and-drink\">Comida y bebida<\/a><\/li>\n\n\n\n<li><a href=\"#keep-it-clean\">Mantenlo limpio<\/a><\/li>\n\n\n\n<li><a href=\"#no-smoking\">No Fumar<\/a><\/li>\n\n\n\n<li><a href=\"#no-illegal-drugs-alcohol\">No drogas ilegales\/alcohol<\/a><\/li>\n\n\n\n<li><a href=\"#no-explosives-flammable-materials\">Sin explosivos ni materiales inflamables<\/a><\/li>\n\n\n\n<li><a href=\"#share-the-space\">Comparte el espacio<\/a><\/li>\n\n\n\n<li><a href=\"#be-safe\">Estar a salvo<\/a><\/li>\n\n\n\n<li><a href=\"#be-careful\">Ten cuidado<\/a><\/li>\n\n\n\n<li><a href=\"#alternative-transportation\">Transporte alternativo<\/a><\/li>\n\n\n\n<li><a href=\"#pets-on-board\">Mascotas a bordo<\/a><\/li>\n\n\n\n<li><a href=\"#children\">Ni\u00f1os<\/a><\/li>\n<\/ul>\n<\/li>\n\n\n\n<li><a href=\"#penalties\">Penalizaciones<\/a><\/li>\n\n\n\n<li><a href=\"#publication\">Publicaci\u00f3n<\/a><\/li>\n<\/ul>\n<\/div>\n\n\n\n<div class=\"wp-block-column is-layout-flow wp-block-column-is-layout-flow\" style=\"flex-basis:10%\"><\/div>\n\n\n\n<div class=\"wp-block-column is-layout-flow wp-block-column-is-layout-flow\" style=\"flex-basis:60%\">\n<p class=\"has-primary-aqua-ada-color has-text-color has-link-color has-large-font-size wp-elements-265b5e93d40e812d2da1a0af5841bcb3\" id=\"purpose-and-scope\"><strong>Prop\u00f3sito y alcance. <\/strong>Este C\u00f3digo de Conducta es una regla que proporciona est\u00e1ndares de conducta y comportamiento aplicables a todos los pasajeros de veh\u00edculos SunRail que operan en el Corredor Ferroviario de Florida Central (CFRC), las Instalaciones CFRC y\/o la Propiedad FDOT, para garantizar la seguridad y comodidad de todos. pasajeros, conductores y p\u00fablico en general que utilizan los servicios de trenes de cercan\u00edas de SunRail.<\/p>\n\n\n\n<hr class=\"wp-block-separator has-text-color has-monotone-gray-4-color has-alpha-channel-opacity has-monotone-gray-4-background-color has-background\"\/>\n\n\n\n<h2 class=\"wp-block-heading\" id=\"code-of-conduct\">C\u00f3digo de conducta<\/h2>\n\n\n\n<p>Todos los pasajeros y personas que ingresan a las instalaciones o veh\u00edculos de transporte de SunRail deben cumplir con este C\u00f3digo de conducta. <a class=\"back-to-top\" href=\"#top\">Volver arriba<\/a><br><br><\/p>\n\n\n\n<h3 class=\"wp-block-heading has-large-font-size\" id=\"pay-your-fare\"><strong>1. Paga tu tarifa<\/strong><\/h3>\n\n\n\n<p>Se requiere tarifa v\u00e1lida en un veh\u00edculo SunRail. Se indicar\u00e1 a los pasajeros que salgan del veh\u00edculo si no pagan y validan la tarifa adecuada antes de abordar. Los pasajeros deben escanear su tarjeta en el validador de billetes del and\u00e9n de la estaci\u00f3n despu\u00e9s de bajar del tren en su destino final.  <a class=\"back-to-top\" href=\"#top\">Volver arriba<\/a><\/p>\n\n\n\n<h3 class=\"wp-block-heading has-large-font-size\" id=\"park-it\"><strong>2. Estacionarlo<\/strong><\/h3>\n\n\n\n<p>Se permite el estacionamiento nocturno en los estacionamientos de SunRail para pasajeros que acceden a los aeropuertos del \u00e1rea de Orlando. El FDOT no asume responsabilidad por da\u00f1os o p\u00e9rdidas de propiedad que ocurran dentro de estos estacionamientos en cualquier momento. Las personas que abandonan sus veh\u00edculos lo hacen bajo su propia responsabilidad.  <a class=\"back-to-top\" href=\"#top\">Volver arriba<\/a><\/p>\n\n\n\n<h3 class=\"wp-block-heading has-large-font-size\" id=\"clothing-required\"><strong>3. Ropa requerida<\/strong><\/h3>\n\n\n\n<p>Todos los pasajeros mayores de 2 a\u00f1os deber\u00e1n utilizar calzado. Todos los pasajeros deben usar ropa suficiente para cubrir la parte superior del torso hasta la mitad del muslo. Cualquier forma de obscenidad o exposici\u00f3n indecente seg\u00fan lo dispuesto en el Cap\u00edtulo 800 de los Estatutos de Florida, resultar\u00e1 en la expulsi\u00f3n inmediata de los trenes e instalaciones de SunRail, adem\u00e1s de posibles cargos penales.  <a class=\"back-to-top\" href=\"#top\">Volver arriba<\/a><\/p>\n\n\n\n<h3 class=\"wp-block-heading has-large-font-size\" id=\"no-vandalism\"><strong>4. Sin vandalismo<\/strong><\/h3>\n\n\n\n<p>Ninguna persona destrozar\u00e1 un veh\u00edculo SunRail o propiedad del FDOT escribiendo, marcando, garabateando, desfigurando o causando destrucci\u00f3n al veh\u00edculo o propiedad de ninguna manera. Esto incluye la publicaci\u00f3n de letreros, carteles, avisos, anuncios u otros materiales impresos dentro o sobre cualquier instalaci\u00f3n, a menos que la gerencia del FDOT obtenga permiso por escrito.  <a class=\"back-to-top\" href=\"#top\">Volver arriba<\/a><\/p>\n\n\n\n<h3 class=\"wp-block-heading has-large-font-size\" id=\"keep-trains-running-on-time\"><strong>5. Mantenga los trenes funcionando a tiempo<\/strong><\/h3>\n\n\n\n<p>No se permite en ning\u00fan momento interferir con la operaci\u00f3n de un veh\u00edculo SunRail. Los pasajeros que suben deben permitir que otros salgan primero del tren par\u00e1ndose al lado de las puertas antes de entrar al tren.  <a class=\"back-to-top\" href=\"#top\">Volver arriba<\/a><\/p>\n\n\n\n<h3 class=\"wp-block-heading has-large-font-size\" id=\"no-solicitation\"><strong>6. Sin solicitud<\/strong><\/h3>\n\n\n\n<p>Est\u00e1 estrictamente prohibido realizar solicitudes de cualquier tipo sin el permiso por escrito de la gerencia del FDOT. Tambi\u00e9n se debe obtener un permiso por escrito de la gerencia del FDOT para realizar protestas y otras actividades de la Primera Enmienda en veh\u00edculos SunRail y propiedades del FDOT.  <a class=\"back-to-top\" href=\"#top\">Volver arriba<\/a><\/p>\n\n\n\n<h3 class=\"wp-block-heading has-large-font-size\" id=\"do-not-disturb\"><strong>7. No molestar<\/strong><\/h3>\n\n\n\n<p>Ninguna persona deber\u00e1 participar en conductas disruptivas o perturbadoras, incluidas conversaciones en voz alta, malas palabras o utilizar cualquier dispositivo electr\u00f3nico utilizado para reproducir sonido sin auriculares. No se permite congregarse o holgazanear en la propiedad del FDOT de una manera que cause molestias a otros pasajeros.  <a class=\"back-to-top\" href=\"#top\">Volver arriba<\/a><\/p>\n\n\n\n<h3 class=\"wp-block-heading has-large-font-size\" id=\"do-not-interfere-with-security-measures\"><strong>8. No interfieras con las medidas de seguridad<\/strong><\/h3>\n\n\n\n<p>Ninguna persona puede interferir, intentar eludir o comprometer las medidas de seguridad aprobadas por SunRail para su implementaci\u00f3n en las instalaciones de CFRC o en los veh\u00edculos de SunRail.  <a class=\"back-to-top\" href=\"#top\">Volver arriba<\/a><\/p>\n\n\n\n<h3 class=\"wp-block-heading has-large-font-size\" id=\"keep-your-cool\"><strong>9. Mant\u00e9n la calma<\/strong><\/h3>\n\n\n\n<p>Se proh\u00edbe la violencia f\u00edsica, la intimidaci\u00f3n y el acoso a otros pasajeros o al personal de SunRail. Este tipo de comportamiento deber\u00e1 reportarse de inmediato al revisor o al inspector de tarifas. <a class=\"back-to-top\" href=\"#top\">Volver arriba<\/a><\/p>\n\n\n\n<h3 class=\"wp-block-heading has-large-font-size\" id=\"take-a-stand\"><strong>10. Adopte una postura<\/strong><\/h3>\n\n\n\n<p>Los asientos prioritarios est\u00e1n reservados para personas mayores y personas con discapacidad. El revisor, el inspector u otro personal de SunRail podr\u00edan indicar a las personas sin discapacidad que se sienten en estos asientos que se muevan. <a class=\"back-to-top\" href=\"#top\">Volver arriba<\/a><\/p>\n\n\n\n<h3 class=\"wp-block-heading has-large-font-size\" id=\"food-and-drink\"><strong>11. Comida y bebida<\/strong><\/h3>\n\n\n\n<p>No se permiten alimentos ni contenedores de alimentos abiertos en los veh\u00edculos SunRail. Los pasajeros pueden llevar bebidas no alcoh\u00f3licas a bordo, pero los envases de bebidas deben estar cerrados para evitar derrames.  <a class=\"back-to-top\" href=\"#top\">Volver arriba<\/a><\/p>\n\n\n\n<h3 class=\"wp-block-heading has-large-font-size\" id=\"keep-it-clean\"><strong>12. Mantenlo limpio<\/strong><\/h3>\n\n\n\n<p>Depositar la basura en los recipientes de basura adecuados. Est\u00e1 prohibido escupir, orinar o defecar excepto en los ba\u00f1os proporcionados a bordo de los trenes SunRail.  <a class=\"back-to-top\" href=\"#top\">Volver arriba<\/a><\/p>\n\n\n\n<h3 class=\"wp-block-heading has-large-font-size\" id=\"no-smoking\"><strong>13. No fumar<\/strong><\/h3>\n\n\n\n<p>NO se permite fumar ni el uso de productos de tabaco en los veh\u00edculos de SunRail ni en las instalaciones de SunRail, incluidas las plataformas de las estaciones.  <a class=\"back-to-top\" href=\"#top\">Volver arriba<\/a><\/p>\n\n\n\n<h3 class=\"wp-block-heading has-large-font-size\" id=\"no-illegal-drugs-alcohol\"><strong>14. No drogas ilegales\/alcohol<\/strong><\/h3>\n\n\n\n<p>No se permite el consumo de sustancias controladas o bebidas alcoh\u00f3licas, ni el transporte de envases abiertos de bebidas alcoh\u00f3licas, a bordo de los trenes SunRail, en las estaciones de SunRail y en la propiedad del FDOT.  <a class=\"back-to-top\" href=\"#top\">Volver arriba<\/a><\/p>\n\n\n\n<h3 class=\"wp-block-heading has-large-font-size\" id=\"no-explosives-flammable-materials\"><strong>15. No se permiten explosivos ni materiales inflamables.<\/strong><\/h3>\n\n\n\n<p>La posesi\u00f3n de explosivos, incendiarios o materiales inflamables est\u00e1 prohibida en las propiedades del FDOT y en los veh\u00edculos SunRail, incluidos los veh\u00edculos propulsados por gasolina, como minibicicletas, cortadoras de c\u00e9sped, etc.  <a class=\"back-to-top\" href=\"#top\">Volver arriba<\/a><\/p>\n\n\n\n<h3 class=\"wp-block-heading has-large-font-size\" id=\"share-the-space\"><strong>16. Comparte el espacio<\/strong><\/h3>\n\n\n\n<p>No ocupe m\u00e1s de un asiento, mantenga los pies en el suelo y evite bloquear pasillos o puertas. Coloque el equipaje, los cochecitos y las bicicletas \u00fanicamente en las \u00e1reas designadas.  <a class=\"back-to-top\" href=\"#top\">Volver arriba<\/a><\/p>\n\n\n\n<h3 class=\"wp-block-heading has-large-font-size\" id=\"be-safe\"><strong>17. Est\u00e9 seguro<\/strong><\/h3>\n\n\n\n<p>Evite \u00e1reas restringidas y actividades que puedan constituir un peligro para usted o para otros pasajeros. Esto incluye arrojar o extender objetos a trav\u00e9s de una puerta o ventana de un veh\u00edculo SunRail.  <a class=\"back-to-top\" href=\"#top\">Volver arriba<\/a><\/p>\n\n\n\n<h3 class=\"wp-block-heading has-large-font-size\" id=\"be-careful\"><strong>18. Ten cuidado<\/strong><\/h3>\n\n\n\n<p>Mire en ambos sentidos para ver si hay trenes antes de usar el cruce de peatones, cruce \u00fanicamente en el cruce de peatones designado y obedezca todas las barreras, timbres y luces de cruce. No cruce las v\u00edas cuando los sistemas de alerta est\u00e9n activados y nunca corra hacia un tren.  <a class=\"back-to-top\" href=\"#top\">Volver arriba<\/a><\/p>\n\n\n\n<h3 class=\"wp-block-heading has-large-font-size\" id=\"alternative-transportation\"><strong>19. Transporte alternativo<\/strong><\/h3>\n\n\n\n<p>Las bicicletas, patinetas, scooters sin motor, transportadores personales, patines o patines deben transportarse y estar bajo control en todo momento en los trenes SunRail y en la propiedad del FDOT.  <a class=\"back-to-top\" href=\"#top\">Volver arriba<\/a><\/p>\n\n\n\n<h3 class=\"wp-block-heading has-large-font-size\" id=\"pets-on-board\"><strong>20. Mascotas a bordo<\/strong><\/h3>\n\n\n\n<p>A menos que tenga un animal de servicio, sus mascotas deben mantenerse en un contenedor cerrado. Mantenga a los transportistas fuera de los pasillos y de los asientos.  <a class=\"back-to-top\" href=\"#top\">Volver arriba<\/a><\/p>\n\n\n\n<h3 class=\"wp-block-heading has-large-font-size\" id=\"children\"><strong>21. Ni\u00f1os<\/strong><\/h3>\n\n\n\n<p>Los ni\u00f1os menores de 6 a\u00f1os deben estar acompa\u00f1ados por un adulto que pague la tarifa o un tutor mayor de 18 a\u00f1os. FDOT no acepta ninguna responsabilidad por ning\u00fan menor no acompa\u00f1ado.  <a class=\"back-to-top\" href=\"#top\">Volver arriba<\/a><\/p>\n\n\n\n<div style=\"height:24px\" aria-hidden=\"true\" class=\"wp-block-spacer\"><\/div>\n\n\n\n<hr class=\"wp-block-separator has-alpha-channel-opacity\"\/>\n\n\n\n<h2 class=\"wp-block-heading\" id=\"penalties\">Penalizaciones<\/h2>\n\n\n\n<p>Las personas que violen el C\u00f3digo de Conducta est\u00e1n sujetas a sanciones, incluidas multas,<br>suspensi\u00f3n de servicios y arresto. Se podr\u00e1 aplicar una variedad de sanciones para abordar el incumplimiento del C\u00f3digo de Conducta. El incumplimiento del C\u00f3digo de Conducta puede incluir uno o cualquier combinaci\u00f3n de los siguientes:<\/p>\n\n\n\n<h3 class=\"wp-block-heading has-large-font-size\">1. <strong>Una persona que viola una o m\u00e1s de estas regulaciones.<\/strong>\u2026<\/h3>\n\n\n\n<p>Un agente del orden p\u00fablico, un conductor de SunRail, un inspector de tarifas u otro personal de SunRail puede advertirle y\/o ordenarle que abandone el veh\u00edculo de SunRail, las instalaciones de SunRail o la propiedad del FDOT inmediatamente. <a class=\"back-to-top\" href=\"#top\">Volver arriba<\/a><\/p>\n\n\n\n<h3 class=\"wp-block-heading has-large-font-size\">2. <strong>Pasajeros que no pagan una tarifa v\u00e1lida<\/strong>\u2026<\/h3>\n\n\n\n<p>est\u00e1n sujetos a advertencias, citaciones y eliminaci\u00f3n de los trenes e instalaciones de SunRail. La multa por cada infracci\u00f3n de tarifa es de $50. <a class=\"back-to-top\" href=\"#top\">Volver arriba<\/a><\/p>\n\n\n\n<h3 class=\"wp-block-heading has-large-font-size\">3. yo<strong>Se ordena a un pasajero que abandone el veh\u00edculo SunRail<\/strong>,\u2026<\/h3>\n\n\n\n<p>instalaci\u00f3n de SunRail o propiedad del FDOT, al pasajero se le suspenden los privilegios de viajar en cualquier veh\u00edculo de SunRail y el uso de cualquier instalaci\u00f3n de pasajeros de SunRail durante el resto del d\u00eda. Cada vez que se le pide a un pasajero que baje de un veh\u00edculo SunRail, pierde el derecho a pagar su tarifa. Si se ve a un pasajero suspendido en otro veh\u00edculo de SunRail o en una instalaci\u00f3n de SunRail durante el per\u00edodo de suspensi\u00f3n, se puede acusar al pasajero de allanamiento de morada y se contactar\u00e1 a las autoridades. <a class=\"back-to-top\" href=\"#top\">Volver arriba<\/a><\/p>\n\n\n\n<h3 class=\"wp-block-heading has-large-font-size\">4. <strong>Esta secci\u00f3n no busca limitar ni entrar en conflicto con ninguna ley u ordenanza federal, estatal o local;<\/strong><\/h3>\n\n\n\n<p>o para evitar que cualquier agencia o entidad encargada de hacer cumplir la ley tome cualquier acci\u00f3n legal contra cualquier<br>persona en un veh\u00edculo SunRail, instalaci\u00f3n SunRail o propiedad del FDOT. <a class=\"back-to-top\" href=\"#top\">Volver arriba<\/a><\/p>\n\n\n\n<hr class=\"wp-block-separator has-alpha-channel-opacity\"\/>\n\n\n\n<h2 class=\"wp-block-heading\" id=\"publication\">Publicaci\u00f3n<\/h2>\n\n\n\n<p>Este C\u00f3digo de conducta est\u00e1 disponible en l\u00ednea en el sitio web de SunRail, <a href=\"https:\/\/sunrail.com\/es\/\">www.sunrail.com<\/a> y est\u00e1 publicado en todas las estaciones de SunRail. Las copias impresas est\u00e1n disponibles sin costo en la oficina principal de SunRail en 801 SunRail Drive, Sanford, FL. 32771.<\/p>\n\n\n\n<p><strong>A partir del 1 de abril de 2014.<\/strong><\/p>\n\n\n\n<p> <a class=\"back-to-top\" href=\"#top\">Volver arriba<\/a><\/p>\n<\/div>\n<\/div>\n\n\n\n<div style=\"height:96px\" aria-hidden=\"true\" class=\"wp-block-spacer\"><\/div>","protected":false},"excerpt":{"rendered":"<p>Prop\u00f3sito y alcance. Este C\u00f3digo de Conducta es una regla que proporciona est\u00e1ndares de conducta y comportamiento aplicables a todos los pasajeros de veh\u00edculos SunRail que operan en el Corredor Ferroviario de Florida Central (CFRC), las Instalaciones CFRC y\/o la Propiedad FDOT, para garantizar la seguridad y comodidad de todos. pasajeros, conductores y p\u00fablico en general que utilizan SunRail\u2026<\/p>","protected":false},"author":1,"featured_media":0,"parent":14738,"menu_order":1,"comment_status":"closed","ping_status":"closed","template":"","meta":{"_acf_changed":false,"footnotes":""},"class_list":{"2":"type-page"},"acf":[],"yoast_head":"<!-- This site is optimized with the Yoast SEO plugin v27.2 - https:\/\/yoast.com\/product\/yoast-seo-wordpress\/ -->\n<title>Rules of Conduct - SunRail<\/title>\n<meta name=\"robots\" content=\"index, follow, max-snippet:-1, max-image-preview:large, max-video-preview:-1\" \/>\n<link rel=\"canonical\" href=\"https:\/\/sunrail.com\/es\/legal-policies\/rules-of-conduct\/\" \/>\n<meta property=\"og:locale\" content=\"es_ES\" \/>\n<meta property=\"og:type\" content=\"article\" \/>\n<meta property=\"og:title\" content=\"Rules of Conduct - SunRail\" \/>\n<meta property=\"og:description\" content=\"Purpose and Scope. This Code of Conduct is a rule providing standards of conduct and behavior applicable to all passengers on SunRail vehicles operating on the Central Florida Rail Corridor (CFRC), CFRC Facilities and\/or FDOT Property, to ensure the safety, security, and comfort of all passengers, drivers and the public at large that use SunRail&hellip;\" \/>\n<meta property=\"og:url\" content=\"https:\/\/sunrail.com\/es\/legal-policies\/rules-of-conduct\/\" \/>\n<meta property=\"og:site_name\" content=\"SunRail\" \/>\n<meta property=\"article:publisher\" content=\"https:\/\/www.facebook.com\/RideSunRail\" \/>\n<meta property=\"article:modified_time\" content=\"2026-04-01T18:36:18+00:00\" \/>\n<meta name=\"twitter:card\" content=\"summary_large_image\" \/>\n<meta name=\"twitter:site\" content=\"@ridesunrail\" \/>\n<meta name=\"twitter:label1\" content=\"Est. reading time\" \/>\n\t<meta name=\"twitter:data1\" content=\"6 minutes\" \/>\n<script type=\"application\/ld+json\" class=\"yoast-schema-graph\">{\"@context\":\"https:\/\/schema.org\",\"@graph\":[{\"@type\":\"WebPage\",\"@id\":\"https:\/\/sunrail.com\/legal-policies\/rules-of-conduct\/\",\"url\":\"https:\/\/sunrail.com\/legal-policies\/rules-of-conduct\/\",\"name\":\"Rules of Conduct - SunRail\",\"isPartOf\":{\"@id\":\"https:\/\/sunrail.com\/#website\"},\"datePublished\":\"2024-01-17T22:03:38+00:00\",\"dateModified\":\"2026-04-01T18:36:18+00:00\",\"breadcrumb\":{\"@id\":\"https:\/\/sunrail.com\/legal-policies\/rules-of-conduct\/#breadcrumb\"},\"inLanguage\":\"es-CO\",\"potentialAction\":[{\"@type\":\"ReadAction\",\"target\":[\"https:\/\/sunrail.com\/legal-policies\/rules-of-conduct\/\"]}]},{\"@type\":\"BreadcrumbList\",\"@id\":\"https:\/\/sunrail.com\/legal-policies\/rules-of-conduct\/#breadcrumb\",\"itemListElement\":[{\"@type\":\"ListItem\",\"position\":1,\"name\":\"Home\",\"item\":\"https:\/\/sunrail.com\/\"},{\"@type\":\"ListItem\",\"position\":2,\"name\":\"Legal Policies\",\"item\":\"https:\/\/sunrail.com\/legal-policies\/\"},{\"@type\":\"ListItem\",\"position\":3,\"name\":\"Rules of Conduct\"}]},{\"@type\":\"WebSite\",\"@id\":\"https:\/\/sunrail.com\/#website\",\"url\":\"https:\/\/sunrail.com\/\",\"name\":\"SunRail\",\"description\":\"Connecting Communities\",\"publisher\":{\"@id\":\"https:\/\/sunrail.com\/#organization\"},\"potentialAction\":[{\"@type\":\"SearchAction\",\"target\":{\"@type\":\"EntryPoint\",\"urlTemplate\":\"https:\/\/sunrail.com\/?s={search_term_string}\"},\"query-input\":{\"@type\":\"PropertyValueSpecification\",\"valueRequired\":true,\"valueName\":\"search_term_string\"}}],\"inLanguage\":\"es-CO\"},{\"@type\":\"Organization\",\"@id\":\"https:\/\/sunrail.com\/#organization\",\"name\":\"SunRail\",\"url\":\"https:\/\/sunrail.com\/\",\"logo\":{\"@type\":\"ImageObject\",\"inLanguage\":\"es-CO\",\"@id\":\"https:\/\/sunrail.com\/#\/schema\/logo\/image\/\",\"url\":\"https:\/\/sunrail.com\/wp-content\/uploads\/2015\/08\/sunrail-logo.jpg\",\"contentUrl\":\"https:\/\/sunrail.com\/wp-content\/uploads\/2015\/08\/sunrail-logo.jpg\",\"width\":289,\"height\":250,\"caption\":\"SunRail\"},\"image\":{\"@id\":\"https:\/\/sunrail.com\/#\/schema\/logo\/image\/\"},\"sameAs\":[\"https:\/\/www.facebook.com\/RideSunRail\",\"https:\/\/x.com\/ridesunrail\",\"https:\/\/instagram.com\/ridesunrail\/\",\"https:\/\/www.youtube.com\/user\/ridesunrail\"]}]}<\/script>\n<!-- \/ Yoast SEO plugin. -->","yoast_head_json":{"title":"Normas de conducta - SunRail","robots":{"index":"index","follow":"follow","max-snippet":"max-snippet:-1","max-image-preview":"max-image-preview:large","max-video-preview":"max-video-preview:-1"},"canonical":"https:\/\/sunrail.com\/es\/legal-policies\/rules-of-conduct\/","og_locale":"es_ES","og_type":"article","og_title":"Rules of Conduct - SunRail","og_description":"Purpose and Scope. This Code of Conduct is a rule providing standards of conduct and behavior applicable to all passengers on SunRail vehicles operating on the Central Florida Rail Corridor (CFRC), CFRC Facilities and\/or FDOT Property, to ensure the safety, security, and comfort of all passengers, drivers and the public at large that use SunRail&hellip;","og_url":"https:\/\/sunrail.com\/es\/legal-policies\/rules-of-conduct\/","og_site_name":"SunRail","article_publisher":"https:\/\/www.facebook.com\/RideSunRail","article_modified_time":"2026-04-01T18:36:18+00:00","twitter_card":"summary_large_image","twitter_site":"@ridesunrail","twitter_misc":{"Est. reading time":"6 minutes"},"schema":{"@context":"https:\/\/schema.org","@graph":[{"@type":"WebPage","@id":"https:\/\/sunrail.com\/legal-policies\/rules-of-conduct\/","url":"https:\/\/sunrail.com\/legal-policies\/rules-of-conduct\/","name":"Normas de conducta - SunRail","isPartOf":{"@id":"https:\/\/sunrail.com\/#website"},"datePublished":"2024-01-17T22:03:38+00:00","dateModified":"2026-04-01T18:36:18+00:00","breadcrumb":{"@id":"https:\/\/sunrail.com\/legal-policies\/rules-of-conduct\/#breadcrumb"},"inLanguage":"es-CO","potentialAction":[{"@type":"ReadAction","target":["https:\/\/sunrail.com\/legal-policies\/rules-of-conduct\/"]}]},{"@type":"BreadcrumbList","@id":"https:\/\/sunrail.com\/legal-policies\/rules-of-conduct\/#breadcrumb","itemListElement":[{"@type":"ListItem","position":1,"name":"Home","item":"https:\/\/sunrail.com\/"},{"@type":"ListItem","position":2,"name":"Legal Policies","item":"https:\/\/sunrail.com\/legal-policies\/"},{"@type":"ListItem","position":3,"name":"Rules of Conduct"}]},{"@type":"WebSite","@id":"https:\/\/sunrail.com\/#website","url":"https:\/\/sunrail.com\/","name":"SunRail","description":"Conectando comunidades","publisher":{"@id":"https:\/\/sunrail.com\/#organization"},"potentialAction":[{"@type":"SearchAction","target":{"@type":"EntryPoint","urlTemplate":"https:\/\/sunrail.com\/?s={search_term_string}"},"query-input":{"@type":"PropertyValueSpecification","valueRequired":true,"valueName":"search_term_string"}}],"inLanguage":"es-CO"},{"@type":"Organization","@id":"https:\/\/sunrail.com\/#organization","name":"SunRail","url":"https:\/\/sunrail.com\/","logo":{"@type":"ImageObject","inLanguage":"es-CO","@id":"https:\/\/sunrail.com\/#\/schema\/logo\/image\/","url":"https:\/\/sunrail.com\/wp-content\/uploads\/2015\/08\/sunrail-logo.jpg","contentUrl":"https:\/\/sunrail.com\/wp-content\/uploads\/2015\/08\/sunrail-logo.jpg","width":289,"height":250,"caption":"SunRail"},"image":{"@id":"https:\/\/sunrail.com\/#\/schema\/logo\/image\/"},"sameAs":["https:\/\/www.facebook.com\/RideSunRail","https:\/\/x.com\/ridesunrail","https:\/\/instagram.com\/ridesunrail\/","https:\/\/www.youtube.com\/user\/ridesunrail"]}]}},"_links":{"self":[{"href":"https:\/\/sunrail.com\/es\/wp-json\/wp\/v2\/pages\/15623","targetHints":{"allow":["GET"]}}],"collection":[{"href":"https:\/\/sunrail.com\/es\/wp-json\/wp\/v2\/pages"}],"about":[{"href":"https:\/\/sunrail.com\/es\/wp-json\/wp\/v2\/types\/page"}],"author":[{"embeddable":true,"href":"https:\/\/sunrail.com\/es\/wp-json\/wp\/v2\/users\/1"}],"replies":[{"embeddable":true,"href":"https:\/\/sunrail.com\/es\/wp-json\/wp\/v2\/comments?post=15623"}],"version-history":[{"count":5,"href":"https:\/\/sunrail.com\/es\/wp-json\/wp\/v2\/pages\/15623\/revisions"}],"predecessor-version":[{"id":21668,"href":"https:\/\/sunrail.com\/es\/wp-json\/wp\/v2\/pages\/15623\/revisions\/21668"}],"up":[{"embeddable":true,"href":"https:\/\/sunrail.com\/es\/wp-json\/wp\/v2\/pages\/14738"}],"wp:attachment":[{"href":"https:\/\/sunrail.com\/es\/wp-json\/wp\/v2\/media?parent=15623"}],"curies":[{"name":"wp","href":"https:\/\/api.w.org\/{rel}","templated":true}]}}