{"id":16190,"date":"2024-01-29T20:22:23","date_gmt":"2024-01-29T20:22:23","guid":{"rendered":"https:\/\/sunrail.com\/?page_id=16190"},"modified":"2026-03-31T15:21:34","modified_gmt":"2026-03-31T19:21:34","slug":"qualified-transportation-fringe-benefits","status":"publish","type":"page","link":"https:\/\/sunrail.com\/es\/fares-passes\/corporate-program\/qualified-transportation-fringe-benefits\/","title":{"rendered":"Beneficios fiscales para viajeros: beneficios complementarios de transporte calificados"},"content":{"rendered":"<div style=\"height:24px\" aria-hidden=\"true\" class=\"wp-block-spacer\"><\/div>\n\n\n\n<div class=\"wp-block-columns wp-block-columns-has-3 is-layout-flex wp-container-core-columns-is-layout-28f84493 wp-block-columns wp-block-columns-has-3-is-layout-flex\">\n<div class=\"wp-block-column is-layout-flow wp-block-column-is-layout-flow\">\n<ul class=\"wp-block-list list-submenu\">\n<li><a href=\"#pre-tax-commuter-benefits\">Beneficio para viajeros antes de impuestos<\/a><\/li>\n\n\n\n<li><a href=\"#other-commuter-benefit-information\">Otra informaci\u00f3n sobre beneficios para viajeros diarios<\/a><\/li>\n\n\n\n<li><a href=\"#other-details\">Otros detalles<\/a><\/li>\n<\/ul>\n<\/div>\n\n\n\n<div class=\"wp-block-column is-layout-flow wp-block-column-is-layout-flow\" style=\"flex-basis:10%\"><\/div>\n\n\n\n<div class=\"wp-block-column is-layout-flow wp-block-column-is-layout-flow\" style=\"flex-basis:60%\">\n<p class=\"has-primary-aqua-ada-color has-text-color has-link-color has-large-font-size wp-elements-8b1351cdcebc056dbf816dcac26bd656\">La Ley de Reforma Fiscal y Empleos de 2017 realiz\u00f3 varios cambios a la Secci\u00f3n 132 (f) del C\u00f3digo de Rentas Internas<\/p>\n\n\n\n<hr class=\"wp-block-separator has-text-color has-monotone-gray-4-color has-alpha-channel-opacity has-monotone-gray-4-background-color has-background\"\/>\n\n\n\n<p>El Departamento de Transporte de Florida (FDOT), sus empleados y equipos de apoyo no brindan asesoramiento fiscal, legal o contable. La siguiente informaci\u00f3n tiene fines informativos \u00fanicamente y no pretende proporcionar, ni debe confiarse en ella, para asesoramiento fiscal, legal o contable. Las empresas y los individuos deben consultar a sus propios asesores fiscales, legales y contables antes de lanzar un programa calificado de beneficios complementarios de transporte.<\/p>\n\n\n\n<p>Bajo <strong>Secci\u00f3n 132(f)<\/strong> (<a href=\"https:\/\/www.irs.gov\/pub\/irs-drop\/rr-14-32.pdf\" target=\"_blank\" rel=\"noreferrer noopener\" title=\"Descargue el PDF desde www.irs.gov\">Descargue www.irs.gov\/pub\/irs-drop\/rr-14-32.pdf<\/a>)del C\u00f3digo de Rentas Internas \u2013 conocido como Beneficios de Transporte Calificados<br>Beneficios: los empleadores pueden ofrecer un beneficio para viajeros antes de impuestos. Este programa salva al empleador<br>impuestos relacionados con la n\u00f3mina, adem\u00e1s de ahorrarle dinero al empleado en impuestos federales sobre la renta. <a href=\"#top\" class=\"back-to-top\">Volver arriba<\/a><\/p>\n\n\n\n<h2 class=\"wp-block-heading\" id=\"pre-tax-commuter-benefits\">Beneficios para viajeros antes de impuestos<\/h2>\n\n\n\n<ul class=\"wp-block-list\">\n<li>El empleador permite a los empleados utilizar sus ingresos antes de impuestos (hasta $315 al mes) para pagar un pase de tr\u00e1nsito o cubrir los gastos del transporte compartido.<\/li>\n\n\n\n<li>Permitir que sus empleados designen parte de sus ingresos como &quot;antes de impuestos&quot; reduce la cantidad que su empresa paga en impuestos sobre la n\u00f3mina. <a class=\"back-to-top\" href=\"#top\">Volver arriba<\/a><\/li>\n<\/ul>\n\n\n\n<h2 class=\"wp-block-heading\" id=\"other-commuter-benefit-information\">Otra informaci\u00f3n sobre beneficios para viajeros diarios<\/h2>\n\n\n\n<ul class=\"wp-block-list\">\n<li>Los empleadores pueden proporcionar hasta $315 por mes a empleados individuales para pagar un pase de tr\u00e1nsito o estacionamiento calificado como beneficio complementario de transporte calificado, que est\u00e1 excluido de los salarios sujetos a impuestos de un empleado.<\/li>\n\n\n\n<li>Las empresas ya no podr\u00e1n deducir el costo de brindar o implementar este beneficio. <a class=\"back-to-top\" href=\"#top\">Volver arriba<\/a><\/li>\n<\/ul>\n\n\n\n<h2 class=\"wp-block-heading\" id=\"other-details\">Otros detalles<\/h2>\n\n\n\n<p>A partir de 2018, las organizaciones sin fines de lucro que brindan beneficios complementarios de transporte calificados a sus empleados pueden estar sujetas a impuestos sobre la renta comercial no relacionados. Las empresas de todo tipo deben trabajar con sus profesionales de impuestos para determinar los detalles fiscales del programa y c\u00f3mo afectar\u00e1n a su empresa. <a class=\"back-to-top\" href=\"#top\">Volver arriba<\/a><br><br><\/p>\n<\/div>\n<\/div>\n\n\n\n<div style=\"height:96px\" aria-hidden=\"true\" class=\"wp-block-spacer\"><\/div>","protected":false},"excerpt":{"rendered":"<p>La Ley de Empleos y Reforma Fiscal de 2017 realiz\u00f3 varios cambios en la Secci\u00f3n 132(f) del C\u00f3digo de Impuestos Internos. El Departamento de Transporte de Florida (FDOT), sus empleados y equipos de apoyo no brindan asesoramiento fiscal, legal o contable. La siguiente informaci\u00f3n es s\u00f3lo para fines informativos y no pretende proporcionar, ni debe ser...<\/p>","protected":false},"author":1,"featured_media":0,"parent":14713,"menu_order":0,"comment_status":"closed","ping_status":"closed","template":"","meta":{"_acf_changed":false,"footnotes":""},"class_list":{"2":"type-page"},"acf":[],"yoast_head":"<!-- This site is optimized with the Yoast SEO plugin v27.2 - https:\/\/yoast.com\/product\/yoast-seo-wordpress\/ -->\n<title>Commuter Tax Benefits: Qualified Transportation Fringe Benefits - SunRail<\/title>\n<meta name=\"robots\" content=\"index, follow, max-snippet:-1, max-image-preview:large, max-video-preview:-1\" \/>\n<link rel=\"canonical\" href=\"https:\/\/sunrail.com\/es\/fares-passes\/corporate-program\/qualified-transportation-fringe-benefits\/\" \/>\n<meta property=\"og:locale\" content=\"es_ES\" \/>\n<meta property=\"og:type\" content=\"article\" \/>\n<meta property=\"og:title\" content=\"Commuter Tax Benefits: Qualified Transportation Fringe Benefits - SunRail\" \/>\n<meta property=\"og:description\" content=\"The Tax Reform and Jobs Act of 2017 made several changes to Section 132(f) of the Internal Revenue Code Florida Department of Transportation (FDOT), its employees, and supporting teams do not provide tax, legal, or accounting advice. The following information is for informational purposes only, and is not intended to provide, nor should it be&hellip;\" \/>\n<meta property=\"og:url\" content=\"https:\/\/sunrail.com\/es\/fares-passes\/corporate-program\/qualified-transportation-fringe-benefits\/\" \/>\n<meta property=\"og:site_name\" content=\"SunRail\" \/>\n<meta property=\"article:publisher\" content=\"https:\/\/www.facebook.com\/RideSunRail\" \/>\n<meta property=\"article:modified_time\" content=\"2026-03-31T19:21:34+00:00\" \/>\n<meta name=\"twitter:card\" content=\"summary_large_image\" \/>\n<meta name=\"twitter:site\" content=\"@ridesunrail\" \/>\n<meta name=\"twitter:label1\" content=\"Est. reading time\" \/>\n\t<meta name=\"twitter:data1\" content=\"2 minutes\" \/>\n<script type=\"application\/ld+json\" class=\"yoast-schema-graph\">{\"@context\":\"https:\/\/schema.org\",\"@graph\":[{\"@type\":\"WebPage\",\"@id\":\"https:\/\/sunrail.com\/fares-passes\/corporate-program\/qualified-transportation-fringe-benefits\/\",\"url\":\"https:\/\/sunrail.com\/fares-passes\/corporate-program\/qualified-transportation-fringe-benefits\/\",\"name\":\"Commuter Tax Benefits: Qualified Transportation Fringe Benefits - SunRail\",\"isPartOf\":{\"@id\":\"https:\/\/sunrail.com\/#website\"},\"datePublished\":\"2024-01-29T20:22:23+00:00\",\"dateModified\":\"2026-03-31T19:21:34+00:00\",\"breadcrumb\":{\"@id\":\"https:\/\/sunrail.com\/fares-passes\/corporate-program\/qualified-transportation-fringe-benefits\/#breadcrumb\"},\"inLanguage\":\"es-CO\",\"potentialAction\":[{\"@type\":\"ReadAction\",\"target\":[\"https:\/\/sunrail.com\/fares-passes\/corporate-program\/qualified-transportation-fringe-benefits\/\"]}]},{\"@type\":\"BreadcrumbList\",\"@id\":\"https:\/\/sunrail.com\/fares-passes\/corporate-program\/qualified-transportation-fringe-benefits\/#breadcrumb\",\"itemListElement\":[{\"@type\":\"ListItem\",\"position\":1,\"name\":\"Home\",\"item\":\"https:\/\/sunrail.com\/\"},{\"@type\":\"ListItem\",\"position\":2,\"name\":\"Fares &amp; Passes\",\"item\":\"https:\/\/sunrail.com\/fares-passes\/\"},{\"@type\":\"ListItem\",\"position\":3,\"name\":\"Corporate Program\",\"item\":\"https:\/\/sunrail.com\/fares-passes\/corporate-program\/\"},{\"@type\":\"ListItem\",\"position\":4,\"name\":\"Commuter Tax Benefits: Qualified Transportation Fringe Benefits\"}]},{\"@type\":\"WebSite\",\"@id\":\"https:\/\/sunrail.com\/#website\",\"url\":\"https:\/\/sunrail.com\/\",\"name\":\"SunRail\",\"description\":\"Connecting Communities\",\"publisher\":{\"@id\":\"https:\/\/sunrail.com\/#organization\"},\"potentialAction\":[{\"@type\":\"SearchAction\",\"target\":{\"@type\":\"EntryPoint\",\"urlTemplate\":\"https:\/\/sunrail.com\/?s={search_term_string}\"},\"query-input\":{\"@type\":\"PropertyValueSpecification\",\"valueRequired\":true,\"valueName\":\"search_term_string\"}}],\"inLanguage\":\"es-CO\"},{\"@type\":\"Organization\",\"@id\":\"https:\/\/sunrail.com\/#organization\",\"name\":\"SunRail\",\"url\":\"https:\/\/sunrail.com\/\",\"logo\":{\"@type\":\"ImageObject\",\"inLanguage\":\"es-CO\",\"@id\":\"https:\/\/sunrail.com\/#\/schema\/logo\/image\/\",\"url\":\"https:\/\/sunrail.com\/wp-content\/uploads\/2015\/08\/sunrail-logo.jpg\",\"contentUrl\":\"https:\/\/sunrail.com\/wp-content\/uploads\/2015\/08\/sunrail-logo.jpg\",\"width\":289,\"height\":250,\"caption\":\"SunRail\"},\"image\":{\"@id\":\"https:\/\/sunrail.com\/#\/schema\/logo\/image\/\"},\"sameAs\":[\"https:\/\/www.facebook.com\/RideSunRail\",\"https:\/\/x.com\/ridesunrail\",\"https:\/\/instagram.com\/ridesunrail\/\",\"https:\/\/www.youtube.com\/user\/ridesunrail\"]}]}<\/script>\n<!-- \/ Yoast SEO plugin. -->","yoast_head_json":{"title":"Beneficios fiscales para viajeros: Beneficios complementarios de transporte calificados - SunRail","robots":{"index":"index","follow":"follow","max-snippet":"max-snippet:-1","max-image-preview":"max-image-preview:large","max-video-preview":"max-video-preview:-1"},"canonical":"https:\/\/sunrail.com\/es\/fares-passes\/corporate-program\/qualified-transportation-fringe-benefits\/","og_locale":"es_ES","og_type":"article","og_title":"Commuter Tax Benefits: Qualified Transportation Fringe Benefits - SunRail","og_description":"The Tax Reform and Jobs Act of 2017 made several changes to Section 132(f) of the Internal Revenue Code Florida Department of Transportation (FDOT), its employees, and supporting teams do not provide tax, legal, or accounting advice. The following information is for informational purposes only, and is not intended to provide, nor should it be&hellip;","og_url":"https:\/\/sunrail.com\/es\/fares-passes\/corporate-program\/qualified-transportation-fringe-benefits\/","og_site_name":"SunRail","article_publisher":"https:\/\/www.facebook.com\/RideSunRail","article_modified_time":"2026-03-31T19:21:34+00:00","twitter_card":"summary_large_image","twitter_site":"@ridesunrail","twitter_misc":{"Est. reading time":"2 minutes"},"schema":{"@context":"https:\/\/schema.org","@graph":[{"@type":"WebPage","@id":"https:\/\/sunrail.com\/fares-passes\/corporate-program\/qualified-transportation-fringe-benefits\/","url":"https:\/\/sunrail.com\/fares-passes\/corporate-program\/qualified-transportation-fringe-benefits\/","name":"Beneficios fiscales para viajeros: Beneficios complementarios de transporte calificados - SunRail","isPartOf":{"@id":"https:\/\/sunrail.com\/#website"},"datePublished":"2024-01-29T20:22:23+00:00","dateModified":"2026-03-31T19:21:34+00:00","breadcrumb":{"@id":"https:\/\/sunrail.com\/fares-passes\/corporate-program\/qualified-transportation-fringe-benefits\/#breadcrumb"},"inLanguage":"es-CO","potentialAction":[{"@type":"ReadAction","target":["https:\/\/sunrail.com\/fares-passes\/corporate-program\/qualified-transportation-fringe-benefits\/"]}]},{"@type":"BreadcrumbList","@id":"https:\/\/sunrail.com\/fares-passes\/corporate-program\/qualified-transportation-fringe-benefits\/#breadcrumb","itemListElement":[{"@type":"ListItem","position":1,"name":"Home","item":"https:\/\/sunrail.com\/"},{"@type":"ListItem","position":2,"name":"Fares &amp; Passes","item":"https:\/\/sunrail.com\/fares-passes\/"},{"@type":"ListItem","position":3,"name":"Corporate Program","item":"https:\/\/sunrail.com\/fares-passes\/corporate-program\/"},{"@type":"ListItem","position":4,"name":"Commuter Tax Benefits: Qualified Transportation Fringe Benefits"}]},{"@type":"WebSite","@id":"https:\/\/sunrail.com\/#website","url":"https:\/\/sunrail.com\/","name":"SunRail","description":"Conectando comunidades","publisher":{"@id":"https:\/\/sunrail.com\/#organization"},"potentialAction":[{"@type":"SearchAction","target":{"@type":"EntryPoint","urlTemplate":"https:\/\/sunrail.com\/?s={search_term_string}"},"query-input":{"@type":"PropertyValueSpecification","valueRequired":true,"valueName":"search_term_string"}}],"inLanguage":"es-CO"},{"@type":"Organization","@id":"https:\/\/sunrail.com\/#organization","name":"SunRail","url":"https:\/\/sunrail.com\/","logo":{"@type":"ImageObject","inLanguage":"es-CO","@id":"https:\/\/sunrail.com\/#\/schema\/logo\/image\/","url":"https:\/\/sunrail.com\/wp-content\/uploads\/2015\/08\/sunrail-logo.jpg","contentUrl":"https:\/\/sunrail.com\/wp-content\/uploads\/2015\/08\/sunrail-logo.jpg","width":289,"height":250,"caption":"SunRail"},"image":{"@id":"https:\/\/sunrail.com\/#\/schema\/logo\/image\/"},"sameAs":["https:\/\/www.facebook.com\/RideSunRail","https:\/\/x.com\/ridesunrail","https:\/\/instagram.com\/ridesunrail\/","https:\/\/www.youtube.com\/user\/ridesunrail"]}]}},"_links":{"self":[{"href":"https:\/\/sunrail.com\/es\/wp-json\/wp\/v2\/pages\/16190","targetHints":{"allow":["GET"]}}],"collection":[{"href":"https:\/\/sunrail.com\/es\/wp-json\/wp\/v2\/pages"}],"about":[{"href":"https:\/\/sunrail.com\/es\/wp-json\/wp\/v2\/types\/page"}],"author":[{"embeddable":true,"href":"https:\/\/sunrail.com\/es\/wp-json\/wp\/v2\/users\/1"}],"replies":[{"embeddable":true,"href":"https:\/\/sunrail.com\/es\/wp-json\/wp\/v2\/comments?post=16190"}],"version-history":[{"count":1,"href":"https:\/\/sunrail.com\/es\/wp-json\/wp\/v2\/pages\/16190\/revisions"}],"predecessor-version":[{"id":21593,"href":"https:\/\/sunrail.com\/es\/wp-json\/wp\/v2\/pages\/16190\/revisions\/21593"}],"up":[{"embeddable":true,"href":"https:\/\/sunrail.com\/es\/wp-json\/wp\/v2\/pages\/14713"}],"wp:attachment":[{"href":"https:\/\/sunrail.com\/es\/wp-json\/wp\/v2\/media?parent=16190"}],"curies":[{"name":"wp","href":"https:\/\/api.w.org\/{rel}","templated":true}]}}