{"id":16197,"date":"2024-01-29T21:37:50","date_gmt":"2024-01-29T21:37:50","guid":{"rendered":"https:\/\/sunrail.com\/?page_id=16197"},"modified":"2025-04-11T18:54:51","modified_gmt":"2025-04-11T22:54:51","slug":"commuter-tax-benefits-bulk-upload-tips","status":"publish","type":"page","link":"https:\/\/sunrail.com\/es\/fares-passes\/corporate-program\/commuter-tax-benefits-bulk-upload-tips\/","title":{"rendered":"Beneficios fiscales para viajeros: consejos para carga masiva"},"content":{"rendered":"<div style=\"height:24px\" aria-hidden=\"true\" class=\"wp-block-spacer\"><\/div>\n\n\n\n<div class=\"wp-block-columns wp-block-columns-has-3 is-layout-flex wp-container-core-columns-is-layout-28f84493 wp-block-columns wp-block-columns-has-3-is-layout-flex\">\n<div class=\"wp-block-column is-layout-flow wp-block-column-is-layout-flow\">\n<ul class=\"wp-block-list list-submenu\">\n<li><a href=\"#riders\">Para pasajeros de SunRail<\/a><\/li>\n\n\n\n<li><a href=\"#tips\">Consejos para mantener activa su SunCard<\/a><\/li>\n<\/ul>\n<\/div>\n\n\n\n<div class=\"wp-block-column is-layout-flow wp-block-column-is-layout-flow\" style=\"flex-basis:10%\"><\/div>\n\n\n\n<div class=\"wp-block-column is-layout-flow wp-block-column-is-layout-flow\" style=\"flex-basis:60%\">\n<p class=\"has-primary-aqua-ada-color has-text-color has-link-color has-x-large-font-size wp-elements-7f3bc9686bdf7b5b1995d298dfb08431\">Bienvenido. \u00a1Gracias por ser parte del programa de beneficios para viajeros diarios de SunRail!<\/p>\n\n\n\n<hr class=\"wp-block-separator has-text-color has-monotone-gray-4-color has-alpha-channel-opacity has-monotone-gray-4-background-color has-background\"\/>\n\n\n\n<h2 class=\"wp-block-heading\" id=\"riders\">Para pasajeros de SunRail<\/h2>\n\n\n\n<ol class=\"wp-block-list\">\n<li><strong>Registro de tarjeta: <\/strong>Las SunCards deben estar registradas. Registre su SunCard en Account.SunRail.com.<\/li>\n\n\n\n<li><strong>Fecha de carga: <\/strong>Las cargas masivas se realizan entre el 20 y el 25 del mes durante el siguiente per\u00edodo de 30 d\u00edas.<\/li>\n\n\n\n<li><strong>Pase mensual:<\/strong>\n<ul class=\"wp-block-list\">\n<li><strong>Fecha de inicio del per\u00edodo: T<\/strong>El per\u00edodo de 30 d\u00edas comienza una vez activado el pase.<br><em>(Las tarjetas se activan cuando se tocan en el validador de boletos de una estaci\u00f3n).<\/em><\/li>\n\n\n\n<li><strong>Duraci\u00f3n del per\u00edodo: <\/strong>Los pases mensuales tienen una validez de 30 d\u00edas naturales consecutivos.<\/li>\n\n\n\n<li><strong>Primero del mes: <\/strong>Los pases mensuales <span style=\"text-decoration: underline;\"><strong>NO<\/strong><\/span> comienza el primero del mes, a menos que el primero sea cuando el titular de la SunCard activa el pase tocando en.<\/li>\n<\/ul>\n<\/li>\n\n\n\n<li><strong>Productos: <\/strong>Las SunCards pueden contener un pase mensual y saldo acumulado simult\u00e1neamente. Recomendamos a todos los titulares de pases mensuales que carguen al menos $10.00 de saldo acumulado en su SunCard como reserva por si su pase vence antes de que se cargue uno nuevo.<\/li>\n\n\n\n<li><strong>Tocando: <\/strong>Al pulsar, el sistema reconocer\u00e1 autom\u00e1ticamente primero un pase mensual o anual v\u00e1lido. Si el pase ha caducado, el sistema usar\u00e1 el valor almacenado.<\/li>\n\n\n\n<li><strong>Tarjetas SunCard v\u00e1lidas: <\/strong>Las SunCards deben tener saldo positivo y estado activo.<\/li>\n\n\n\n<li><strong>Tarjetas destacadas: <\/strong>Las SunCards incluidas en la lista caliente son tarjetas que se han desactivado temporalmente por no activarse o desactivarse o por tener un saldo negativo pendiente. Las SunCards que est\u00e9n en la lista favorita o que tengan un saldo negativo NO procesar\u00e1n la carga.<br><em>(\u00a1Hemos visto cargas fallidas por tan solo un saldo negativo de 40 centavos!).<\/em> <a class=\"back-to-top\" href=\"#top\">Volver arriba<\/a><\/li>\n<\/ol>\n\n\n\n<h2 class=\"wp-block-heading\" id=\"tips\">Consejos para mantener activa su SunCard<\/h2>\n\n\n\n<ul class=\"wp-block-list\">\n<li>Consulta el saldo de tu SunCard entre el 20 y 25 de cada mes en <a href=\"https:\/\/account.SunRail.com\" target=\"_blank\" rel=\"noreferrer noopener\">cuenta.SunRail.com<\/a> o en una m\u00e1quina expendedora de billetes de estaci\u00f3n.<\/li>\n\n\n\n<li>Al usar Valor Almacenado, calcule el costo de su viaje planificado y aseg\u00farese de que su SunCard tenga suficiente saldo para completarlo. Puede usar la tarjeta SunRail. <a href=\"\/es\/trip-planner\/\" target=\"_blank\" rel=\"noreferrer noopener\">Planificador de Viaje<\/a> para ayudar a estimar los costos de las tarifas.<\/li>\n\n\n\n<li><a href=\"https:\/\/sunrail.com\/es\/riding-sunrail\/using-sunrail\/#Staff\" target=\"_blank\" rel=\"noreferrer noopener\">Embajadores<\/a> est\u00e1n disponibles en determinados momentos en las plataformas si necesita ayuda. Tambi\u00e9n hay una <a href=\"https:\/\/sunrail.com\/es\/riding-sunrail\/station-amenities\/#assistance-security\" target=\"_blank\" rel=\"noreferrer noopener\">Tel\u00e9fono de Acceso de Pasajeros (PAT)<\/a> en cada estaci\u00f3n. Esta es una llamada directa y gratuita a nuestro centro de atenci\u00f3n al cliente. <a class=\"back-to-top\" href=\"#top\">Volver arriba<\/a><\/li>\n<\/ul>\n<\/div>\n<\/div>\n\n\n\n<div style=\"height:96px\" aria-hidden=\"true\" class=\"wp-block-spacer\"><\/div>","protected":false},"excerpt":{"rendered":"<p>Bienvenido. \u00a1Gracias por ser parte del programa de beneficios para viajeros diarios de SunRail! Para usuarios de SunRail Consejos para mantener activa su SunCard<\/p>","protected":false},"author":1,"featured_media":0,"parent":14713,"menu_order":0,"comment_status":"closed","ping_status":"closed","template":"","meta":{"_acf_changed":false,"footnotes":""},"class_list":{"2":"type-page"},"acf":[],"yoast_head":"<!-- This site is optimized with the Yoast SEO plugin v27.2 - https:\/\/yoast.com\/product\/yoast-seo-wordpress\/ -->\n<title>Commuter Tax Benefits: Bulk Upload Tips - SunRail<\/title>\n<meta name=\"robots\" content=\"index, follow, max-snippet:-1, max-image-preview:large, max-video-preview:-1\" \/>\n<link rel=\"canonical\" href=\"https:\/\/sunrail.com\/es\/fares-passes\/corporate-program\/commuter-tax-benefits-bulk-upload-tips\/\" \/>\n<meta property=\"og:locale\" content=\"es_ES\" \/>\n<meta property=\"og:type\" content=\"article\" \/>\n<meta property=\"og:title\" content=\"Commuter Tax Benefits: Bulk Upload Tips - SunRail\" \/>\n<meta property=\"og:description\" content=\"Welcome. Thank you for being a part of the SunRail Commuter Benefit Program! For SunRail Riders Tips for Keeping Your SunCard Active\" \/>\n<meta property=\"og:url\" content=\"https:\/\/sunrail.com\/es\/fares-passes\/corporate-program\/commuter-tax-benefits-bulk-upload-tips\/\" \/>\n<meta property=\"og:site_name\" content=\"SunRail\" \/>\n<meta property=\"article:publisher\" content=\"https:\/\/www.facebook.com\/RideSunRail\" \/>\n<meta property=\"article:modified_time\" content=\"2025-04-11T22:54:51+00:00\" \/>\n<meta name=\"twitter:card\" content=\"summary_large_image\" \/>\n<meta name=\"twitter:site\" content=\"@ridesunrail\" \/>\n<meta name=\"twitter:label1\" content=\"Est. reading time\" \/>\n\t<meta name=\"twitter:data1\" content=\"2 minutes\" \/>\n<script type=\"application\/ld+json\" class=\"yoast-schema-graph\">{\"@context\":\"https:\/\/schema.org\",\"@graph\":[{\"@type\":\"WebPage\",\"@id\":\"https:\/\/sunrail.com\/fares-passes\/corporate-program\/commuter-tax-benefits-bulk-upload-tips\/\",\"url\":\"https:\/\/sunrail.com\/fares-passes\/corporate-program\/commuter-tax-benefits-bulk-upload-tips\/\",\"name\":\"Commuter Tax Benefits: Bulk Upload Tips - SunRail\",\"isPartOf\":{\"@id\":\"https:\/\/sunrail.com\/#website\"},\"datePublished\":\"2024-01-29T21:37:50+00:00\",\"dateModified\":\"2025-04-11T22:54:51+00:00\",\"breadcrumb\":{\"@id\":\"https:\/\/sunrail.com\/fares-passes\/corporate-program\/commuter-tax-benefits-bulk-upload-tips\/#breadcrumb\"},\"inLanguage\":\"es-CO\",\"potentialAction\":[{\"@type\":\"ReadAction\",\"target\":[\"https:\/\/sunrail.com\/fares-passes\/corporate-program\/commuter-tax-benefits-bulk-upload-tips\/\"]}]},{\"@type\":\"BreadcrumbList\",\"@id\":\"https:\/\/sunrail.com\/fares-passes\/corporate-program\/commuter-tax-benefits-bulk-upload-tips\/#breadcrumb\",\"itemListElement\":[{\"@type\":\"ListItem\",\"position\":1,\"name\":\"Home\",\"item\":\"https:\/\/sunrail.com\/\"},{\"@type\":\"ListItem\",\"position\":2,\"name\":\"Fares &amp; Passes\",\"item\":\"https:\/\/sunrail.com\/fares-passes\/\"},{\"@type\":\"ListItem\",\"position\":3,\"name\":\"Corporate Program\",\"item\":\"https:\/\/sunrail.com\/fares-passes\/corporate-program\/\"},{\"@type\":\"ListItem\",\"position\":4,\"name\":\"Commuter Tax Benefits: Bulk Upload Tips\"}]},{\"@type\":\"WebSite\",\"@id\":\"https:\/\/sunrail.com\/#website\",\"url\":\"https:\/\/sunrail.com\/\",\"name\":\"SunRail\",\"description\":\"Connecting Communities\",\"publisher\":{\"@id\":\"https:\/\/sunrail.com\/#organization\"},\"potentialAction\":[{\"@type\":\"SearchAction\",\"target\":{\"@type\":\"EntryPoint\",\"urlTemplate\":\"https:\/\/sunrail.com\/?s={search_term_string}\"},\"query-input\":{\"@type\":\"PropertyValueSpecification\",\"valueRequired\":true,\"valueName\":\"search_term_string\"}}],\"inLanguage\":\"es-CO\"},{\"@type\":\"Organization\",\"@id\":\"https:\/\/sunrail.com\/#organization\",\"name\":\"SunRail\",\"url\":\"https:\/\/sunrail.com\/\",\"logo\":{\"@type\":\"ImageObject\",\"inLanguage\":\"es-CO\",\"@id\":\"https:\/\/sunrail.com\/#\/schema\/logo\/image\/\",\"url\":\"https:\/\/sunrail.com\/wp-content\/uploads\/2015\/08\/sunrail-logo.jpg\",\"contentUrl\":\"https:\/\/sunrail.com\/wp-content\/uploads\/2015\/08\/sunrail-logo.jpg\",\"width\":289,\"height\":250,\"caption\":\"SunRail\"},\"image\":{\"@id\":\"https:\/\/sunrail.com\/#\/schema\/logo\/image\/\"},\"sameAs\":[\"https:\/\/www.facebook.com\/RideSunRail\",\"https:\/\/x.com\/ridesunrail\",\"https:\/\/instagram.com\/ridesunrail\/\",\"https:\/\/www.youtube.com\/user\/ridesunrail\"]}]}<\/script>\n<!-- \/ Yoast SEO plugin. -->","yoast_head_json":{"title":"Commuter Tax Benefits: Bulk Upload Tips - SunRail","robots":{"index":"index","follow":"follow","max-snippet":"max-snippet:-1","max-image-preview":"max-image-preview:large","max-video-preview":"max-video-preview:-1"},"canonical":"https:\/\/sunrail.com\/es\/fares-passes\/corporate-program\/commuter-tax-benefits-bulk-upload-tips\/","og_locale":"es_ES","og_type":"article","og_title":"Commuter Tax Benefits: Bulk Upload Tips - SunRail","og_description":"Welcome. Thank you for being a part of the SunRail Commuter Benefit Program! For SunRail Riders Tips for Keeping Your SunCard Active","og_url":"https:\/\/sunrail.com\/es\/fares-passes\/corporate-program\/commuter-tax-benefits-bulk-upload-tips\/","og_site_name":"SunRail","article_publisher":"https:\/\/www.facebook.com\/RideSunRail","article_modified_time":"2025-04-11T22:54:51+00:00","twitter_card":"summary_large_image","twitter_site":"@ridesunrail","twitter_misc":{"Est. reading time":"2 minutes"},"schema":{"@context":"https:\/\/schema.org","@graph":[{"@type":"WebPage","@id":"https:\/\/sunrail.com\/fares-passes\/corporate-program\/commuter-tax-benefits-bulk-upload-tips\/","url":"https:\/\/sunrail.com\/fares-passes\/corporate-program\/commuter-tax-benefits-bulk-upload-tips\/","name":"Commuter Tax Benefits: Bulk Upload Tips - SunRail","isPartOf":{"@id":"https:\/\/sunrail.com\/#website"},"datePublished":"2024-01-29T21:37:50+00:00","dateModified":"2025-04-11T22:54:51+00:00","breadcrumb":{"@id":"https:\/\/sunrail.com\/fares-passes\/corporate-program\/commuter-tax-benefits-bulk-upload-tips\/#breadcrumb"},"inLanguage":"es-CO","potentialAction":[{"@type":"ReadAction","target":["https:\/\/sunrail.com\/fares-passes\/corporate-program\/commuter-tax-benefits-bulk-upload-tips\/"]}]},{"@type":"BreadcrumbList","@id":"https:\/\/sunrail.com\/fares-passes\/corporate-program\/commuter-tax-benefits-bulk-upload-tips\/#breadcrumb","itemListElement":[{"@type":"ListItem","position":1,"name":"Home","item":"https:\/\/sunrail.com\/"},{"@type":"ListItem","position":2,"name":"Fares &amp; Passes","item":"https:\/\/sunrail.com\/fares-passes\/"},{"@type":"ListItem","position":3,"name":"Corporate Program","item":"https:\/\/sunrail.com\/fares-passes\/corporate-program\/"},{"@type":"ListItem","position":4,"name":"Commuter Tax Benefits: Bulk Upload Tips"}]},{"@type":"WebSite","@id":"https:\/\/sunrail.com\/#website","url":"https:\/\/sunrail.com\/","name":"SunRail","description":"Conectando comunidades","publisher":{"@id":"https:\/\/sunrail.com\/#organization"},"potentialAction":[{"@type":"SearchAction","target":{"@type":"EntryPoint","urlTemplate":"https:\/\/sunrail.com\/?s={search_term_string}"},"query-input":{"@type":"PropertyValueSpecification","valueRequired":true,"valueName":"search_term_string"}}],"inLanguage":"es-CO"},{"@type":"Organization","@id":"https:\/\/sunrail.com\/#organization","name":"SunRail","url":"https:\/\/sunrail.com\/","logo":{"@type":"ImageObject","inLanguage":"es-CO","@id":"https:\/\/sunrail.com\/#\/schema\/logo\/image\/","url":"https:\/\/sunrail.com\/wp-content\/uploads\/2015\/08\/sunrail-logo.jpg","contentUrl":"https:\/\/sunrail.com\/wp-content\/uploads\/2015\/08\/sunrail-logo.jpg","width":289,"height":250,"caption":"SunRail"},"image":{"@id":"https:\/\/sunrail.com\/#\/schema\/logo\/image\/"},"sameAs":["https:\/\/www.facebook.com\/RideSunRail","https:\/\/x.com\/ridesunrail","https:\/\/instagram.com\/ridesunrail\/","https:\/\/www.youtube.com\/user\/ridesunrail"]}]}},"_links":{"self":[{"href":"https:\/\/sunrail.com\/es\/wp-json\/wp\/v2\/pages\/16197","targetHints":{"allow":["GET"]}}],"collection":[{"href":"https:\/\/sunrail.com\/es\/wp-json\/wp\/v2\/pages"}],"about":[{"href":"https:\/\/sunrail.com\/es\/wp-json\/wp\/v2\/types\/page"}],"author":[{"embeddable":true,"href":"https:\/\/sunrail.com\/es\/wp-json\/wp\/v2\/users\/1"}],"replies":[{"embeddable":true,"href":"https:\/\/sunrail.com\/es\/wp-json\/wp\/v2\/comments?post=16197"}],"version-history":[{"count":0,"href":"https:\/\/sunrail.com\/es\/wp-json\/wp\/v2\/pages\/16197\/revisions"}],"up":[{"embeddable":true,"href":"https:\/\/sunrail.com\/es\/wp-json\/wp\/v2\/pages\/14713"}],"wp:attachment":[{"href":"https:\/\/sunrail.com\/es\/wp-json\/wp\/v2\/media?parent=16197"}],"curies":[{"name":"wp","href":"https:\/\/api.w.org\/{rel}","templated":true}]}}