{"id":16981,"date":"2024-04-13T22:32:16","date_gmt":"2024-04-13T22:32:16","guid":{"rendered":"https:\/\/sunrail.com\/?page_id=16981"},"modified":"2024-04-13T22:32:16","modified_gmt":"2024-04-13T22:32:16","slug":"disclaimer","status":"publish","type":"page","link":"https:\/\/sunrail.com\/es\/apppage\/disclaimer\/","title":{"rendered":"Descargo de responsabilidad"},"content":{"rendered":"<p>El Departamento de Transporte de Florida (FDOT) proporciona la aplicaci\u00f3n m\u00f3vil SunRail \u00fanicamente con fines informativos. El Departamento no ofrece garant\u00edas ni representaciones de ning\u00fan tipo en cuanto al contenido, exactitud o integridad de la informaci\u00f3n contenida en esta aplicaci\u00f3n m\u00f3vil o en los sitios de los enlaces que proporciona en este documento.<\/p>\n\n\n\n<p>La informaci\u00f3n de tr\u00e1fico y tr\u00e1nsito se recopila de una variedad de fuentes y est\u00e1 sujeta a cambios sin previo aviso por parte del Departamento. El FDOT no es responsable de la exactitud de la publicidad de ning\u00fan servicio o producto comercial contenido en este documento.<\/p>\n\n\n\n<p>La aplicaci\u00f3n m\u00f3vil SunRail tiene muchos enlaces a otras organizaciones, como otras agencias, entidades comerciales, instituciones educativas y asociaciones sin fines de lucro. Si bien ofrecemos estos enlaces electr\u00f3nicos para su comodidad al acceder a informaci\u00f3n relacionada con viajes y transporte, tenga en cuenta que cuando sale de la aplicaci\u00f3n m\u00f3vil SunRail, la pol\u00edtica de privacidad vigente para la aplicaci\u00f3n SunRail puede no ser la misma que la de otros sitios m\u00f3viles. . Adem\u00e1s, el FDOT no puede dar fe de la exactitud de la informaci\u00f3n proporcionada por los sitios vinculados. El enlace a un sitio web no constituye un respaldo por parte del FDOT ni de ninguno de sus empleados.<\/p>","protected":false},"excerpt":{"rendered":"<p>El Departamento de Transporte de Florida (FDOT) proporciona la aplicaci\u00f3n m\u00f3vil SunRail \u00fanicamente con fines informativos. El Departamento no ofrece garant\u00edas ni representaciones de ning\u00fan tipo en cuanto al contenido, exactitud o integridad de la informaci\u00f3n contenida en esta aplicaci\u00f3n m\u00f3vil o en los sitios de los enlaces que proporciona en este documento. Informaci\u00f3n de tr\u00e1fico y tr\u00e1nsito...<\/p>","protected":false},"author":1,"featured_media":0,"parent":16980,"menu_order":0,"comment_status":"closed","ping_status":"closed","template":"","meta":{"_acf_changed":false,"footnotes":""},"class_list":{"2":"type-page"},"acf":[],"yoast_head":"<!-- This site is optimized with the Yoast SEO plugin v27.2 - https:\/\/yoast.com\/product\/yoast-seo-wordpress\/ -->\n<title>Disclaimer - SunRail<\/title>\n<meta name=\"robots\" content=\"index, follow, max-snippet:-1, max-image-preview:large, max-video-preview:-1\" \/>\n<link rel=\"canonical\" href=\"https:\/\/sunrail.com\/es\/apppage\/disclaimer\/\" \/>\n<meta property=\"og:locale\" content=\"es_ES\" \/>\n<meta property=\"og:type\" content=\"article\" \/>\n<meta property=\"og:title\" content=\"Disclaimer - SunRail\" \/>\n<meta property=\"og:description\" content=\"The Florida Department of Transportation (FDOT) provides the SunRail mobile app for informational purposes only. The Department makes neither warranties, guarantees nor representations of any kind as to the content, accuracy or completeness of the information contained in this mobile app or in the sites of any links it provides herein. Traffic and transit information&hellip;\" \/>\n<meta property=\"og:url\" content=\"https:\/\/sunrail.com\/es\/apppage\/disclaimer\/\" \/>\n<meta property=\"og:site_name\" content=\"SunRail\" \/>\n<meta property=\"article:publisher\" content=\"https:\/\/www.facebook.com\/RideSunRail\" \/>\n<meta name=\"twitter:card\" content=\"summary_large_image\" \/>\n<meta name=\"twitter:site\" content=\"@ridesunrail\" \/>\n<meta name=\"twitter:label1\" content=\"Est. reading time\" \/>\n\t<meta name=\"twitter:data1\" content=\"1 minute\" \/>\n<script type=\"application\/ld+json\" class=\"yoast-schema-graph\">{\"@context\":\"https:\/\/schema.org\",\"@graph\":[{\"@type\":\"WebPage\",\"@id\":\"https:\/\/sunrail.com\/apppage\/disclaimer\/\",\"url\":\"https:\/\/sunrail.com\/apppage\/disclaimer\/\",\"name\":\"Disclaimer - SunRail\",\"isPartOf\":{\"@id\":\"https:\/\/sunrail.com\/#website\"},\"datePublished\":\"2024-04-13T22:32:16+00:00\",\"breadcrumb\":{\"@id\":\"https:\/\/sunrail.com\/apppage\/disclaimer\/#breadcrumb\"},\"inLanguage\":\"es-CO\",\"potentialAction\":[{\"@type\":\"ReadAction\",\"target\":[\"https:\/\/sunrail.com\/apppage\/disclaimer\/\"]}]},{\"@type\":\"BreadcrumbList\",\"@id\":\"https:\/\/sunrail.com\/apppage\/disclaimer\/#breadcrumb\",\"itemListElement\":[{\"@type\":\"ListItem\",\"position\":1,\"name\":\"Home\",\"item\":\"https:\/\/sunrail.com\/\"},{\"@type\":\"ListItem\",\"position\":2,\"name\":\"AppPage\",\"item\":\"https:\/\/sunrail.com\/apppage\/\"},{\"@type\":\"ListItem\",\"position\":3,\"name\":\"Disclaimer\"}]},{\"@type\":\"WebSite\",\"@id\":\"https:\/\/sunrail.com\/#website\",\"url\":\"https:\/\/sunrail.com\/\",\"name\":\"SunRail\",\"description\":\"Connecting Communities\",\"publisher\":{\"@id\":\"https:\/\/sunrail.com\/#organization\"},\"potentialAction\":[{\"@type\":\"SearchAction\",\"target\":{\"@type\":\"EntryPoint\",\"urlTemplate\":\"https:\/\/sunrail.com\/?s={search_term_string}\"},\"query-input\":{\"@type\":\"PropertyValueSpecification\",\"valueRequired\":true,\"valueName\":\"search_term_string\"}}],\"inLanguage\":\"es-CO\"},{\"@type\":\"Organization\",\"@id\":\"https:\/\/sunrail.com\/#organization\",\"name\":\"SunRail\",\"url\":\"https:\/\/sunrail.com\/\",\"logo\":{\"@type\":\"ImageObject\",\"inLanguage\":\"es-CO\",\"@id\":\"https:\/\/sunrail.com\/#\/schema\/logo\/image\/\",\"url\":\"https:\/\/sunrail.com\/wp-content\/uploads\/2015\/08\/sunrail-logo.jpg\",\"contentUrl\":\"https:\/\/sunrail.com\/wp-content\/uploads\/2015\/08\/sunrail-logo.jpg\",\"width\":289,\"height\":250,\"caption\":\"SunRail\"},\"image\":{\"@id\":\"https:\/\/sunrail.com\/#\/schema\/logo\/image\/\"},\"sameAs\":[\"https:\/\/www.facebook.com\/RideSunRail\",\"https:\/\/x.com\/ridesunrail\",\"https:\/\/instagram.com\/ridesunrail\/\",\"https:\/\/www.youtube.com\/user\/ridesunrail\"]}]}<\/script>\n<!-- \/ Yoast SEO plugin. -->","yoast_head_json":{"title":"Disclaimer - SunRail","robots":{"index":"index","follow":"follow","max-snippet":"max-snippet:-1","max-image-preview":"max-image-preview:large","max-video-preview":"max-video-preview:-1"},"canonical":"https:\/\/sunrail.com\/es\/apppage\/disclaimer\/","og_locale":"es_ES","og_type":"article","og_title":"Disclaimer - SunRail","og_description":"The Florida Department of Transportation (FDOT) provides the SunRail mobile app for informational purposes only. The Department makes neither warranties, guarantees nor representations of any kind as to the content, accuracy or completeness of the information contained in this mobile app or in the sites of any links it provides herein. Traffic and transit information&hellip;","og_url":"https:\/\/sunrail.com\/es\/apppage\/disclaimer\/","og_site_name":"SunRail","article_publisher":"https:\/\/www.facebook.com\/RideSunRail","twitter_card":"summary_large_image","twitter_site":"@ridesunrail","twitter_misc":{"Est. reading time":"1 minute"},"schema":{"@context":"https:\/\/schema.org","@graph":[{"@type":"WebPage","@id":"https:\/\/sunrail.com\/apppage\/disclaimer\/","url":"https:\/\/sunrail.com\/apppage\/disclaimer\/","name":"Disclaimer - SunRail","isPartOf":{"@id":"https:\/\/sunrail.com\/#website"},"datePublished":"2024-04-13T22:32:16+00:00","breadcrumb":{"@id":"https:\/\/sunrail.com\/apppage\/disclaimer\/#breadcrumb"},"inLanguage":"es-CO","potentialAction":[{"@type":"ReadAction","target":["https:\/\/sunrail.com\/apppage\/disclaimer\/"]}]},{"@type":"BreadcrumbList","@id":"https:\/\/sunrail.com\/apppage\/disclaimer\/#breadcrumb","itemListElement":[{"@type":"ListItem","position":1,"name":"Home","item":"https:\/\/sunrail.com\/"},{"@type":"ListItem","position":2,"name":"AppPage","item":"https:\/\/sunrail.com\/apppage\/"},{"@type":"ListItem","position":3,"name":"Disclaimer"}]},{"@type":"WebSite","@id":"https:\/\/sunrail.com\/#website","url":"https:\/\/sunrail.com\/","name":"SunRail","description":"Conectando comunidades","publisher":{"@id":"https:\/\/sunrail.com\/#organization"},"potentialAction":[{"@type":"SearchAction","target":{"@type":"EntryPoint","urlTemplate":"https:\/\/sunrail.com\/?s={search_term_string}"},"query-input":{"@type":"PropertyValueSpecification","valueRequired":true,"valueName":"search_term_string"}}],"inLanguage":"es-CO"},{"@type":"Organization","@id":"https:\/\/sunrail.com\/#organization","name":"SunRail","url":"https:\/\/sunrail.com\/","logo":{"@type":"ImageObject","inLanguage":"es-CO","@id":"https:\/\/sunrail.com\/#\/schema\/logo\/image\/","url":"https:\/\/sunrail.com\/wp-content\/uploads\/2015\/08\/sunrail-logo.jpg","contentUrl":"https:\/\/sunrail.com\/wp-content\/uploads\/2015\/08\/sunrail-logo.jpg","width":289,"height":250,"caption":"SunRail"},"image":{"@id":"https:\/\/sunrail.com\/#\/schema\/logo\/image\/"},"sameAs":["https:\/\/www.facebook.com\/RideSunRail","https:\/\/x.com\/ridesunrail","https:\/\/instagram.com\/ridesunrail\/","https:\/\/www.youtube.com\/user\/ridesunrail"]}]}},"_links":{"self":[{"href":"https:\/\/sunrail.com\/es\/wp-json\/wp\/v2\/pages\/16981","targetHints":{"allow":["GET"]}}],"collection":[{"href":"https:\/\/sunrail.com\/es\/wp-json\/wp\/v2\/pages"}],"about":[{"href":"https:\/\/sunrail.com\/es\/wp-json\/wp\/v2\/types\/page"}],"author":[{"embeddable":true,"href":"https:\/\/sunrail.com\/es\/wp-json\/wp\/v2\/users\/1"}],"replies":[{"embeddable":true,"href":"https:\/\/sunrail.com\/es\/wp-json\/wp\/v2\/comments?post=16981"}],"version-history":[{"count":0,"href":"https:\/\/sunrail.com\/es\/wp-json\/wp\/v2\/pages\/16981\/revisions"}],"up":[{"embeddable":true,"href":"https:\/\/sunrail.com\/es\/wp-json\/wp\/v2\/pages\/16980"}],"wp:attachment":[{"href":"https:\/\/sunrail.com\/es\/wp-json\/wp\/v2\/media?parent=16981"}],"curies":[{"name":"wp","href":"https:\/\/api.w.org\/{rel}","templated":true}]}}