{"id":14704,"date":"2023-12-04T18:30:24","date_gmt":"2023-12-04T18:30:24","guid":{"rendered":"https:\/\/sunrail.com\/?page_id=14704"},"modified":"2026-03-25T02:21:10","modified_gmt":"2026-03-25T06:21:10","slug":"maps-schedules","status":"publish","type":"page","link":"https:\/\/sunrail.com\/ht\/maps-schedules\/","title":{"rendered":"Kat ak or\u00e8"},"content":{"rendered":"<div class=\"wp-block-group alignwide title-area is-layout-constrained wp-block-group-is-layout-constrained\">\n<div class=\"wp-block-group entry-section is-layout-constrained wp-block-group-is-layout-constrained\">\n<h1 class=\"wp-block-heading\">Kat ak or\u00e8<\/h1>\n\n\n\n<div class=\"wp-block-columns wp-block-columns-has-1 entry-text is-layout-flex wp-container-core-columns-is-layout-28f84493 wp-block-columns wp-block-columns-has-1-is-layout-flex\">\n<div class=\"wp-block-column is-layout-flow wp-block-column-is-layout-flow\">\n<p class=\"has-primary-aqua-ada-color has-text-color has-link-color has-x-large-font-size wp-elements-6defc1e1837bb4f441b0499e589e579a\" style=\"font-style:normal;font-weight:400\">Byenvini ab\u00f2 pandan w ap k\u00f2manse vwayaj SunRail ou a ak tout zouti pou ede w navige san ef\u00f2.<\/p>\n<\/div>\n<\/div>\n<\/div>\n<\/div>\n\n\n\n<hr class=\"wp-block-separator has-alpha-channel-opacity\"\/>\n\n\n\n<div class=\"wp-block-group layout-pattern-g is-layout-constrained wp-block-group-is-layout-constrained\">\n<div class=\"wp-block-columns wp-block-columns-has-3 is-layout-flex wp-container-core-columns-is-layout-28f84493 wp-block-columns wp-block-columns-has-3-is-layout-flex\">\n<div class=\"wp-block-column is-layout-flow wp-block-column-is-layout-flow\">\n<figure class=\"wp-block-image size-full\"><a href=\"\/ht\/maps-schedules\/map\/\"><img loading=\"lazy\" decoding=\"async\" width=\"816\" height=\"460\" src=\"https:\/\/sunrail.com\/wp-content\/uploads\/2015\/08\/Landing_Page_Maps-Shcedules_lake_mary_004.jpg\" alt=\"Landing Page image - Aerial image of SunRail train traveling along tracks\" class=\"wp-image-16019\"\/><\/a><\/figure>\n\n\n\n<h2 class=\"wp-block-heading has-x-large-font-size\"><a href=\"https:\/\/sunrail.com\/ht\/maps-schedules\/map\/\">Kat sist\u00e8m<\/a><\/h2>\n\n\n\n<p class=\"has-large-font-size\">Gid ent\u00e8aktif ou a sou gwo rezo wout ak estasyon ki konekte Florid Santral la.<\/p>\n<\/div>\n\n\n\n<div class=\"wp-block-column is-layout-flow wp-block-column-is-layout-flow\">\n<figure class=\"wp-block-image size-full\"><a href=\"\/ht\/maps-schedules\/northbound-schedule\/\"><img loading=\"lazy\" decoding=\"async\" width=\"816\" height=\"460\" src=\"https:\/\/sunrail.com\/wp-content\/uploads\/2015\/08\/Landing_Page_Maps-Shcedules_SJR_02.jpg\" alt=\"Landing Page image - SunRail Train crossing draw bridge\" class=\"wp-image-16021\"\/><\/a><\/figure>\n\n\n\n<h2 class=\"wp-block-heading has-x-large-font-size\"><a href=\"https:\/\/sunrail.com\/ht\/maps-schedules\/northbound-schedule\/\">Or\u00e8 direksyon N\u00f2<\/a><\/h2>\n\n\n\n<p class=\"has-large-font-size\">Navige or\u00e8 SunRail Northbound atrav\u00e8 peyizaj panoramiques rejyon an.<br><\/p>\n<\/div>\n\n\n\n<div class=\"wp-block-column is-layout-flow wp-block-column-is-layout-flow\">\n<figure class=\"wp-block-image size-full\"><a href=\"\/ht\/maps-schedules\/southbound-schedule\/\"><img loading=\"lazy\" decoding=\"async\" width=\"816\" height=\"460\" src=\"https:\/\/sunrail.com\/wp-content\/uploads\/2015\/08\/Landing_Page_Maps-Shcedules_OrlandoHealth_073.jpg\" alt=\"Landing Page image - Two Sunrail Trains passing each other\" class=\"wp-image-16020\"\/><\/a><\/figure>\n\n\n\n<h2 class=\"wp-block-heading has-x-large-font-size\"><a href=\"https:\/\/sunrail.com\/ht\/maps-schedules\/southbound-schedule\/\">Or\u00e8 Southbound<\/a><\/h2>\n\n\n\n<p class=\"has-large-font-size\">Eksplore or\u00e8 SunRail Southbound la pou trase kou w atrav\u00e8 z\u00f2n ki antoure yo.<\/p>\n<\/div>\n<\/div>\n<\/div>\n\n\n\n<div class=\"wp-block-group alignfull footer-cta is-layout-constrained wp-block-group-is-layout-constrained\">\n<div class=\"wp-block-columns wp-block-columns-has-3 is-layout-flex wp-container-core-columns-is-layout-28f84493 wp-block-columns wp-block-columns-has-3-is-layout-flex\">\n<div class=\"wp-block-column is-layout-flow wp-block-column-is-layout-flow\"><div class=\"wp-block-safe-svg-svg-icon safe-svg-cover\" style=\"text-align: center;\">\n\t\t\t\t<div class=\"safe-svg-inside safe-svg-inline\" style=\"width: 72px; height: 72px; background-color: var(--wp--preset--color--); color: var(--wp--preset--color--); padding-top: ; padding-right: ; padding-bottom: ; padding-left: ; margin-top: ; margin-right: ; margin-bottom: ; margin-left: ;\"><?xml version=\"1.0\" encoding=\"UTF-8\"?> <svg xmlns=\"http:\/\/www.w3.org\/2000\/svg\" width=\"72\" height=\"72\" viewbox=\"0 0 72 72\" fill=\"none\"><path fill-rule=\"evenodd\" clip-rule=\"evenodd\" d=\"M15.8974 19.8462C13.4897 19.8462 11.5385 21.7974 11.5385 24.2051V30.1696C14.0132 30.7882 15.8461 33.027 15.8461 35.6923C15.8461 38.3577 14.0132 40.5964 11.5385 41.215V47.1795C11.5385 49.5834 13.4904 51.5385 15.8974 51.5385H56.1026C58.5058 51.5385 60.4615 49.5827 60.4615 47.1795V41.2149C57.9874 40.5962 56.1538 38.3577 56.1538 35.6923C56.1538 33.0269 57.9874 30.7884 60.4615 30.1697V24.2051C60.4615 21.7981 58.5065 19.8462 56.1026 19.8462H15.8974ZM8.76923 24.2051C8.76923 20.268 11.9603 17.0769 15.8974 17.0769H56.1026C60.0345 17.0769 63.2308 20.2673 63.2308 24.2051V31.3846C63.2308 32.1493 62.6109 32.7692 61.8461 32.7692C60.2326 32.7692 58.9231 34.0788 58.9231 35.6923C58.9231 37.3058 60.2326 38.6154 61.8461 38.6154C62.6109 38.6154 63.2308 39.2353 63.2308 40V47.1795C63.2308 51.1121 60.0352 54.3077 56.1026 54.3077H15.8974C11.9596 54.3077 8.76923 51.1114 8.76923 47.1795V40C8.76923 39.2353 9.38914 38.6154 10.1538 38.6154C11.7681 38.6154 13.0769 37.306 13.0769 35.6923C13.0769 34.0786 11.7681 32.7692 10.1538 32.7692C9.38914 32.7692 8.76923 32.1493 8.76923 31.3846V24.2051Z\" fill=\"#848F94\"><\/path><path fill-rule=\"evenodd\" clip-rule=\"evenodd\" d=\"M39.4113 27.5649L40.6962 30.1694L45.7768 30.9057C47.9935 31.2332 48.8826 33.9596 47.2671 35.5266C47.2667 35.527 47.2662 35.5275 47.2658 35.5279L43.5887 39.1069L44.4593 44.1591C44.8358 46.3679 42.5201 48.0699 40.5219 47.0098C40.5211 47.0094 40.5204 47.009 40.5196 47.0086L35.9875 44.62L31.4432 47.015C29.4728 48.0376 27.1347 46.3937 27.5156 44.1591L28.3863 39.1068L24.7305 35.5247C23.1178 33.9574 24.007 31.2331 26.2229 30.9057L26.2266 30.9052L31.3034 30.1694L33.5724 25.57C34.5672 23.5363 37.4384 23.5677 38.4351 25.5611L39.437 27.5649H39.4113ZM40.7053 30.188L40.7086 30.1946L39.467 30.8072L40.7053 30.188ZM35.9998 26.9089L33.7712 31.4264C33.3764 32.2161 32.6239 32.7774 31.731 32.9056C31.7304 32.9057 31.7298 32.9058 31.7291 32.9059L26.7509 33.6273L30.3482 37.1522L30.3532 37.1571C30.9621 37.7661 31.2753 38.6439 31.1213 39.5423L30.2661 44.5051L34.7355 42.1496C35.5164 41.7465 36.4586 41.7466 37.2394 42.1496L37.25 42.1551L41.7089 44.5051L40.8539 39.5435L40.8537 39.5423C40.6996 38.6439 41.0128 37.7661 41.6218 37.1571L41.6284 37.1505L45.2482 33.6273L40.2705 32.9059C40.2699 32.9058 40.2692 32.9057 40.2686 32.9056C39.3757 32.7774 38.6233 32.2161 38.2285 31.4264L38.2252 31.4198L35.9998 26.9089Z\" fill=\"#848F94\"><\/path><\/svg> <\/div>\n\t\t\t<\/div>\n\n\n<p class=\"has-text-align-center has-primary-navy-blue-color has-text-color has-heading-font-family\"><strong>Pri ak pas<\/strong><\/p>\n\n\n\n<p class=\"has-text-align-center has-monotone-gray-3-color has-text-color\">Dekouvri pri tik\u00e8 ab\u00f2dab, SunCard rechaje, tarif gwoup, ak pak\u00e8 antrepriz ki satisf\u00e8 bezwen ou yo.&nbsp;<\/p>\n\n\n\n<p class=\"has-text-align-center\"><a href=\"\/ht\/fares-passes\/fares\/\" data-type=\"page\" data-id=\"14709\">Gade Pri Pri Tarif yo<\/a><\/p>\n<\/div>\n\n\n\n<div class=\"wp-block-column is-layout-flow wp-block-column-is-layout-flow\"><div class=\"wp-block-safe-svg-svg-icon safe-svg-cover\" style=\"text-align: center;\">\n\t\t\t\t<div class=\"safe-svg-inside safe-svg-inline\" style=\"width: 72px; height: 72px; background-color: var(--wp--preset--color--); color: var(--wp--preset--color--); padding-top: ; padding-right: ; padding-bottom: ; padding-left: ; margin-top: ; margin-right: ; margin-bottom: ; margin-left: ;\"><?xml version=\"1.0\" encoding=\"UTF-8\"?> <svg xmlns=\"http:\/\/www.w3.org\/2000\/svg\" width=\"72\" height=\"72\" viewbox=\"0 0 72 72\" fill=\"none\"><path fill-rule=\"evenodd\" clip-rule=\"evenodd\" d=\"M9.33289 13.8462C6.21791 13.8462 3.6923 16.3716 3.6923 19.4867V41.2427C3.6923 44.3579 6.21791 46.8833 9.33289 46.8833H9.84171C10.6064 46.8833 11.2263 47.5032 11.2263 48.2679V54.9025L23.6696 47.095C24.3174 46.6886 25.172 46.8842 25.5784 47.532C25.9848 48.1798 25.7892 49.0343 25.1414 49.4408L10.5776 58.5787C10.1509 58.8465 9.6124 58.8613 9.17156 58.6175C8.73072 58.3737 8.4571 57.9097 8.4571 57.4059V49.6075C4.22428 49.1694 0.923065 45.5916 0.923065 41.2427V19.4867C0.923065 14.8421 4.68858 11.0769 9.33289 11.0769H51.4841C56.1284 11.0769 59.8939 14.8421 59.8939 19.4867V22.9906C59.8939 23.7553 59.274 24.3752 58.5093 24.3752C57.7446 24.3752 57.1247 23.7553 57.1247 22.9906V19.4867C57.1247 16.3716 54.5991 13.8462 51.4841 13.8462H9.33289Z\" fill=\"#848F94\"><\/path><path fill-rule=\"evenodd\" clip-rule=\"evenodd\" d=\"M64.054 30.7581C65.8932 30.7581 67.3845 32.2492 67.3845 34.0885V48.6903C67.3845 50.5297 65.8932 52.0208 64.054 52.0208H63.7125C62.9478 52.0208 62.3279 52.6407 62.3279 53.4054V57.0351L54.6737 52.2325C54.4532 52.0942 54.1981 52.0208 53.9378 52.0208H35.7636C33.9244 52.0208 32.4332 50.5297 32.4332 48.6903V34.0885C32.4332 32.2492 33.9244 30.7581 35.7636 30.7581H64.054ZM70.1537 34.0885C70.1537 30.7197 67.4225 27.9889 64.054 27.9889H35.7636C32.3951 27.9889 29.664 30.7197 29.664 34.0885V48.6903C29.664 52.0591 32.3951 54.79 35.7636 54.79H53.5394L62.9766 60.7113C63.4033 60.9791 63.9418 60.9939 64.3827 60.7501C64.8235 60.5063 65.0971 60.0422 65.0971 59.5385V54.7012C67.9688 54.2063 70.1537 51.7035 70.1537 48.6903V34.0885Z\" fill=\"#848F94\"><\/path><circle cx=\"40.6785\" cy=\"41.6624\" r=\"2.30769\" fill=\"#848F94\"><\/circle><ellipse cx=\"49.9093\" cy=\"41.6624\" rx=\"2.30769\" ry=\"2.30769\" fill=\"#848F94\"><\/ellipse><ellipse cx=\"59.14\" cy=\"41.6624\" rx=\"2.30769\" ry=\"2.30769\" fill=\"#848F94\"><\/ellipse><\/svg> <\/div>\n\t\t\t<\/div>\n\n\n<p class=\"has-text-align-center has-primary-navy-blue-color has-text-color has-heading-font-family\"><strong>Gen yon Kesyon<\/strong><\/p>\n\n\n\n<p class=\"has-text-align-center has-monotone-gray-3-color has-text-color\">Ch\u00e8che FAQ nou yo oswa pale ak youn nan Reprezantan S\u00e8vis Kliyan nou yo.<br><a class=\"no-arrow\" href=\"tel:8557245411\" rel=\"nofollow\">1-855-RAIL-411<\/a><\/p>\n\n\n\n<p class=\"has-text-align-center\"><a href=\"\/ht\/help-center\/customer-service\/\">Kontakte nou<\/a><\/p>\n<\/div>\n\n\n\n<div class=\"wp-block-column is-layout-flow wp-block-column-is-layout-flow\"><div class=\"wp-block-safe-svg-svg-icon safe-svg-cover\" style=\"text-align: center;\">\n\t\t\t\t<div class=\"safe-svg-inside safe-svg-inline\" style=\"width: 72px; height: 72px; background-color: var(--wp--preset--color--); color: var(--wp--preset--color--); padding-top: ; padding-right: ; padding-bottom: ; padding-left: ; margin-top: ; margin-right: ; margin-bottom: ; margin-left: ;\"><?xml version=\"1.0\" encoding=\"UTF-8\"?> <svg xmlns=\"http:\/\/www.w3.org\/2000\/svg\" width=\"72\" height=\"72\" viewbox=\"0 0 72 72\" fill=\"none\"><g clip-path=\"url(#clip0_2933_16825)\"><path d=\"M29.3631 38.8246C28.3846 38.8246 27.5815 39.6185 27.5815 40.6062C27.5815 41.5938 28.3754 42.3877 29.3631 42.3877C30.3508 42.3877 31.1446 41.5938 31.1446 40.6062C31.1446 39.6185 30.3508 38.8246 29.3631 38.8246Z\" fill=\"#848F94\"><\/path><path d=\"M33.1015 23.6585H28.9477C27.8924 23.6585 27.0369 24.5139 27.0369 25.5692V30.7938C27.0369 31.8491 27.8924 32.7046 28.9477 32.7046H33.1015C34.1568 32.7046 35.0123 31.8491 35.0123 30.7938V25.5692C35.0123 24.5139 34.1568 23.6585 33.1015 23.6585Z\" fill=\"#848F94\"><\/path><path d=\"M44.5384 40.5969C44.5384 39.6185 43.7446 38.8154 42.7569 38.8154C41.7692 38.8154 40.9754 39.6092 40.9754 40.5969C40.9754 41.5846 41.7692 42.3785 42.7569 42.3785C43.7446 42.3785 44.5384 41.5846 44.5384 40.5969Z\" fill=\"#848F94\"><\/path><path d=\"M43.1908 23.6585H39.0369C37.9816 23.6585 37.1262 24.5139 37.1262 25.5692V30.7938C37.1262 31.8491 37.9816 32.7046 39.0369 32.7046H43.1908C44.2461 32.7046 45.1015 31.8491 45.1015 30.7938V25.5692C45.1015 24.5139 44.2461 23.6585 43.1908 23.6585Z\" fill=\"#848F94\"><\/path><path d=\"M58.6338 13.3477C54.2677 11.0585 45.5354 7.20923 36.0646 7.20923C26.5938 7.20923 17.8615 11.0585 13.5046 13.3477C11.4369 14.4369 10.1538 16.5508 10.1538 18.8769V20.4277V27.7015C10.1538 42.2123 16.5138 51.4892 22.8923 57.1015C26.0677 59.8985 29.2431 61.7815 31.6246 62.9631C32.8154 63.5538 33.8123 63.9785 34.5231 64.2554C34.8738 64.3938 36.0831 64.7908 36.0831 64.7908C36.0831 64.7908 37.2831 64.3938 37.6431 64.2554C38.3446 63.9785 39.3415 63.5631 40.5415 62.9631C42.9231 61.7723 46.0985 59.8892 49.2738 57.0923C55.6523 51.48 62.0123 42.2123 62.0123 27.7015V22.2646V18.8769C62.0123 16.5508 60.7292 14.4369 58.6615 13.3477H58.6338ZM39.2769 60.48C38.1692 61.0338 37.2461 61.4215 36.6092 61.6708C36.3877 61.7538 36.2031 61.8277 36.0554 61.8738C35.9077 61.8185 35.7231 61.7538 35.5015 61.6708C34.8646 61.4215 33.9415 61.0338 32.8338 60.48C31.7631 59.9446 30.5261 59.2615 29.1969 58.4031H42.8954C41.5661 59.2615 40.3292 59.9446 39.2585 60.48H39.2769ZM27.6738 55.6338L28.9477 52.7723H43.1815L44.4554 55.6338H27.6738ZM28.1908 45.1108C26.0492 45.1108 24.3231 43.3754 24.3231 41.2431V23.4369C24.3231 21.2954 26.0585 19.5692 28.1908 19.5692H43.9569C46.0985 19.5692 47.8338 21.3046 47.8338 23.4369V41.2431C47.8338 43.3846 46.0985 45.1108 43.9569 45.1108H28.1908ZM41.9446 50.0031H30.1846L31.1261 47.88H41.0031L41.9446 50.0031ZM59.2154 19.2V27.7015C59.2154 41.28 53.3077 49.8369 47.4185 55.0154C47.3723 55.0615 47.3169 55.0985 47.2708 55.1446L44.04 47.8892C47.6677 47.8431 50.6031 44.8892 50.6031 41.2523V23.4462C50.6031 19.7815 47.6308 16.8092 43.9569 16.8092H28.1908C24.5261 16.8092 21.5538 19.7815 21.5538 23.4462V41.2523C21.5538 44.8892 24.48 47.8431 28.1077 47.8892L24.8677 55.1538C24.8215 55.1077 24.7661 55.0708 24.72 55.0246C18.8308 49.8462 12.9231 41.2892 12.9231 27.7108V22.2738V18.8862C12.9231 17.5938 13.6431 16.4123 14.7877 15.8123C18.9231 13.6338 27.1938 9.98769 36.0646 9.98769C44.9354 9.98769 53.2061 13.6338 57.3415 15.8123C58.4954 16.4215 59.2061 17.5938 59.2061 18.8862V19.2092L59.2154 19.2Z\" fill=\"#848F94\"><\/path><\/g><defs><clippath id=\"clip0_2933_16825\"><rect width=\"51.8308\" height=\"57.5815\" fill=\"white\" transform=\"translate(10.1538 7.20923)\"><\/rect><\/clippath><\/defs><\/svg> <\/div>\n\t\t\t<\/div>\n\n\n<p class=\"has-text-align-center has-primary-navy-blue-color has-text-color has-heading-font-family\"><strong>Sekirite Premye<\/strong><\/p>\n\n\n\n<p class=\"has-text-align-center has-monotone-gray-3-color has-text-color\">Bay priyorite sekirite alantou ray SunRail\u2014rete lwen pasaj yo epi respekte pwopriyete tren pou byenn\u00e8t tout moun.<\/p>\n\n\n\n<p class=\"has-text-align-center\"><a href=\"\/ht\/riding-sunrail\/rail-safety\/\" data-type=\"page\" data-id=\"14718\">Eksplore Sekirite Rail<\/a><\/p>\n<\/div>\n<\/div>\n<\/div>","protected":false},"excerpt":{"rendered":"<p>Kat ak Or\u00e8 Byenveni ab\u00f2 pandan w ap antame vwayaj SunRail ou a ak tout zouti pou ede w navige san ef\u00f2. Kat Sist\u00e8m Gid ent\u00e8aktif ou a pou gwo rezo wout ak estasyon ki konekte Florid Santral. Or\u00e8 direksyon N\u00f2 Navige or\u00e8 SunRail direksyon N\u00f2 a nan peyizaj pitor\u00e8sk rejyon an. Or\u00e8 direksyon Sid Eksplore...<\/p>","protected":false},"author":6,"featured_media":0,"parent":0,"menu_order":0,"comment_status":"closed","ping_status":"closed","template":"","meta":{"_acf_changed":false,"footnotes":""},"class_list":{"2":"type-page"},"acf":[],"yoast_head":"<!-- This site is optimized with the Yoast SEO plugin v27.2 - https:\/\/yoast.com\/product\/yoast-seo-wordpress\/ -->\n<title>Maps &amp; Schedules - SunRail<\/title>\n<meta name=\"description\" content=\"Welcome aboard as you embark on your SunRail journey, from the station map to the train schedules, SunRail.com provides the tools to help you navigate effortlessly.\" \/>\n<meta name=\"robots\" content=\"index, follow, max-snippet:-1, max-image-preview:large, max-video-preview:-1\" \/>\n<link rel=\"canonical\" href=\"https:\/\/sunrail.com\/ht\/maps-schedules\/\" \/>\n<meta property=\"og:locale\" content=\"ht_HT\" \/>\n<meta property=\"og:type\" content=\"article\" \/>\n<meta property=\"og:title\" content=\"Maps &amp; Schedules - SunRail\" \/>\n<meta property=\"og:description\" content=\"Welcome aboard as you embark on your SunRail journey, from the station map to the train schedules, SunRail.com provides the tools to help you navigate effortlessly.\" \/>\n<meta property=\"og:url\" content=\"https:\/\/sunrail.com\/ht\/maps-schedules\/\" \/>\n<meta property=\"og:site_name\" content=\"SunRail\" \/>\n<meta property=\"article:publisher\" content=\"https:\/\/www.facebook.com\/RideSunRail\" \/>\n<meta property=\"article:modified_time\" content=\"2026-03-25T06:21:10+00:00\" \/>\n<meta property=\"og:image\" content=\"https:\/\/sunrail.com\/wp-content\/uploads\/2015\/08\/Landing_Page_Maps-Shcedules_lake_mary_004.jpg\" \/>\n\t<meta property=\"og:image:width\" content=\"816\" \/>\n\t<meta property=\"og:image:height\" content=\"460\" \/>\n\t<meta property=\"og:image:type\" content=\"image\/jpeg\" \/>\n<meta name=\"twitter:card\" content=\"summary_large_image\" \/>\n<meta name=\"twitter:site\" content=\"@ridesunrail\" \/>\n<meta name=\"twitter:label1\" content=\"Est. reading time\" \/>\n\t<meta name=\"twitter:data1\" content=\"1 minute\" \/>\n<script type=\"application\/ld+json\" class=\"yoast-schema-graph\">{\"@context\":\"https:\/\/schema.org\",\"@graph\":[{\"@type\":\"WebPage\",\"@id\":\"https:\/\/sunrail.com\/maps-schedules\/\",\"url\":\"https:\/\/sunrail.com\/maps-schedules\/\",\"name\":\"Maps &amp; Schedules - SunRail\",\"isPartOf\":{\"@id\":\"https:\/\/sunrail.com\/#website\"},\"primaryImageOfPage\":{\"@id\":\"https:\/\/sunrail.com\/maps-schedules\/#primaryimage\"},\"image\":{\"@id\":\"https:\/\/sunrail.com\/maps-schedules\/#primaryimage\"},\"thumbnailUrl\":\"https:\/\/sunrail.com\/wp-content\/uploads\/2015\/08\/Landing_Page_Maps-Shcedules_lake_mary_004.jpg\",\"datePublished\":\"2023-12-04T18:30:24+00:00\",\"dateModified\":\"2026-03-25T06:21:10+00:00\",\"description\":\"Welcome aboard as you embark on your SunRail journey, from the station map to the train schedules, SunRail.com provides the tools to help you navigate effortlessly.\",\"breadcrumb\":{\"@id\":\"https:\/\/sunrail.com\/maps-schedules\/#breadcrumb\"},\"inLanguage\":\"ht-HT\",\"potentialAction\":[{\"@type\":\"ReadAction\",\"target\":[\"https:\/\/sunrail.com\/maps-schedules\/\"]}]},{\"@type\":\"ImageObject\",\"inLanguage\":\"ht-HT\",\"@id\":\"https:\/\/sunrail.com\/maps-schedules\/#primaryimage\",\"url\":\"https:\/\/sunrail.com\/wp-content\/uploads\/2015\/08\/Landing_Page_Maps-Shcedules_lake_mary_004.jpg\",\"contentUrl\":\"https:\/\/sunrail.com\/wp-content\/uploads\/2015\/08\/Landing_Page_Maps-Shcedules_lake_mary_004.jpg\"},{\"@type\":\"BreadcrumbList\",\"@id\":\"https:\/\/sunrail.com\/maps-schedules\/#breadcrumb\",\"itemListElement\":[{\"@type\":\"ListItem\",\"position\":1,\"name\":\"Home\",\"item\":\"https:\/\/sunrail.com\/\"},{\"@type\":\"ListItem\",\"position\":2,\"name\":\"Maps &amp; Schedules\"}]},{\"@type\":\"WebSite\",\"@id\":\"https:\/\/sunrail.com\/#website\",\"url\":\"https:\/\/sunrail.com\/\",\"name\":\"SunRail\",\"description\":\"Connecting Communities\",\"publisher\":{\"@id\":\"https:\/\/sunrail.com\/#organization\"},\"potentialAction\":[{\"@type\":\"SearchAction\",\"target\":{\"@type\":\"EntryPoint\",\"urlTemplate\":\"https:\/\/sunrail.com\/?s={search_term_string}\"},\"query-input\":{\"@type\":\"PropertyValueSpecification\",\"valueRequired\":true,\"valueName\":\"search_term_string\"}}],\"inLanguage\":\"ht-HT\"},{\"@type\":\"Organization\",\"@id\":\"https:\/\/sunrail.com\/#organization\",\"name\":\"SunRail\",\"url\":\"https:\/\/sunrail.com\/\",\"logo\":{\"@type\":\"ImageObject\",\"inLanguage\":\"ht-HT\",\"@id\":\"https:\/\/sunrail.com\/#\/schema\/logo\/image\/\",\"url\":\"https:\/\/sunrail.com\/wp-content\/uploads\/2015\/08\/sunrail-logo.jpg\",\"contentUrl\":\"https:\/\/sunrail.com\/wp-content\/uploads\/2015\/08\/sunrail-logo.jpg\",\"width\":289,\"height\":250,\"caption\":\"SunRail\"},\"image\":{\"@id\":\"https:\/\/sunrail.com\/#\/schema\/logo\/image\/\"},\"sameAs\":[\"https:\/\/www.facebook.com\/RideSunRail\",\"https:\/\/x.com\/ridesunrail\",\"https:\/\/instagram.com\/ridesunrail\/\",\"https:\/\/www.youtube.com\/user\/ridesunrail\"]}]}<\/script>\n<!-- \/ Yoast SEO plugin. -->","yoast_head_json":{"title":"Kat ak Or\u00e8 - SunRail","description":"Byenveni ab\u00f2 pandan w ap antame vwayaj SunRail ou a, soti nan plan estasyon an rive nan or\u00e8 tren yo, SunRail.com ba ou zouti pou ede w navige san ef\u00f2.","robots":{"index":"index","follow":"follow","max-snippet":"max-snippet:-1","max-image-preview":"max-image-preview:large","max-video-preview":"max-video-preview:-1"},"canonical":"https:\/\/sunrail.com\/ht\/maps-schedules\/","og_locale":"ht_HT","og_type":"article","og_title":"Maps &amp; Schedules - SunRail","og_description":"Welcome aboard as you embark on your SunRail journey, from the station map to the train schedules, SunRail.com provides the tools to help you navigate effortlessly.","og_url":"https:\/\/sunrail.com\/ht\/maps-schedules\/","og_site_name":"SunRail","article_publisher":"https:\/\/www.facebook.com\/RideSunRail","article_modified_time":"2026-03-25T06:21:10+00:00","og_image":[{"width":816,"height":460,"url":"https:\/\/sunrail.com\/wp-content\/uploads\/2015\/08\/Landing_Page_Maps-Shcedules_lake_mary_004.jpg","type":"image\/jpeg"}],"twitter_card":"summary_large_image","twitter_site":"@ridesunrail","twitter_misc":{"Est. reading time":"1 minute"},"schema":{"@context":"https:\/\/schema.org","@graph":[{"@type":"WebPage","@id":"https:\/\/sunrail.com\/maps-schedules\/","url":"https:\/\/sunrail.com\/maps-schedules\/","name":"Kat ak Or\u00e8 - SunRail","isPartOf":{"@id":"https:\/\/sunrail.com\/#website"},"primaryImageOfPage":{"@id":"https:\/\/sunrail.com\/maps-schedules\/#primaryimage"},"image":{"@id":"https:\/\/sunrail.com\/maps-schedules\/#primaryimage"},"thumbnailUrl":"https:\/\/sunrail.com\/wp-content\/uploads\/2015\/08\/Landing_Page_Maps-Shcedules_lake_mary_004.jpg","datePublished":"2023-12-04T18:30:24+00:00","dateModified":"2026-03-25T06:21:10+00:00","description":"Byenveni ab\u00f2 pandan w ap antame vwayaj SunRail ou a, soti nan plan estasyon an rive nan or\u00e8 tren yo, SunRail.com ba ou zouti pou ede w navige san ef\u00f2.","breadcrumb":{"@id":"https:\/\/sunrail.com\/maps-schedules\/#breadcrumb"},"inLanguage":"ht-HT","potentialAction":[{"@type":"ReadAction","target":["https:\/\/sunrail.com\/maps-schedules\/"]}]},{"@type":"ImageObject","inLanguage":"ht-HT","@id":"https:\/\/sunrail.com\/maps-schedules\/#primaryimage","url":"https:\/\/sunrail.com\/wp-content\/uploads\/2015\/08\/Landing_Page_Maps-Shcedules_lake_mary_004.jpg","contentUrl":"https:\/\/sunrail.com\/wp-content\/uploads\/2015\/08\/Landing_Page_Maps-Shcedules_lake_mary_004.jpg"},{"@type":"BreadcrumbList","@id":"https:\/\/sunrail.com\/maps-schedules\/#breadcrumb","itemListElement":[{"@type":"ListItem","position":1,"name":"Home","item":"https:\/\/sunrail.com\/"},{"@type":"ListItem","position":2,"name":"Maps &amp; Schedules"}]},{"@type":"WebSite","@id":"https:\/\/sunrail.com\/#website","url":"https:\/\/sunrail.com\/","name":"SunRail","description":"Konekte Kominote yo","publisher":{"@id":"https:\/\/sunrail.com\/#organization"},"potentialAction":[{"@type":"SearchAction","target":{"@type":"EntryPoint","urlTemplate":"https:\/\/sunrail.com\/?s={search_term_string}"},"query-input":{"@type":"PropertyValueSpecification","valueRequired":true,"valueName":"search_term_string"}}],"inLanguage":"ht-HT"},{"@type":"Organization","@id":"https:\/\/sunrail.com\/#organization","name":"SunRail","url":"https:\/\/sunrail.com\/","logo":{"@type":"ImageObject","inLanguage":"ht-HT","@id":"https:\/\/sunrail.com\/#\/schema\/logo\/image\/","url":"https:\/\/sunrail.com\/wp-content\/uploads\/2015\/08\/sunrail-logo.jpg","contentUrl":"https:\/\/sunrail.com\/wp-content\/uploads\/2015\/08\/sunrail-logo.jpg","width":289,"height":250,"caption":"SunRail"},"image":{"@id":"https:\/\/sunrail.com\/#\/schema\/logo\/image\/"},"sameAs":["https:\/\/www.facebook.com\/RideSunRail","https:\/\/x.com\/ridesunrail","https:\/\/instagram.com\/ridesunrail\/","https:\/\/www.youtube.com\/user\/ridesunrail"]}]}},"_links":{"self":[{"href":"https:\/\/sunrail.com\/ht\/wp-json\/wp\/v2\/pages\/14704","targetHints":{"allow":["GET"]}}],"collection":[{"href":"https:\/\/sunrail.com\/ht\/wp-json\/wp\/v2\/pages"}],"about":[{"href":"https:\/\/sunrail.com\/ht\/wp-json\/wp\/v2\/types\/page"}],"author":[{"embeddable":true,"href":"https:\/\/sunrail.com\/ht\/wp-json\/wp\/v2\/users\/6"}],"replies":[{"embeddable":true,"href":"https:\/\/sunrail.com\/ht\/wp-json\/wp\/v2\/comments?post=14704"}],"version-history":[{"count":2,"href":"https:\/\/sunrail.com\/ht\/wp-json\/wp\/v2\/pages\/14704\/revisions"}],"predecessor-version":[{"id":21222,"href":"https:\/\/sunrail.com\/ht\/wp-json\/wp\/v2\/pages\/14704\/revisions\/21222"}],"wp:attachment":[{"href":"https:\/\/sunrail.com\/ht\/wp-json\/wp\/v2\/media?parent=14704"}],"curies":[{"name":"wp","href":"https:\/\/api.w.org\/{rel}","templated":true}]}}