{"id":14741,"date":"2023-12-04T19:25:10","date_gmt":"2023-12-04T19:25:10","guid":{"rendered":"https:\/\/sunrail.com\/?page_id=14741"},"modified":"2026-03-27T09:59:33","modified_gmt":"2026-03-27T13:59:33","slug":"title-vi-nondiscrimination","status":"publish","type":"page","link":"https:\/\/sunrail.com\/ht\/legal-policies\/title-vi-nondiscrimination\/","title":{"rendered":"Tit VI \/ Nondiskriminasyon"},"content":{"rendered":"<div class=\"wp-block-columns wp-block-columns-has-1 is-layout-flex wp-container-core-columns-is-layout-28f84493 wp-block-columns wp-block-columns-has-1-is-layout-flex\">\n<div class=\"wp-block-column is-vertically-aligned-top is-layout-flow wp-block-column-is-layout-flow\">\n<div id=\"google_translate_element\"><\/div>\n<script type=\"text\/javascript\"> function googleTranslateElementInit() { new google.translate.TranslateElement({pageLanguage: 'en', gaTrack: true, gaId: 'UA-39708748-7'}, 'google_translate_element'); }\n<\/script><script type=\"text\/javascript\" src=\"\/\/translate.google.com\/translate_a\/element.js?cb=googleTranslateElementInit\"><\/script>\n<\/div>\n<\/div>\n\n\n\n<div style=\"height:24px\" aria-hidden=\"true\" class=\"wp-block-spacer spacer\"><\/div>\n\n\n\n<div class=\"wp-block-columns wp-block-columns-has-3 is-layout-flex wp-container-core-columns-is-layout-28f84493 wp-block-columns wp-block-columns-has-3-is-layout-flex\">\n<div class=\"wp-block-column is-layout-flow wp-block-column-is-layout-flow\" style=\"flex-basis:30%\">\n<ul class=\"wp-block-list list-submenu\">\n<li><a href=\"#introduction\">Entwodiksyon<\/a><\/li>\n\n\n\n<li><a href=\"#contact-information\">Enf\u00f2masyon sou kontak<\/a><\/li>\n\n\n\n<li><a href=\"#how-do-i-file-a-title-vi-comp\">Kouman pou mwen depoze yon Plent?<\/a><\/li>\n\n\n\n<li><a href=\"#what-happens-to-my-complaint-after-it-is-submitted\">Kisa k ap pase ak plent mwen an apre yo fin soum\u00e8t li?<\/a><\/li>\n\n\n\n<li><a href=\"#how-will-i-be-notified-of-the-outcome\">Kijan m ap f\u00e8 m konnen rezilta plent mwen an?<\/a><\/li>\n<\/ul>\n<\/div>\n\n\n\n<div class=\"wp-block-column is-layout-flow wp-block-column-is-layout-flow\" style=\"flex-basis:5%\"><\/div>\n\n\n\n<div class=\"wp-block-column is-layout-flow wp-block-column-is-layout-flow\">\n<p class=\"has-primary-aqua-ada-color has-text-color has-link-color has-large-font-size wp-elements-f5eba053b2504722c2b614db9af265de\" id=\"introduction\">Tit VI Lwa sou Dwa Sivil 1964 (ki rele Tit VI) ent\u00e8di diskriminasyon sou baz ras, koul\u00e8, oswa orijin nasyonal nan pwogram ak aktivite k ap resevwa asistans finansye federal. Espesyalman, Tit VI prevwa ke \u201cokenn moun Ozetazini pa dwe, pou rezon ras, koul\u00e8, oswa orijin nasyonal, pa dwe eskli nan patisipasyon nan, yo pa resevwa benefis yo oswa yo dwe sibi diskriminasyon nan nenp\u00f2t pwogram oswa aktivite k ap resevwa. Asistans finansye federal.\u201d<\/p>\n\n\n\n<hr class=\"wp-block-separator has-text-color has-monotone-gray-4-color has-alpha-channel-opacity has-monotone-gray-4-background-color has-background\"\/>\n\n\n\n<p id=\"contact-information\">Dapre Tit VI Lwa sou Dwa Sivil 1964 la ak l\u00f2t lwa, r\u00e8gleman ak otorite ki pa gen diskriminasyon ki gen rap\u00f2, Depatman Transp\u00f2 Florid (FDOT), k\u00f2m operat\u00e8 s\u00e8vis tren banlye SunRail, gen yon gwo politik sou ent\u00e8diksyon diskriminasyon sou baz. ras, koul\u00e8, orijin nasyonal, s\u00e8ks, laj, andikap\/enfimite ak sitiyasyon revni. Moun oswa \u00f2ganizasyon ki kw\u00e8 yo te sibi diskriminasyon dapre Tit VI, ka depoze yon plent alekri nan FDOT. Yo bay plis enf\u00f2masyon sou fason pou depoze yon plent Tit VI anba a.<\/p>\n\n\n\n<h2 class=\"wp-block-heading\" id=\"contact-information\">Tit VI Plan ak Analiz Ekite S\u00e8vis ak Tarif<\/h2>\n\n\n\n<p id=\"contact-information\">Nan k\u00f2mansman ane 2024, SunRail te konplete av\u00e8k siks\u00e8 Plan SunRail Tit VI ak analiz Ekite S\u00e8vis &amp; Tarif pou nouvo ekstansyon n\u00f2 12 mil pou DeLand.<\/p>\n\n\n\n<p id=\"contact-information\"><a href=\"https:\/\/sunrail.com\/wp-content\/uploads\/2026\/03\/SunRail-Title-VI-Update-2026-03-06.pdf\" target=\"_blank\" rel=\"noreferrer noopener\">Telechaje Pwogram Tit VI a ak R\u00e8gleman sou Kont Diskriminasyon an (PDF \u2013 62mb)<\/a><\/p>\n\n\n\n<p><\/p>\n\n\n\n<p id=\"contact-information\">Pou bay fidbak, kontakte youn nan Kow\u00f2donat\u00e8 Tit VI ki anba yo:<br><\/p>\n\n\n\n<div class=\"wp-block-columns wp-block-columns-has-3 wp-block-columns wp-block-columns-has-3-has-2 is-layout-flex wp-container-core-columns-is-layout-28f84493 wp-block-columns wp-block-columns-has-3 wp-block-columns wp-block-columns-has-3-has-2-is-layout-flex\">\n<div class=\"wp-block-column is-layout-flow wp-block-column-is-layout-flow\">\n<p><strong>Roger Masten<\/strong><br>Ko\u00f2donat\u00e8 SunRail Title VI<br>801 SunRail Drive<br>Sanford, FL 32771<br>Telef\u00f2n: (321) 257-7161<br>Im\u00e8l:&nbsp;<a href=\"mailto:Roger.Masten@dot.state.fl.us\">Roger.Masten@dot.state.fl.us<\/a><\/p>\n<\/div>\n\n\n\n<div class=\"wp-block-column is-layout-flow wp-block-column-is-layout-flow\">\n<p><strong>Lisa Bethancourt<\/strong><br>Ko\u00f2donat\u00e8 Tit VI Eta a<br>Depatman Transp\u00f2 Florid<br>605 Ri Suwannee MS65<br>Tallahassee, Florid 32399<br>Telef\u00f2n: (850) 414-4742<br>Im\u00e8l:\u00a0<a href=\"mailto:Lisa.bethancourt@dot.state.fl.us\">Lisa.Bethancourt@dot.state.fl.us<\/a><\/p>\n<\/div>\n<\/div>\n\n\n\n<div style=\"height:36px\" aria-hidden=\"true\" class=\"wp-block-spacer\"><\/div>\n\n\n\n<h2 class=\"wp-block-heading\" id=\"how-do-i-file-a-title-vi-comp\">Kouman pou mwen depoze yon plent Tit VI?<\/h2>\n\n\n\n<p>Nenp\u00f2t moun ki kw\u00e8 ke FDOT te f\u00e8 diskriminasyon kont li oswa nenp\u00f2t klas espesifik sou baz ras, koul\u00e8 oswa orijin nasyonal, kapab depoze yon f\u00f2m\u00e8l (ekri) oswa v\u00e8bal (ki pa ekri) Tit VI. plent. An konf\u00f2mite ak dispozisyon dwa sivil nan l\u00f2t lwa federal, nenp\u00f2t moun ki kw\u00e8 ke li oswa li oswa nenp\u00f2t klas espesifik moun, te f\u00e8 diskriminasyon kont sou rezon s\u00e8ks, laj, andikap, relijyon oswa estati fanmi kapab tou depoze yon f\u00f2m\u00e8l. (ekri) oswa v\u00e8bal (ki pa ekri) plent Tit VI. FDOT gendwa mennen ank\u00e8t sou plent yo resevwa pa plis pase 180 jou apre swadizan ensidan an epi apre sa pral trete plent ki konpl\u00e8.<br><br><\/p>\n\n\n\n<h3 class=\"wp-block-heading has-x-large-font-size\" id=\"steps\"><strong>Etap yo pou depoze yon plent f\u00f2m\u00e8l Tit VI gen ladan:<\/strong><\/h3>\n\n\n\n<ol class=\"wp-block-list\">\n<li>Yo dwe soum\u00e8t plent f\u00f2m\u00e8l alekri sou&nbsp;<a href=\"https:\/\/www.fdot.gov\/equalopportunity\/titlevi.shtm\" target=\"_blank\" rel=\"noreferrer noopener\">FDOT Tit VI\/F\u00f2m san diskriminasyon<\/a>&nbsp;oswa&nbsp;<a href=\"https:\/\/sunrail.com\/wp-content\/uploads\/2026\/03\/SunRail-Title-VI-Complaint-Form_2026-03-06.pdf\" target=\"_blank\" rel=\"noreferrer noopener\">Tit VI SunRail\/F\u00f2m plent san diskriminasyon (PDF)<\/a>&nbsp;bay Ko\u00f2donat\u00e8 Tit VI SunRail la. F\u00f2m enprime yo disponib tou nan adr\u00e8s ki endike anwo a, Lendi-Vandredi nan l\u00e8 biwo n\u00f2mal ant 8:00 am ak 5:00 pm.<\/li>\n\n\n\n<li>Yo ta dwe soum\u00e8t plent f\u00f2m\u00e8l alekri pa lap\u00f2s s\u00e8vis lap\u00f2s, im\u00e8l oswa faks nan kontak yo idantifye pi wo a.<\/li>\n\n\n\n<li>Plent f\u00f2m\u00e8l Tit VI ki soum\u00e8t alekri dwe siyen pa Pleyan an ak\/oswa Reprezantan Pleyan an. Plent yo dwe prezante otank posib reyalite ak sikonstans ki antoure swadizan diskriminasyon an epi yo dwe genyen enf\u00f2masyon sa yo:\n<ul class=\"wp-block-list\">\n<li>Non, adr\u00e8s, ak nimewo telef\u00f2n Pleyan an.<\/li>\n\n\n\n<li>Yon deklarasyon alekri sou plent lan, ki gen ladan detay sa yo:\n<ul class=\"wp-block-list\">\n<li>Baz plent (sa vle di, ras, koul\u00e8 ak orijin nasyonal).<\/li>\n\n\n\n<li>Nati ensidan an ki te f\u00e8 Pleyan an santi diskriminasyon an te yon fakt\u00e8.<\/li>\n\n\n\n<li>Yon eksplikasyon detaye sou swadizan zak diskriminatwa a (yo).<\/li>\n\n\n\n<li>Dat oswa dat kote swadizan ev\u00e8nman diskriminatwa a te f\u00e8t.<\/li>\n<\/ul>\n<\/li>\n\n\n\n<li>Si sa aplikab, non (yo) swadizan ofisy\u00e8l diskriminasyon (yo).<\/li>\n\n\n\n<li>L\u00f2t ajans (eta, lokal, oswa federal) kote yo ap depoze plent lan tou (si sa aplikab).<\/li>\n\n\n\n<li>Siyati ak dat pleyan an.<\/li>\n<\/ul>\n<\/li>\n\n\n\n<li>Si w bezwen enf\u00f2masyon kons\u00e8nan pwosedi pou plent SunRail Tit VI nan yon l\u00f2t lang, tanpri kontakte Misye Roger Masten nan (321) 257-7161 pou asistans. Si w gen pwobl\u00e8m pou tande oswa pou w pale, tanpri kontakte ajans lan l\u00e8 l s\u00e8vi av\u00e8k Florida Relay Service, 1 (800) 955-8771 (TDD) oswa 1 (800) 955-8770 (vwa). Pou jwenn pwosedi pou plent SunRail Tit VI an pany\u00f2l, tanpri kontakte mesye Roger Masten pou \u00e8d. Para obtener los procedimientos de queja de SunRail t\u00edtulo VI en espa\u00f1ol, comun\u00edquese con el Sr. Roger Masten al (321) 257-7161 para asistencia.<\/li>\n<\/ol>\n\n\n\n<p class=\"spacer\">Reprezantan SunRail la pral ede moun yo pote yon plent, jan sa neses\u00e8. <a class=\"back-to-top\" href=\"#top\">Retounen nan t\u00e8t<\/a><br><br><\/p>\n\n\n\n<h2 class=\"wp-block-heading\" id=\"what-happens-to-my-complaint-after-it-is-submitted\">Kisa k ap pase ak plent mwen an apre yo fin soum\u00e8t li?<\/h2>\n\n\n\n<ol class=\"wp-block-list\">\n<li>Tout plent v\u00e8bal\/pa ekri SunRail resevwa dwe rezoud yon fason enf\u00f2m\u00e8l l\u00e8 sa posib. Ou ka resevwa plent enf\u00f2m\u00e8l pa telef\u00f2n jan lis pi wo a. Sepandan, yon fwa yo ekri yon plent, li vin tounen yon plent f\u00f2m\u00e8l. Si pwobl\u00e8m nan pa te rezoud yon fason ki satisfezan atrav\u00e8 mwayen enf\u00f2m\u00e8l, oswa si nenp\u00f2t ki l\u00e8 moun nan (yo) mande (yo) pou depoze yon plent f\u00f2m\u00e8l alekri, Ko\u00f2donat\u00e8 Tit VI SunRail la dwe trete plent lan an ak\u00f2 ak pwosedi pou plent f\u00f2m\u00e8l FDOT apwouve. .<\/li>\n\n\n\n<li>Yon fwa yo resevwa plent lan, FDOT pral revize li pou det\u00e8mine ajans oswa \u00f2ganizasyon ki gen otorite jiridiksyon an. Pleyan an pral resevwa yon l\u00e8t rekonesans pou f\u00e8 l konnen si FDOT ap envestige plent lan oswa si w ap voye l bay ajans oswa \u00f2ganizasyon ki apwopriye a pou l reponn.<\/li>\n\n\n\n<li>FDOT gen 30 jou pou mennen ank\u00e8t sou plent lan. Si yo bezwen plis enf\u00f2masyon pou mennen ank\u00e8t sou plent lan, FDOT ka kontakte Pleyan an. Nan ka demann sa a, Pleyan an gen 30 jou apati dat l\u00e8t la pou l bay enf\u00f2masyon yo mande a. Si Pleyan an pa kontakte FDOT oswa si li pa resevwa plis enf\u00f2masyon an nan lespas 30 jou, FDOT kapab f\u00e8men ank\u00e8t la administrativman. Yon envestigasyon kapab f\u00e8men administrativman tou si Pleyan an pa vle pouswiv plent yo ank\u00f2.<\/li>\n\n\n\n<li>Apre p\u00e8son\u00e8l Tit VI Compliance revize\/ank\u00e8t sou plent lan, li pral voye yon l\u00e8t repons bay Pleyan an. Sepandan, tout konklizyon ki gen rap\u00f2 ak swadizan vyolasyon Tit VI yo pral voye bay FTA pou jwenn f\u00f2m\u00e8l ak devlopman yon l\u00e8t f\u00e8men. Yon l\u00e8t f\u00e8men rezime akizasyon yo, deklare pa t gen yon vyolasyon Tit VI, epi enf\u00f2me Pleyan an ke ka a pral f\u00e8men. Si Pleyan an vle f\u00e8 ap\u00e8l kont desizyon an, li gen 10 jou apre dat l\u00e8t f\u00e8men an pou l f\u00e8 sa.<\/li>\n\n\n\n<li>Tou de plent f\u00f2m\u00e8l ak v\u00e8bal\/ki pa ekri FDOT resevwa dokimante, anrejistre epi swiv. Yon fwa envestigasyon an fini, yo f\u00e8 Pleyan an konnen rezilta ank\u00e8t la. Si Pleyan an pa satisf\u00e8 ak rezilta envestigasyon an, dosye\/enf\u00f2masyon ank\u00e8t la pral revize pa pwochen nivo jesyon ki pi wo nan \u00f2ganizasyon an. <a class=\"back-to-top\" href=\"#top\">Retounen nan t\u00e8t<\/a><br><\/li>\n<\/ol>\n\n\n\n<h2 class=\"wp-block-heading\" id=\"how-will-i-be-notified-of-the-outcome\">Kijan m ap f\u00e8 m konnen rezilta Konf\u00f2mite mwen an<\/h2>\n\n\n\n<p>SunRail pral f\u00e8 tout sa li kapab pou reponn plent Tit VI alekri nan 30 jou apre li resevwa plent sa yo.<\/p>\n\n\n\n<p>Anplis pwosesis plent nan SunRail, moun ak \u00f2ganizasyon yo ka depoze yon plent tou nan Biwo Dwa Sivil Federal Transit Administration l\u00e8 yo jwenn f\u00f2m plent lan nan: <a href=\"https:\/\/www.transit.dot.gov\/regulations-and-guidance\/civil-rights-ada\/file-complaint-fta\" target=\"_blank\" rel=\"noreferrer noopener\">www.transit.dot.gov\/regulations-and-guidance\/civil-rights-ada\/file-complaint-fta.<\/a> <a class=\"back-to-top\" href=\"#top\">Retounen nan t\u00e8t<\/a><\/p>\n<\/div>\n<\/div>\n\n\n\n<div style=\"height:96px\" aria-hidden=\"true\" class=\"wp-block-spacer\"><\/div>","protected":false},"excerpt":{"rendered":"<p>Tit VI nan Lwa sou Dwa Sivil 1964 la (ke yo rele Tit VI) ent\u00e8di diskriminasyon sou baz ras, koul\u00e8, oswa orijin nasyonal nan pwogram ak aktivite k ap resevwa asistans finansy\u00e8 federal. Espesyalman, Tit VI a prevwa ke &quot;okenn moun Ozetazini pa dwe, sou baz ras, koul\u00e8, oswa orijin nasyonal,...<\/p>","protected":false},"author":6,"featured_media":0,"parent":14738,"menu_order":3,"comment_status":"closed","ping_status":"closed","template":"","meta":{"_acf_changed":false,"footnotes":""},"class_list":{"2":"type-page"},"acf":[],"yoast_head":"<!-- This site is optimized with the Yoast SEO plugin v27.2 - https:\/\/yoast.com\/product\/yoast-seo-wordpress\/ -->\n<title>Title VI \/ Nondiscrimination - SunRail<\/title>\n<meta name=\"robots\" content=\"index, follow, max-snippet:-1, max-image-preview:large, max-video-preview:-1\" \/>\n<link rel=\"canonical\" href=\"https:\/\/sunrail.com\/ht\/legal-policies\/title-vi-nondiscrimination\/\" \/>\n<meta property=\"og:locale\" content=\"ht_HT\" \/>\n<meta property=\"og:type\" content=\"article\" \/>\n<meta property=\"og:title\" content=\"Title VI \/ Nondiscrimination - SunRail\" \/>\n<meta property=\"og:description\" content=\"Title VI of the Civil Rights Act of 1964 (referred to as Title VI) prohibits discrimination on the basis of race, color, or national origin in programs and activities receiving Federal financial assistance. Specifically, Title VI provides that \u201cno person in the United States shall, on the ground of race, color, or national origin, be&hellip;\" \/>\n<meta property=\"og:url\" content=\"https:\/\/sunrail.com\/ht\/legal-policies\/title-vi-nondiscrimination\/\" \/>\n<meta property=\"og:site_name\" content=\"SunRail\" \/>\n<meta property=\"article:publisher\" content=\"https:\/\/www.facebook.com\/RideSunRail\" \/>\n<meta property=\"article:modified_time\" content=\"2026-03-27T13:59:33+00:00\" \/>\n<meta name=\"twitter:card\" content=\"summary_large_image\" \/>\n<meta name=\"twitter:site\" content=\"@ridesunrail\" \/>\n<meta name=\"twitter:label1\" content=\"Est. reading time\" \/>\n\t<meta name=\"twitter:data1\" content=\"6 minutes\" \/>\n<script type=\"application\/ld+json\" class=\"yoast-schema-graph\">{\"@context\":\"https:\/\/schema.org\",\"@graph\":[{\"@type\":\"WebPage\",\"@id\":\"https:\/\/sunrail.com\/legal-policies\/title-vi-nondiscrimination\/\",\"url\":\"https:\/\/sunrail.com\/legal-policies\/title-vi-nondiscrimination\/\",\"name\":\"Title VI \/ Nondiscrimination - SunRail\",\"isPartOf\":{\"@id\":\"https:\/\/sunrail.com\/#website\"},\"datePublished\":\"2023-12-04T19:25:10+00:00\",\"dateModified\":\"2026-03-27T13:59:33+00:00\",\"breadcrumb\":{\"@id\":\"https:\/\/sunrail.com\/legal-policies\/title-vi-nondiscrimination\/#breadcrumb\"},\"inLanguage\":\"ht-HT\",\"potentialAction\":[{\"@type\":\"ReadAction\",\"target\":[\"https:\/\/sunrail.com\/legal-policies\/title-vi-nondiscrimination\/\"]}]},{\"@type\":\"BreadcrumbList\",\"@id\":\"https:\/\/sunrail.com\/legal-policies\/title-vi-nondiscrimination\/#breadcrumb\",\"itemListElement\":[{\"@type\":\"ListItem\",\"position\":1,\"name\":\"Home\",\"item\":\"https:\/\/sunrail.com\/\"},{\"@type\":\"ListItem\",\"position\":2,\"name\":\"Legal Policies\",\"item\":\"https:\/\/sunrail.com\/legal-policies\/\"},{\"@type\":\"ListItem\",\"position\":3,\"name\":\"Title VI \/ Nondiscrimination\"}]},{\"@type\":\"WebSite\",\"@id\":\"https:\/\/sunrail.com\/#website\",\"url\":\"https:\/\/sunrail.com\/\",\"name\":\"SunRail\",\"description\":\"Connecting Communities\",\"publisher\":{\"@id\":\"https:\/\/sunrail.com\/#organization\"},\"potentialAction\":[{\"@type\":\"SearchAction\",\"target\":{\"@type\":\"EntryPoint\",\"urlTemplate\":\"https:\/\/sunrail.com\/?s={search_term_string}\"},\"query-input\":{\"@type\":\"PropertyValueSpecification\",\"valueRequired\":true,\"valueName\":\"search_term_string\"}}],\"inLanguage\":\"ht-HT\"},{\"@type\":\"Organization\",\"@id\":\"https:\/\/sunrail.com\/#organization\",\"name\":\"SunRail\",\"url\":\"https:\/\/sunrail.com\/\",\"logo\":{\"@type\":\"ImageObject\",\"inLanguage\":\"ht-HT\",\"@id\":\"https:\/\/sunrail.com\/#\/schema\/logo\/image\/\",\"url\":\"https:\/\/sunrail.com\/wp-content\/uploads\/2015\/08\/sunrail-logo.jpg\",\"contentUrl\":\"https:\/\/sunrail.com\/wp-content\/uploads\/2015\/08\/sunrail-logo.jpg\",\"width\":289,\"height\":250,\"caption\":\"SunRail\"},\"image\":{\"@id\":\"https:\/\/sunrail.com\/#\/schema\/logo\/image\/\"},\"sameAs\":[\"https:\/\/www.facebook.com\/RideSunRail\",\"https:\/\/x.com\/ridesunrail\",\"https:\/\/instagram.com\/ridesunrail\/\",\"https:\/\/www.youtube.com\/user\/ridesunrail\"]}]}<\/script>\n<!-- \/ Yoast SEO plugin. -->","yoast_head_json":{"title":"Tit VI \/ Non-diskriminasyon - SunRail","robots":{"index":"index","follow":"follow","max-snippet":"max-snippet:-1","max-image-preview":"max-image-preview:large","max-video-preview":"max-video-preview:-1"},"canonical":"https:\/\/sunrail.com\/ht\/legal-policies\/title-vi-nondiscrimination\/","og_locale":"ht_HT","og_type":"article","og_title":"Title VI \/ Nondiscrimination - SunRail","og_description":"Title VI of the Civil Rights Act of 1964 (referred to as Title VI) prohibits discrimination on the basis of race, color, or national origin in programs and activities receiving Federal financial assistance. Specifically, Title VI provides that \u201cno person in the United States shall, on the ground of race, color, or national origin, be&hellip;","og_url":"https:\/\/sunrail.com\/ht\/legal-policies\/title-vi-nondiscrimination\/","og_site_name":"SunRail","article_publisher":"https:\/\/www.facebook.com\/RideSunRail","article_modified_time":"2026-03-27T13:59:33+00:00","twitter_card":"summary_large_image","twitter_site":"@ridesunrail","twitter_misc":{"Est. reading time":"6 minutes"},"schema":{"@context":"https:\/\/schema.org","@graph":[{"@type":"WebPage","@id":"https:\/\/sunrail.com\/legal-policies\/title-vi-nondiscrimination\/","url":"https:\/\/sunrail.com\/legal-policies\/title-vi-nondiscrimination\/","name":"Tit VI \/ Non-diskriminasyon - SunRail","isPartOf":{"@id":"https:\/\/sunrail.com\/#website"},"datePublished":"2023-12-04T19:25:10+00:00","dateModified":"2026-03-27T13:59:33+00:00","breadcrumb":{"@id":"https:\/\/sunrail.com\/legal-policies\/title-vi-nondiscrimination\/#breadcrumb"},"inLanguage":"ht-HT","potentialAction":[{"@type":"ReadAction","target":["https:\/\/sunrail.com\/legal-policies\/title-vi-nondiscrimination\/"]}]},{"@type":"BreadcrumbList","@id":"https:\/\/sunrail.com\/legal-policies\/title-vi-nondiscrimination\/#breadcrumb","itemListElement":[{"@type":"ListItem","position":1,"name":"Home","item":"https:\/\/sunrail.com\/"},{"@type":"ListItem","position":2,"name":"Legal Policies","item":"https:\/\/sunrail.com\/legal-policies\/"},{"@type":"ListItem","position":3,"name":"Title VI \/ Nondiscrimination"}]},{"@type":"WebSite","@id":"https:\/\/sunrail.com\/#website","url":"https:\/\/sunrail.com\/","name":"SunRail","description":"Konekte Kominote yo","publisher":{"@id":"https:\/\/sunrail.com\/#organization"},"potentialAction":[{"@type":"SearchAction","target":{"@type":"EntryPoint","urlTemplate":"https:\/\/sunrail.com\/?s={search_term_string}"},"query-input":{"@type":"PropertyValueSpecification","valueRequired":true,"valueName":"search_term_string"}}],"inLanguage":"ht-HT"},{"@type":"Organization","@id":"https:\/\/sunrail.com\/#organization","name":"SunRail","url":"https:\/\/sunrail.com\/","logo":{"@type":"ImageObject","inLanguage":"ht-HT","@id":"https:\/\/sunrail.com\/#\/schema\/logo\/image\/","url":"https:\/\/sunrail.com\/wp-content\/uploads\/2015\/08\/sunrail-logo.jpg","contentUrl":"https:\/\/sunrail.com\/wp-content\/uploads\/2015\/08\/sunrail-logo.jpg","width":289,"height":250,"caption":"SunRail"},"image":{"@id":"https:\/\/sunrail.com\/#\/schema\/logo\/image\/"},"sameAs":["https:\/\/www.facebook.com\/RideSunRail","https:\/\/x.com\/ridesunrail","https:\/\/instagram.com\/ridesunrail\/","https:\/\/www.youtube.com\/user\/ridesunrail"]}]}},"_links":{"self":[{"href":"https:\/\/sunrail.com\/ht\/wp-json\/wp\/v2\/pages\/14741","targetHints":{"allow":["GET"]}}],"collection":[{"href":"https:\/\/sunrail.com\/ht\/wp-json\/wp\/v2\/pages"}],"about":[{"href":"https:\/\/sunrail.com\/ht\/wp-json\/wp\/v2\/types\/page"}],"author":[{"embeddable":true,"href":"https:\/\/sunrail.com\/ht\/wp-json\/wp\/v2\/users\/6"}],"replies":[{"embeddable":true,"href":"https:\/\/sunrail.com\/ht\/wp-json\/wp\/v2\/comments?post=14741"}],"version-history":[{"count":5,"href":"https:\/\/sunrail.com\/ht\/wp-json\/wp\/v2\/pages\/14741\/revisions"}],"predecessor-version":[{"id":21399,"href":"https:\/\/sunrail.com\/ht\/wp-json\/wp\/v2\/pages\/14741\/revisions\/21399"}],"up":[{"embeddable":true,"href":"https:\/\/sunrail.com\/ht\/wp-json\/wp\/v2\/pages\/14738"}],"wp:attachment":[{"href":"https:\/\/sunrail.com\/ht\/wp-json\/wp\/v2\/media?parent=14741"}],"curies":[{"name":"wp","href":"https:\/\/api.w.org\/{rel}","templated":true}]}}