{"id":15080,"date":"2023-12-26T21:01:35","date_gmt":"2023-12-26T21:01:35","guid":{"rendered":"https:\/\/sunrail.com\/?page_id=15080"},"modified":"2026-02-05T09:36:28","modified_gmt":"2026-02-05T14:36:28","slug":"home","status":"publish","type":"page","link":"https:\/\/sunrail.com\/ht\/","title":{"rendered":"Lakay"},"content":{"rendered":"<div class=\"wp-block-group home-banner dtop-only is-layout-constrained wp-block-group-is-layout-constrained\"><\/div>\n\n\n\n<div class=\"wp-block-group home-banner mobile-only is-layout-constrained wp-block-group-is-layout-constrained\"><\/div>\n\n\n\n<div class=\"wp-block-group alignfull footer-cta is-layout-constrained wp-block-group-is-layout-constrained\">\n<div class=\"wp-block-columns wp-block-columns-has-3 is-layout-flex wp-container-core-columns-is-layout-28f84493 wp-block-columns wp-block-columns-has-3-is-layout-flex\">\n<div class=\"wp-block-column is-layout-flow wp-block-column-is-layout-flow\"><div class=\"wp-block-safe-svg-svg-icon safe-svg-cover\" style=\"text-align: center;\">\n\t\t\t\t<div class=\"safe-svg-inside safe-svg-inline\" style=\"width: 73px; height: 72px; background-color: var(--wp--preset--color--); color: var(--wp--preset--color--); padding-top: ; padding-right: ; padding-bottom: ; padding-left: ; margin-top: ; margin-right: ; margin-bottom: ; margin-left: ;\"><?xml version=\"1.0\" encoding=\"UTF-8\"?> <svg xmlns=\"http:\/\/www.w3.org\/2000\/svg\" width=\"73\" height=\"72\" fill=\"none\"><g fill-rule=\"evenodd\" clip-rule=\"evenodd\" fill=\"#848F94\"><path d=\"M16.397 19.846a4.359 4.359 0 00-4.358 4.36v5.964a5.695 5.695 0 010 11.045v5.964a4.361 4.361 0 004.358 4.36h40.206a4.364 4.364 0 004.358-4.36v-5.964a5.696 5.696 0 01-4.307-5.523 5.696 5.696 0 014.307-5.522v-5.965a4.361 4.361 0 00-4.358-4.359H16.397zm-7.128 4.36a7.128 7.128 0 017.128-7.13h40.206a7.13 7.13 0 017.128 7.13v7.179c0 .764-.62 1.384-1.385 1.384a2.924 2.924 0 000 5.846c.765 0 1.385.62 1.385 1.385v7.18a7.134 7.134 0 01-7.128 7.128H16.397a7.13 7.13 0 01-7.128-7.129V40c0-.765.62-1.385 1.385-1.385a2.924 2.924 0 000-5.846c-.765 0-1.385-.62-1.385-1.384v-7.18z\"><\/path><path d=\"M39.911 27.565l1.285 2.604 5.08.737c2.217.327 3.107 3.054 1.491 4.62l-.001.002-3.677 3.579.87 5.052c.377 2.209-1.939 3.911-3.937 2.85h-.002l-4.533-2.389-4.544 2.395c-1.97 1.023-4.308-.621-3.927-2.856l.87-5.052-3.655-3.582c-1.613-1.567-.724-4.292 1.492-4.62h.004l5.076-.736 2.27-4.599c.994-2.034 3.865-2.002 4.862-.009l1.002 2.004h-.026zm1.294 2.623l.004.007-1.242.612 1.238-.619zM36.5 26.909l-2.229 4.518a2.712 2.712 0 01-2.042 1.479l-4.978.721 3.597 3.525.005.005a2.72 2.72 0 01.768 2.385l-.855 4.963 4.47-2.355a2.744 2.744 0 012.503 0l.011.005 4.459 2.35-.855-4.962a2.72 2.72 0 01.768-2.386l.006-.006 3.62-3.524-4.977-.721h-.002a2.712 2.712 0 01-2.04-1.48l-.004-.006-2.225-4.511z\"><\/path><\/g><\/svg> <\/div>\n\t\t\t<\/div>\n\n\n<p class=\"has-text-align-center has-primary-navy-blue-color has-text-color has-heading-font-family\"><strong>Pri ak pas<\/strong><\/p>\n\n\n\n<p class=\"has-text-align-center has-monotone-gray-3-color has-text-color\">Dekouvri pri tik\u00e8 ab\u00f2dab, SunCard rechaje, tarif gwoup, ak pak\u00e8 antrepriz ki satisf\u00e8 bezwen ou yo.<\/p>\n\n\n\n<p class=\"has-text-align-center\"><a href=\"\/ht\/fares-passes\/fares\/\">Gade Pri Pri Tarif yo<\/a><\/p>\n<\/div>\n\n\n\n<div class=\"wp-block-column is-layout-flow wp-block-column-is-layout-flow\"><div class=\"wp-block-safe-svg-svg-icon safe-svg-cover\" style=\"text-align: center;\">\n\t\t\t\t<div class=\"safe-svg-inside safe-svg-inline\" style=\"width: 72px; height: 72px; background-color: var(--wp--preset--color--); color: var(--wp--preset--color--); padding-top: ; padding-right: ; padding-bottom: ; padding-left: ; margin-top: ; margin-right: ; margin-bottom: ; margin-left: ;\"><?xml version=\"1.0\" encoding=\"UTF-8\"?> <svg xmlns=\"http:\/\/www.w3.org\/2000\/svg\" width=\"72\" height=\"72\" viewbox=\"0 0 72 72\" fill=\"none\"><path fill-rule=\"evenodd\" clip-rule=\"evenodd\" d=\"M9.33289 13.8462C6.21791 13.8462 3.6923 16.3716 3.6923 19.4867V41.2427C3.6923 44.3579 6.21791 46.8833 9.33289 46.8833H9.84171C10.6064 46.8833 11.2263 47.5032 11.2263 48.2679V54.9025L23.6696 47.095C24.3174 46.6886 25.172 46.8842 25.5784 47.532C25.9848 48.1798 25.7892 49.0343 25.1414 49.4408L10.5776 58.5787C10.1509 58.8465 9.6124 58.8613 9.17156 58.6175C8.73072 58.3737 8.4571 57.9097 8.4571 57.4059V49.6075C4.22428 49.1694 0.923065 45.5916 0.923065 41.2427V19.4867C0.923065 14.8421 4.68858 11.0769 9.33289 11.0769H51.4841C56.1284 11.0769 59.8939 14.8421 59.8939 19.4867V22.9906C59.8939 23.7553 59.274 24.3752 58.5093 24.3752C57.7446 24.3752 57.1247 23.7553 57.1247 22.9906V19.4867C57.1247 16.3716 54.5991 13.8462 51.4841 13.8462H9.33289Z\" fill=\"#848F94\"><\/path><path fill-rule=\"evenodd\" clip-rule=\"evenodd\" d=\"M64.054 30.7581C65.8932 30.7581 67.3845 32.2492 67.3845 34.0885V48.6903C67.3845 50.5297 65.8932 52.0208 64.054 52.0208H63.7125C62.9478 52.0208 62.3279 52.6407 62.3279 53.4054V57.0351L54.6737 52.2325C54.4532 52.0942 54.1981 52.0208 53.9378 52.0208H35.7636C33.9244 52.0208 32.4332 50.5297 32.4332 48.6903V34.0885C32.4332 32.2492 33.9244 30.7581 35.7636 30.7581H64.054ZM70.1537 34.0885C70.1537 30.7197 67.4225 27.9889 64.054 27.9889H35.7636C32.3951 27.9889 29.664 30.7197 29.664 34.0885V48.6903C29.664 52.0591 32.3951 54.79 35.7636 54.79H53.5394L62.9766 60.7113C63.4033 60.9791 63.9418 60.9939 64.3827 60.7501C64.8235 60.5063 65.0971 60.0422 65.0971 59.5385V54.7012C67.9688 54.2063 70.1537 51.7035 70.1537 48.6903V34.0885Z\" fill=\"#848F94\"><\/path><circle cx=\"40.6785\" cy=\"41.6624\" r=\"2.30769\" fill=\"#848F94\"><\/circle><ellipse cx=\"49.9093\" cy=\"41.6624\" rx=\"2.30769\" ry=\"2.30769\" fill=\"#848F94\"><\/ellipse><ellipse cx=\"59.14\" cy=\"41.6624\" rx=\"2.30769\" ry=\"2.30769\" fill=\"#848F94\"><\/ellipse><\/svg> <\/div>\n\t\t\t<\/div>\n\n\n<p class=\"has-text-align-center has-primary-navy-blue-color has-text-color has-heading-font-family\"><strong>Gen yon Kesyon?<\/strong><\/p>\n\n\n\n<p class=\"has-text-align-center has-monotone-gray-3-color has-text-color\">Ch\u00e8che FAQ nou yo oswa pale ak youn nan reprezantan S\u00e8vis Kliyan nou yo.<br><a class=\"no-arrow\" href=\"tel:8557245411\" rel=\"nofollow\">1-855-RAIL-411<\/a><\/p>\n\n\n\n<p class=\"has-text-align-center\"><a href=\"\/ht\/help-center\/customer-service\/\">Kontakte nou<\/a><\/p>\n<\/div>\n\n\n\n<div class=\"wp-block-column is-layout-flow wp-block-column-is-layout-flow\"><div class=\"wp-block-safe-svg-svg-icon safe-svg-cover\" style=\"text-align: center;\">\n\t\t\t\t<div class=\"safe-svg-inside safe-svg-inline\" style=\"width: 72px; height: 72px; background-color: var(--wp--preset--color--); color: var(--wp--preset--color--); padding-top: ; padding-right: ; padding-bottom: ; padding-left: ; margin-top: ; margin-right: ; margin-bottom: ; margin-left: ;\"><?xml version=\"1.0\" encoding=\"UTF-8\"?> <svg xmlns=\"http:\/\/www.w3.org\/2000\/svg\" width=\"72\" height=\"72\" viewbox=\"0 0 72 72\" fill=\"none\"><g clip-path=\"url(#clip0_2933_16825)\"><path d=\"M29.3631 38.8246C28.3846 38.8246 27.5815 39.6185 27.5815 40.6062C27.5815 41.5938 28.3754 42.3877 29.3631 42.3877C30.3508 42.3877 31.1446 41.5938 31.1446 40.6062C31.1446 39.6185 30.3508 38.8246 29.3631 38.8246Z\" fill=\"#848F94\"><\/path><path d=\"M33.1015 23.6585H28.9477C27.8924 23.6585 27.0369 24.5139 27.0369 25.5692V30.7938C27.0369 31.8491 27.8924 32.7046 28.9477 32.7046H33.1015C34.1568 32.7046 35.0123 31.8491 35.0123 30.7938V25.5692C35.0123 24.5139 34.1568 23.6585 33.1015 23.6585Z\" fill=\"#848F94\"><\/path><path d=\"M44.5384 40.5969C44.5384 39.6185 43.7446 38.8154 42.7569 38.8154C41.7692 38.8154 40.9754 39.6092 40.9754 40.5969C40.9754 41.5846 41.7692 42.3785 42.7569 42.3785C43.7446 42.3785 44.5384 41.5846 44.5384 40.5969Z\" fill=\"#848F94\"><\/path><path d=\"M43.1908 23.6585H39.0369C37.9816 23.6585 37.1262 24.5139 37.1262 25.5692V30.7938C37.1262 31.8491 37.9816 32.7046 39.0369 32.7046H43.1908C44.2461 32.7046 45.1015 31.8491 45.1015 30.7938V25.5692C45.1015 24.5139 44.2461 23.6585 43.1908 23.6585Z\" fill=\"#848F94\"><\/path><path d=\"M58.6338 13.3477C54.2677 11.0585 45.5354 7.20923 36.0646 7.20923C26.5938 7.20923 17.8615 11.0585 13.5046 13.3477C11.4369 14.4369 10.1538 16.5508 10.1538 18.8769V20.4277V27.7015C10.1538 42.2123 16.5138 51.4892 22.8923 57.1015C26.0677 59.8985 29.2431 61.7815 31.6246 62.9631C32.8154 63.5538 33.8123 63.9785 34.5231 64.2554C34.8738 64.3938 36.0831 64.7908 36.0831 64.7908C36.0831 64.7908 37.2831 64.3938 37.6431 64.2554C38.3446 63.9785 39.3415 63.5631 40.5415 62.9631C42.9231 61.7723 46.0985 59.8892 49.2738 57.0923C55.6523 51.48 62.0123 42.2123 62.0123 27.7015V22.2646V18.8769C62.0123 16.5508 60.7292 14.4369 58.6615 13.3477H58.6338ZM39.2769 60.48C38.1692 61.0338 37.2461 61.4215 36.6092 61.6708C36.3877 61.7538 36.2031 61.8277 36.0554 61.8738C35.9077 61.8185 35.7231 61.7538 35.5015 61.6708C34.8646 61.4215 33.9415 61.0338 32.8338 60.48C31.7631 59.9446 30.5261 59.2615 29.1969 58.4031H42.8954C41.5661 59.2615 40.3292 59.9446 39.2585 60.48H39.2769ZM27.6738 55.6338L28.9477 52.7723H43.1815L44.4554 55.6338H27.6738ZM28.1908 45.1108C26.0492 45.1108 24.3231 43.3754 24.3231 41.2431V23.4369C24.3231 21.2954 26.0585 19.5692 28.1908 19.5692H43.9569C46.0985 19.5692 47.8338 21.3046 47.8338 23.4369V41.2431C47.8338 43.3846 46.0985 45.1108 43.9569 45.1108H28.1908ZM41.9446 50.0031H30.1846L31.1261 47.88H41.0031L41.9446 50.0031ZM59.2154 19.2V27.7015C59.2154 41.28 53.3077 49.8369 47.4185 55.0154C47.3723 55.0615 47.3169 55.0985 47.2708 55.1446L44.04 47.8892C47.6677 47.8431 50.6031 44.8892 50.6031 41.2523V23.4462C50.6031 19.7815 47.6308 16.8092 43.9569 16.8092H28.1908C24.5261 16.8092 21.5538 19.7815 21.5538 23.4462V41.2523C21.5538 44.8892 24.48 47.8431 28.1077 47.8892L24.8677 55.1538C24.8215 55.1077 24.7661 55.0708 24.72 55.0246C18.8308 49.8462 12.9231 41.2892 12.9231 27.7108V22.2738V18.8862C12.9231 17.5938 13.6431 16.4123 14.7877 15.8123C18.9231 13.6338 27.1938 9.98769 36.0646 9.98769C44.9354 9.98769 53.2061 13.6338 57.3415 15.8123C58.4954 16.4215 59.2061 17.5938 59.2061 18.8862V19.2092L59.2154 19.2Z\" fill=\"#848F94\"><\/path><\/g><defs><clippath id=\"clip0_2933_16825\"><rect width=\"51.8308\" height=\"57.5815\" fill=\"white\" transform=\"translate(10.1538 7.20923)\"><\/rect><\/clippath><\/defs><\/svg> <\/div>\n\t\t\t<\/div>\n\n\n<p class=\"has-text-align-center has-primary-navy-blue-color has-text-color has-heading-font-family\"><strong>Sekirite Premye<\/strong><\/p>\n\n\n\n<p class=\"has-text-align-center has-monotone-gray-3-color has-text-color\">Bay priyorite sekirite alantou ray SunRail\u2014rete lwen pasaj yo epi respekte pwopriyete tren pou byenn\u00e8t tout moun.<\/p>\n\n\n\n<p class=\"has-text-align-center\"><a href=\"\/ht\/riding-sunrail\/rail-safety\/\">Eksplore Sekirite Rail<\/a><\/p>\n<\/div>\n<\/div>\n<\/div>","protected":false},"excerpt":{"rendered":"<p>Pri tik\u00e8 ak pas Dekouvri pri tik\u00e8 ab\u00f2dab, SunCard rechaje, tarif gwoup, ak pak\u00e8 antrepriz ki satisf\u00e8 bezwen ou yo. Gade pri pri yo gen yon kesyon? Ch\u00e8che FAQ nou yo oswa pale ak youn nan reprezantan S\u00e8vis Kliyan nou yo.1-855-RAIL-411 Kontakte nou Sekirite Premye Priyorite sekirite alantou ray SunRail\u2014rete lwen pasaj yo epi respekte pwopriyete tren pou byenn\u00e8t tout moun. Eksplore\u2026<\/p>","protected":false},"author":5,"featured_media":0,"parent":0,"menu_order":0,"comment_status":"closed","ping_status":"closed","template":"","meta":{"_acf_changed":false,"footnotes":""},"class_list":{"2":"type-page"},"acf":[],"yoast_head":"<!-- This site is optimized with the Yoast SEO plugin v27.2 - https:\/\/yoast.com\/product\/yoast-seo-wordpress\/ -->\n<title>Home - SunRail<\/title>\n<meta name=\"description\" content=\"SunRail is a Central Florida-based rail service moving people throughout the region by providing work and leisure travel opportunities and connecting communities. The system currently operates over 49 miles with 16 stations through Volusia, Seminole, Orange, and Osceola counties.\" \/>\n<meta name=\"robots\" content=\"index, follow, max-snippet:-1, max-image-preview:large, max-video-preview:-1\" \/>\n<link rel=\"canonical\" href=\"https:\/\/sunrail.com\/ht\/\" \/>\n<meta property=\"og:locale\" content=\"ht_HT\" \/>\n<meta property=\"og:type\" content=\"article\" \/>\n<meta property=\"og:title\" content=\"Home - SunRail\" \/>\n<meta property=\"og:description\" content=\"SunRail is a Central Florida-based rail service moving people throughout the region by providing work and leisure travel opportunities and connecting communities. The system currently operates over 49 miles with 16 stations through Volusia, Seminole, Orange, and Osceola counties.\" \/>\n<meta property=\"og:url\" content=\"https:\/\/sunrail.com\/ht\/\" \/>\n<meta property=\"og:site_name\" content=\"SunRail\" \/>\n<meta property=\"article:publisher\" content=\"https:\/\/www.facebook.com\/RideSunRail\" \/>\n<meta property=\"article:modified_time\" content=\"2026-02-05T14:36:28+00:00\" \/>\n<meta name=\"twitter:card\" content=\"summary_large_image\" \/>\n<meta name=\"twitter:site\" content=\"@ridesunrail\" \/>\n<meta name=\"twitter:label1\" content=\"Est. reading time\" \/>\n\t<meta name=\"twitter:data1\" content=\"1 minute\" \/>\n<script type=\"application\/ld+json\" class=\"yoast-schema-graph\">{\"@context\":\"https:\/\/schema.org\",\"@graph\":[{\"@type\":\"WebPage\",\"@id\":\"https:\/\/sunrail.com\/\",\"url\":\"https:\/\/sunrail.com\/\",\"name\":\"Home - SunRail\",\"isPartOf\":{\"@id\":\"https:\/\/sunrail.com\/#website\"},\"datePublished\":\"2023-12-26T21:01:35+00:00\",\"dateModified\":\"2026-02-05T14:36:28+00:00\",\"description\":\"SunRail is a Central Florida-based rail service moving people throughout the region by providing work and leisure travel opportunities and connecting communities. The system currently operates over 49 miles with 16 stations through Volusia, Seminole, Orange, and Osceola counties.\",\"breadcrumb\":{\"@id\":\"https:\/\/sunrail.com\/#breadcrumb\"},\"inLanguage\":\"ht-HT\",\"potentialAction\":[{\"@type\":\"ReadAction\",\"target\":[\"https:\/\/sunrail.com\/\"]}]},{\"@type\":\"BreadcrumbList\",\"@id\":\"https:\/\/sunrail.com\/#breadcrumb\",\"itemListElement\":[{\"@type\":\"ListItem\",\"position\":1,\"name\":\"Home\",\"item\":\"https:\/\/sunrail.com\/\"},{\"@type\":\"ListItem\",\"position\":2,\"name\":\"Home\"}]},{\"@type\":\"WebSite\",\"@id\":\"https:\/\/sunrail.com\/#website\",\"url\":\"https:\/\/sunrail.com\/\",\"name\":\"SunRail\",\"description\":\"Connecting Communities\",\"publisher\":{\"@id\":\"https:\/\/sunrail.com\/#organization\"},\"potentialAction\":[{\"@type\":\"SearchAction\",\"target\":{\"@type\":\"EntryPoint\",\"urlTemplate\":\"https:\/\/sunrail.com\/?s={search_term_string}\"},\"query-input\":{\"@type\":\"PropertyValueSpecification\",\"valueRequired\":true,\"valueName\":\"search_term_string\"}}],\"inLanguage\":\"ht-HT\"},{\"@type\":\"Organization\",\"@id\":\"https:\/\/sunrail.com\/#organization\",\"name\":\"SunRail\",\"url\":\"https:\/\/sunrail.com\/\",\"logo\":{\"@type\":\"ImageObject\",\"inLanguage\":\"ht-HT\",\"@id\":\"https:\/\/sunrail.com\/#\/schema\/logo\/image\/\",\"url\":\"https:\/\/sunrail.com\/wp-content\/uploads\/2015\/08\/sunrail-logo.jpg\",\"contentUrl\":\"https:\/\/sunrail.com\/wp-content\/uploads\/2015\/08\/sunrail-logo.jpg\",\"width\":289,\"height\":250,\"caption\":\"SunRail\"},\"image\":{\"@id\":\"https:\/\/sunrail.com\/#\/schema\/logo\/image\/\"},\"sameAs\":[\"https:\/\/www.facebook.com\/RideSunRail\",\"https:\/\/x.com\/ridesunrail\",\"https:\/\/instagram.com\/ridesunrail\/\",\"https:\/\/www.youtube.com\/user\/ridesunrail\"]}]}<\/script>\n<!-- \/ Yoast SEO plugin. -->","yoast_head_json":{"title":"Ak\u00e8y - SunRail","description":"SunRail se yon s\u00e8vis tren ki baze nan Florid Santral ki deplase moun nan tout rejyon an grasa op\u00f2tinite vwayaj pou travay ak lwazi epi konekte kominote yo. Sist\u00e8m nan kounye a opere sou plis pase 49 mil ak 16 estasyon nan konte Volusia, Seminole, Orange, ak Osceola.","robots":{"index":"index","follow":"follow","max-snippet":"max-snippet:-1","max-image-preview":"max-image-preview:large","max-video-preview":"max-video-preview:-1"},"canonical":"https:\/\/sunrail.com\/ht\/","og_locale":"ht_HT","og_type":"article","og_title":"Home - SunRail","og_description":"SunRail is a Central Florida-based rail service moving people throughout the region by providing work and leisure travel opportunities and connecting communities. The system currently operates over 49 miles with 16 stations through Volusia, Seminole, Orange, and Osceola counties.","og_url":"https:\/\/sunrail.com\/ht\/","og_site_name":"SunRail","article_publisher":"https:\/\/www.facebook.com\/RideSunRail","article_modified_time":"2026-02-05T14:36:28+00:00","twitter_card":"summary_large_image","twitter_site":"@ridesunrail","twitter_misc":{"Est. reading time":"1 minute"},"schema":{"@context":"https:\/\/schema.org","@graph":[{"@type":"WebPage","@id":"https:\/\/sunrail.com\/","url":"https:\/\/sunrail.com\/","name":"Ak\u00e8y - SunRail","isPartOf":{"@id":"https:\/\/sunrail.com\/#website"},"datePublished":"2023-12-26T21:01:35+00:00","dateModified":"2026-02-05T14:36:28+00:00","description":"SunRail se yon s\u00e8vis tren ki baze nan Florid Santral ki deplase moun nan tout rejyon an grasa op\u00f2tinite vwayaj pou travay ak lwazi epi konekte kominote yo. Sist\u00e8m nan kounye a opere sou plis pase 49 mil ak 16 estasyon nan konte Volusia, Seminole, Orange, ak Osceola.","breadcrumb":{"@id":"https:\/\/sunrail.com\/#breadcrumb"},"inLanguage":"ht-HT","potentialAction":[{"@type":"ReadAction","target":["https:\/\/sunrail.com\/"]}]},{"@type":"BreadcrumbList","@id":"https:\/\/sunrail.com\/#breadcrumb","itemListElement":[{"@type":"ListItem","position":1,"name":"Home","item":"https:\/\/sunrail.com\/"},{"@type":"ListItem","position":2,"name":"Home"}]},{"@type":"WebSite","@id":"https:\/\/sunrail.com\/#website","url":"https:\/\/sunrail.com\/","name":"SunRail","description":"Konekte Kominote yo","publisher":{"@id":"https:\/\/sunrail.com\/#organization"},"potentialAction":[{"@type":"SearchAction","target":{"@type":"EntryPoint","urlTemplate":"https:\/\/sunrail.com\/?s={search_term_string}"},"query-input":{"@type":"PropertyValueSpecification","valueRequired":true,"valueName":"search_term_string"}}],"inLanguage":"ht-HT"},{"@type":"Organization","@id":"https:\/\/sunrail.com\/#organization","name":"SunRail","url":"https:\/\/sunrail.com\/","logo":{"@type":"ImageObject","inLanguage":"ht-HT","@id":"https:\/\/sunrail.com\/#\/schema\/logo\/image\/","url":"https:\/\/sunrail.com\/wp-content\/uploads\/2015\/08\/sunrail-logo.jpg","contentUrl":"https:\/\/sunrail.com\/wp-content\/uploads\/2015\/08\/sunrail-logo.jpg","width":289,"height":250,"caption":"SunRail"},"image":{"@id":"https:\/\/sunrail.com\/#\/schema\/logo\/image\/"},"sameAs":["https:\/\/www.facebook.com\/RideSunRail","https:\/\/x.com\/ridesunrail","https:\/\/instagram.com\/ridesunrail\/","https:\/\/www.youtube.com\/user\/ridesunrail"]}]}},"_links":{"self":[{"href":"https:\/\/sunrail.com\/ht\/wp-json\/wp\/v2\/pages\/15080","targetHints":{"allow":["GET"]}}],"collection":[{"href":"https:\/\/sunrail.com\/ht\/wp-json\/wp\/v2\/pages"}],"about":[{"href":"https:\/\/sunrail.com\/ht\/wp-json\/wp\/v2\/types\/page"}],"author":[{"embeddable":true,"href":"https:\/\/sunrail.com\/ht\/wp-json\/wp\/v2\/users\/5"}],"replies":[{"embeddable":true,"href":"https:\/\/sunrail.com\/ht\/wp-json\/wp\/v2\/comments?post=15080"}],"version-history":[{"count":0,"href":"https:\/\/sunrail.com\/ht\/wp-json\/wp\/v2\/pages\/15080\/revisions"}],"wp:attachment":[{"href":"https:\/\/sunrail.com\/ht\/wp-json\/wp\/v2\/media?parent=15080"}],"curies":[{"name":"wp","href":"https:\/\/api.w.org\/{rel}","templated":true}]}}