{"id":15623,"date":"2024-01-17T22:03:38","date_gmt":"2024-01-17T22:03:38","guid":{"rendered":"https:\/\/sunrail.com\/?page_id=15623"},"modified":"2026-04-01T14:36:18","modified_gmt":"2026-04-01T18:36:18","slug":"rules-of-conduct","status":"publish","type":"page","link":"https:\/\/sunrail.com\/ht\/legal-policies\/rules-of-conduct\/","title":{"rendered":"R\u00e8g Konduit"},"content":{"rendered":"<div style=\"height:24px\" aria-hidden=\"true\" class=\"wp-block-spacer\"><\/div>\n\n\n\n<div class=\"wp-block-columns wp-block-columns-has-3 is-layout-flex wp-container-core-columns-is-layout-28f84493 wp-block-columns wp-block-columns-has-3-is-layout-flex\">\n<div class=\"wp-block-column is-layout-flow wp-block-column-is-layout-flow\">\n<ul class=\"wp-block-list list-submenu\">\n<li><a href=\"#purpose-and-scope\">Objektif &amp; Dimansyon<\/a><\/li>\n\n\n\n<li><a href=\"#code-of-conduct\">K\u00f2d Konduit<\/a>\n<ul class=\"wp-block-list list-submenu\">\n<li><a href=\"https:\/\/pay-your-fare\">Peye Tarif Ou<\/a><\/li>\n\n\n\n<li><a href=\"#park-it\">Park li<\/a><\/li>\n\n\n\n<li><a href=\"#clothing-required\">Rad obligatwa<\/a><\/li>\n\n\n\n<li><a href=\"https:\/\/no-vandlism\">Pa gen vandalism<\/a><\/li>\n\n\n\n<li><a href=\"#keep-trains-running-on-time\">Kenbe tren yo kouri al\u00e8<\/a><\/li>\n\n\n\n<li><a href=\"https:\/\/no-solicitation\">Pa gen Solicitation<\/a><\/li>\n\n\n\n<li><a href=\"#do-not-disturb\">Pa deranje<\/a><\/li>\n\n\n\n<li><a href=\"#do-not-interfere-with-security-measures\">Pa ent\u00e8fere ak mezi sekirite yo<\/a><\/li>\n\n\n\n<li><a href=\"#keep-your-cool\">Kenbe fre ou<\/a><\/li>\n\n\n\n<li><a href=\"#take-a-stand\">Pran yon kanpe<\/a><\/li>\n\n\n\n<li><a href=\"#food-and-drink\">Manje ak Bw\u00e8<\/a><\/li>\n\n\n\n<li><a href=\"#keep-it-clean\">Kenbe li pw\u00f2p<\/a><\/li>\n\n\n\n<li><a href=\"#no-smoking\">Pa Fimen<\/a><\/li>\n\n\n\n<li><a href=\"#no-illegal-drugs-alcohol\">Pa gen Dw\u00f2g Ilegal\/Alk\u00f2l<\/a><\/li>\n\n\n\n<li><a href=\"#no-explosives-flammable-materials\">Pa gen eksplozif\/matery\u00e8l ki ka pran dife<\/a><\/li>\n\n\n\n<li><a href=\"#share-the-space\">Pataje Espas la<\/a><\/li>\n\n\n\n<li><a href=\"#be-safe\">F\u00e8 atansyon<\/a><\/li>\n\n\n\n<li><a href=\"#be-careful\">F\u00e8 atansyon<\/a><\/li>\n\n\n\n<li><a href=\"#alternative-transportation\">Transp\u00f2 Alt\u00e8natif<\/a><\/li>\n\n\n\n<li><a href=\"#pets-on-board\">B\u00e8t kay sou tablo<\/a><\/li>\n\n\n\n<li><a href=\"#children\">Timoun yo<\/a><\/li>\n<\/ul>\n<\/li>\n\n\n\n<li><a href=\"#penalties\">Sanksyon<\/a><\/li>\n\n\n\n<li><a href=\"#publication\">Piblikasyon<\/a><\/li>\n<\/ul>\n<\/div>\n\n\n\n<div class=\"wp-block-column is-layout-flow wp-block-column-is-layout-flow\" style=\"flex-basis:10%\"><\/div>\n\n\n\n<div class=\"wp-block-column is-layout-flow wp-block-column-is-layout-flow\" style=\"flex-basis:60%\">\n<p class=\"has-primary-aqua-ada-color has-text-color has-link-color has-large-font-size wp-elements-265b5e93d40e812d2da1a0af5841bcb3\" id=\"purpose-and-scope\"><strong>Objektif ak Dimansyon. <\/strong>K\u00f2d Konduit sa a se yon r\u00e8g ki bay estanda konduit ak konp\u00f2tman ki aplikab pou tout pasaje ki nan machin SunRail k ap opere sou Korid\u00f2 Ferroviye Santral Florida (CFRC), enstalasyon CFRC ak\/oswa Pwopriyete FDOT, pou asire sekirite, sekirite ak konf\u00f2 tout moun. pasaje yo, chof\u00e8 yo ak piblik la an jeneral ki itilize s\u00e8vis tren banlye SunRail.<\/p>\n\n\n\n<hr class=\"wp-block-separator has-text-color has-monotone-gray-4-color has-alpha-channel-opacity has-monotone-gray-4-background-color has-background\"\/>\n\n\n\n<h2 class=\"wp-block-heading\" id=\"code-of-conduct\">K\u00f2d Konduit<\/h2>\n\n\n\n<p>Tout pasaje ak moun k ap antre nan enstalasyon transp\u00f2 SunRail oswa machin yo oblije respekte K\u00f2d Konduit sa a. <a class=\"back-to-top\" href=\"#top\">Retounen nan t\u00e8t<\/a><br><br><\/p>\n\n\n\n<h3 class=\"wp-block-heading has-large-font-size\" id=\"pay-your-fare\"><strong>1. Peye Tarif Ou<\/strong><\/h3>\n\n\n\n<p>Pri tik\u00e8 valab obligatwa pou yon machin SunRail. Yo pral mande pasaje yo pou yo soti nan veyikil la si yo pa peye bon tarif epi yo valide anvan yo monte. Pasaje yo dwe eskane kat yo nan validateur tik\u00e8 platf\u00f2m estasyon an apre yo fin soti nan tren an nan destinasyon final yo.  <a class=\"back-to-top\" href=\"#top\">Retounen nan t\u00e8t<\/a><\/p>\n\n\n\n<h3 class=\"wp-block-heading has-large-font-size\" id=\"park-it\"><strong>2. Park li<\/strong><\/h3>\n\n\n\n<p>Pakin lannwit lan gen dwa nan pakin SunRail pou pasaje k ap antre nan ayewop\u00f2 z\u00f2n Orlando yo. FDOT pa pran responsablite pou domaj oswa p\u00e8t pwopriyete ki f\u00e8t nan pakin sa yo nenp\u00f2t ki l\u00e8. Moun ki kite machin yo f\u00e8 sa sou pw\u00f2p risk yo.  <a class=\"back-to-top\" href=\"#top\">Retounen nan t\u00e8t<\/a><\/p>\n\n\n\n<h3 class=\"wp-block-heading has-large-font-size\" id=\"clothing-required\"><strong>3. Rad obligatwa<\/strong><\/h3>\n\n\n\n<p>Tout pasaje ki gen plis pase 2 zan dwe mete soulye. Tout pasaje yo dwe mete rad ase pou kouvri anwo tors yo rive nan mitan kwis yo. Nenp\u00f2t f\u00f2m lib\u00e8te oswa ekspoze endesan jan sa endike nan Chapit 800, Lwa Laflorid yo, pral lak\u00f2z yo retire imedyatman nan tren ak enstalasyon SunRail anplis akizasyon krimin\u00e8l posib.  <a class=\"back-to-top\" href=\"#top\">Retounen nan t\u00e8t<\/a><\/p>\n\n\n\n<h3 class=\"wp-block-heading has-large-font-size\" id=\"no-vandalism\"><strong>4. Pa gen vandalism<\/strong><\/h3>\n\n\n\n<p>Okenn moun pa dwe vandalize yon veyikil SunRail oswa yon pwopriyete FDOT l\u00e8 li ekri, make, grifonnen, defekte oswa lak\u00f2z destriksyon nan veyikil la oswa pwopriyete a nan nenp\u00f2t fason. Sa gen ladann afiche yon siy, afich, avi, reklam, oswa l\u00f2t matery\u00e8l enprime nan oswa sou nenp\u00f2t enstalasyon sof si jesyon FDOT bay p\u00e8misyon alekri.  <a class=\"back-to-top\" href=\"#top\">Retounen nan t\u00e8t<\/a><\/p>\n\n\n\n<h3 class=\"wp-block-heading has-large-font-size\" id=\"keep-trains-running-on-time\"><strong>5. Kenbe tren yo kouri al\u00e8<\/strong><\/h3>\n\n\n\n<p>Ent\u00e8ferans ak operasyon yon veyikil SunRail pa p\u00e8m\u00e8t okenn l\u00e8. Pasaje k ap monte yo ta dwe p\u00e8m\u00e8t l\u00f2t moun s\u00f2ti nan tren an anvan l\u00e8 yo kanpe b\u00f2 p\u00f2t yo anvan yo antre nan tren an.  <a class=\"back-to-top\" href=\"#top\">Retounen nan t\u00e8t<\/a><\/p>\n\n\n\n<h3 class=\"wp-block-heading has-large-font-size\" id=\"no-solicitation\"><strong>6. Pa gen Solitasyon<\/strong><\/h3>\n\n\n\n<p>Solisite nenp\u00f2t kalite se ent\u00e8di san p\u00e8misyon alekri jesyon FDOT. Ou dwe jwenn p\u00e8misyon alekri nan men jesyon FDOT tou pou f\u00e8 manifestasyon ak l\u00f2t aktivite Premye Amannman sou machin SunRail ak pwopriyete FDOT.  <a class=\"back-to-top\" href=\"#top\">Retounen nan t\u00e8t<\/a><\/p>\n\n\n\n<h3 class=\"wp-block-heading has-large-font-size\" id=\"do-not-disturb\"><strong>7. Pa deranje<\/strong><\/h3>\n\n\n\n<p>Okenn moun pa dwe angaje nan konp\u00f2tman deranje, deranje, ki gen ladan konv\u00e8sasyon byen f\u00f2, profanasyon, oswa opere nenp\u00f2t apar\u00e8y elektwonik yo itilize pou son san yon ekout\u00e8 (yo). Yo pa p\u00e8m\u00e8t yo rasanble oswa flannen sou pwopriyete FDOT nan yon fason ki lak\u00f2z yon deranjman pou l\u00f2t pasaje yo.  <a class=\"back-to-top\" href=\"#top\">Retounen nan t\u00e8t<\/a><\/p>\n\n\n\n<h3 class=\"wp-block-heading has-large-font-size\" id=\"do-not-interfere-with-security-measures\"><strong>8. Pa ent\u00e8fere ak mezi sekirite yo<\/strong><\/h3>\n\n\n\n<p>Okenn moun pa ka ent\u00e8fere oswa eseye kontourne oswa konpwomi mezi sekirite SunRail apwouve pou aplikasyon nan enstalasyon CFRC oswa sou machin SunRail.  <a class=\"back-to-top\" href=\"#top\">Retounen nan t\u00e8t<\/a><\/p>\n\n\n\n<h3 class=\"wp-block-heading has-large-font-size\" id=\"keep-your-cool\"><strong>9. Kenbe fre ou<\/strong><\/h3>\n\n\n\n<p>Vyolans fizik, entimidasyon, ak\/oswa arasman sou l\u00f2t pasaje oswa anplwaye SunRail yo ent\u00e8di. Yo dwe rap\u00f2te kalite konp\u00f2tman sa yo imedyatman bay kondikt\u00e8 a oswa enspekt\u00e8 pri a. <a class=\"back-to-top\" href=\"#top\">Retounen nan t\u00e8t<\/a><\/p>\n\n\n\n<h3 class=\"wp-block-heading has-large-font-size\" id=\"take-a-stand\"><strong>10. Pran yon kanpe<\/strong><\/h3>\n\n\n\n<p>Plas priyorite yo rez\u00e8ve pou granmoun aje ak moun ki andikape. Moun ki an sante ki chita nan plas priyorite yo ka resevwa enstriksyon pou yo deplase nan men kondikt\u00e8 a, enspekt\u00e8 pri a, oswa l\u00f2t anplwaye SunRail. <a class=\"back-to-top\" href=\"#top\">Retounen nan t\u00e8t<\/a><\/p>\n\n\n\n<h3 class=\"wp-block-heading has-large-font-size\" id=\"food-and-drink\"><strong>11. Manje ak Bw\u00e8<\/strong><\/h3>\n\n\n\n<p>Pa gen okenn manje oswa resipyan manje ki louvri sou machin SunRail yo. Pasaje yo ka pote bwason ki pa gen alk\u00f2l ab\u00f2, men veso bwason yo ta dwe f\u00e8men pou anpeche deb\u00f2dman.  <a class=\"back-to-top\" href=\"#top\">Retounen nan t\u00e8t<\/a><\/p>\n\n\n\n<h3 class=\"wp-block-heading has-large-font-size\" id=\"keep-it-clean\"><strong>12. Kenbe li pw\u00f2p<\/strong><\/h3>\n\n\n\n<p>Jete fatra yo nan resipyan fatra ki apwopriye yo. Yo ent\u00e8di krache, pipi oswa f\u00e8 def\u00e8kasyon l\u00f2t pase nan twal\u00e8t yo bay sou tren SunRail yo.  <a class=\"back-to-top\" href=\"#top\">Retounen nan t\u00e8t<\/a><\/p>\n\n\n\n<h3 class=\"wp-block-heading has-large-font-size\" id=\"no-smoking\"><strong>13. Pa Fimen<\/strong><\/h3>\n\n\n\n<p>Fimen, oswa itilize pwodwi tabak yo, PA p\u00e8m\u00e8t sou machin SunRail oswa nan enstalasyon SunRail, ki gen ladan platf\u00f2m estasyon yo.  <a class=\"back-to-top\" href=\"#top\">Retounen nan t\u00e8t<\/a><\/p>\n\n\n\n<h3 class=\"wp-block-heading has-large-font-size\" id=\"no-illegal-drugs-alcohol\"><strong>14. Pa gen Dw\u00f2g\/Alk\u00f2l Ilegal<\/strong><\/h3>\n\n\n\n<p>Konsomasyon sibstans kontwole oswa bwason ki gen alk\u00f2l, oswa pote veso ki louvri nan bwason ki gen alk\u00f2l, pa p\u00e8m\u00e8t sou tren SunRail, nan estasyon SunRail ak sou pwopriyete FDOT.  <a class=\"back-to-top\" href=\"#top\">Retounen nan t\u00e8t<\/a><\/p>\n\n\n\n<h3 class=\"wp-block-heading has-large-font-size\" id=\"no-explosives-flammable-materials\"><strong>15. Pa gen eksplozif\/matery\u00e8l ki ka pran dife<\/strong><\/h3>\n\n\n\n<p>Yo ent\u00e8di posesyon eksplozif, ensandy\u00e8, oswa matery\u00e8l ki ka pran dife sou pwopriyete FDOT ak sou machin SunRail, tankou machin ki mache ak gaz tankou mini-bisikl\u00e8t, tond\u00e8z, elatriye.  <a class=\"back-to-top\" href=\"#top\">Retounen nan t\u00e8t<\/a><\/p>\n\n\n\n<h3 class=\"wp-block-heading has-large-font-size\" id=\"share-the-space\"><strong>16. Pataje Espas la<\/strong><\/h3>\n\n\n\n<p>Pa okipe plis pase yon ch\u00e8z, kenbe pye at\u00e8 a, epi evite bloke koulwa oswa p\u00f2t. Mete bagaj, pous\u00e8t ak bisikl\u00e8t nan z\u00f2n ki deziyen s\u00e8lman.  <a class=\"back-to-top\" href=\"#top\">Retounen nan t\u00e8t<\/a><\/p>\n\n\n\n<h3 class=\"wp-block-heading has-large-font-size\" id=\"be-safe\"><strong>17. F\u00e8 an sekirite<\/strong><\/h3>\n\n\n\n<p>Evite z\u00f2n restriksyon ak aktivite ki ta reprezante yon danje pou ou oswa pou l\u00f2t pasaje yo. Sa enkli voye oswa pwolonje obj\u00e8 nan yon p\u00f2t oswa fen\u00e8t yon machin SunRail.  <a class=\"back-to-top\" href=\"#top\">Retounen nan t\u00e8t<\/a><\/p>\n\n\n\n<h3 class=\"wp-block-heading has-large-font-size\" id=\"be-careful\"><strong>18. F\u00e8 atansyon<\/strong><\/h3>\n\n\n\n<p>Gade toulede fason pou tren yo anvan w itilize pasaj pou pyeton yo, s\u00e8lman trav\u00e8se nan pasaj pou pyeton yo deziyen yo, epi obeyi tout p\u00f2tay yo, kl\u00f2ch ak limy\u00e8 yo. Pa trav\u00e8se ray yo l\u00e8 sist\u00e8m av\u00e8tisman yo aktive, epi pa janm kouri pou yon tren.  <a class=\"back-to-top\" href=\"#top\">Retounen nan t\u00e8t<\/a><\/p>\n\n\n\n<h3 class=\"wp-block-heading has-large-font-size\" id=\"alternative-transportation\"><strong>19. Transp\u00f2 alt\u00e8natif<\/strong><\/h3>\n\n\n\n<p>Bisikl\u00e8t, skateboard, scooters ki pa gen kouran, transp\u00f2 p\u00e8son\u00e8l, paten oswa woul\u00e8t yo dwe pote ak anba kontw\u00f2l tout tan sou tren SunRail ak pwopriyete FDOT.  <a class=\"back-to-top\" href=\"#top\">Retounen nan t\u00e8t<\/a><\/p>\n\n\n\n<h3 class=\"wp-block-heading has-large-font-size\" id=\"pets-on-board\"><strong>20. B\u00e8t kay sou Komisyon Kons\u00e8y<\/strong><\/h3>\n\n\n\n<p>S\u00f2f si ou gen yon b\u00e8t s\u00e8vis, b\u00e8t kay ou yo dwe kenbe nan yon veso ki f\u00e8men. Kenbe transp\u00f2t\u00e8 yo dey\u00f2 nan koulwa yo ak nan ch\u00e8z yo.  <a class=\"back-to-top\" href=\"#top\">Retounen nan t\u00e8t<\/a><\/p>\n\n\n\n<h3 class=\"wp-block-heading has-large-font-size\" id=\"children\"><strong>21. Timoun<\/strong><\/h3>\n\n\n\n<p>Timoun ki poko gen 6 an dwe akonpaye pa yon adilt ki peye pri tik\u00e8 oswa gadyen ki gen 18 an oswa plis. FDOT pa aksepte okenn responsablite pou nenp\u00f2t min\u00e8 ki pa akonpaye.  <a class=\"back-to-top\" href=\"#top\">Retounen nan t\u00e8t<\/a><\/p>\n\n\n\n<div style=\"height:24px\" aria-hidden=\"true\" class=\"wp-block-spacer\"><\/div>\n\n\n\n<hr class=\"wp-block-separator has-alpha-channel-opacity\"\/>\n\n\n\n<h2 class=\"wp-block-heading\" id=\"penalties\">Sanksyon<\/h2>\n\n\n\n<p>Moun ki vyole K\u00f2d Konduit la gen sanksyon, tankou amann,<br>sispansyon s\u00e8vis yo, ak arestasyon. Yo ka itilize yon seri penalite pou rezoud pwobl\u00e8m ki pa respekte K\u00f2d Konduit la. Si w pa respekte K\u00f2d Konduit la, ka gen youn oswa nenp\u00f2t konbinezon sa ki annapre yo:<\/p>\n\n\n\n<h3 class=\"wp-block-heading has-large-font-size\">1. <strong>Yon moun ki vyole youn oswa plizy\u00e8 nan r\u00e8gleman sa yo<\/strong>...<\/h3>\n\n\n\n<p>yon ofisye lapolis, yon kondikt\u00e8 SunRail, yon enspekt\u00e8 pri, oswa l\u00f2t p\u00e8son\u00e8l SunRail ka av\u00e8ti ak\/oswa bay l\u00f2d pou yo kite machin SunRail la, etablisman SunRail la oswa pwopriyete FDOT la imedyatman. <a class=\"back-to-top\" href=\"#top\">Retounen nan t\u00e8t<\/a><\/p>\n\n\n\n<h3 class=\"wp-block-heading has-large-font-size\">2. <strong>Pasaje ki pa peye yon pri tik\u00e8 valab<\/strong>...<\/h3>\n\n\n\n<p>yo sij\u00e8 a av\u00e8tisman, sitasyon ak retire nan tren SunRail ak enstalasyon yo. Amann pou chak vyolasyon tarif se $50. <a class=\"back-to-top\" href=\"#top\">Retounen nan t\u00e8t<\/a><\/p>\n\n\n\n<h3 class=\"wp-block-heading has-large-font-size\">3. mwen<strong>yo bay pasaje yo l\u00f2d pou yo kite machin SunRail la<\/strong>,\u2026<\/h3>\n\n\n\n<p>Etablisman SunRail oswa pwopriyete FDOT, yo sispann pasaje yo nan privil\u00e8j monte sou nenp\u00f2t machin SunRail ak nan itilizasyon nenp\u00f2t enstalasyon pasaje SunRail pou r\u00e8s jounen an. Nenp\u00f2t l\u00e8 yo mande yon pasaje pou l s\u00f2ti nan yon machin SunRail, pri tik\u00e8 yo ap p\u00e8di. Si yo w\u00e8 yon pasaje ki sispann sou yon l\u00f2t veyikil SunRail oswa nan yon etablisman SunRail pandan pery\u00f2d sispansyon an, yo ka akize pasaje a pou vyolasyon, epi yo pral kontakte lapolis. <a class=\"back-to-top\" href=\"#top\">Retounen nan t\u00e8t<\/a><\/p>\n\n\n\n<h3 class=\"wp-block-heading has-large-font-size\">4. <strong>Seksyon sa a pa ch\u00e8che limite oswa konfli ak nenp\u00f2t lwa oswa \u00f2donans federal, eta oswa lokal;<\/strong><\/h3>\n\n\n\n<p>oswa pou anpeche nenp\u00f2t ajans oswa antite ki f\u00e8 respekte lalwa pran nenp\u00f2t aksyon legal kont nenp\u00f2t<br>moun ki sou yon machin SunRail, yon etablisman SunRail, oswa yon pwopriyete FDOT. <a class=\"back-to-top\" href=\"#top\">Retounen nan t\u00e8t<\/a><\/p>\n\n\n\n<hr class=\"wp-block-separator has-alpha-channel-opacity\"\/>\n\n\n\n<h2 class=\"wp-block-heading\" id=\"publication\">Piblikasyon<\/h2>\n\n\n\n<p>K\u00f2d Konduit sa a disponib sou Ent\u00e8n\u00e8t sou sitw\u00e8b SunRail la, <a href=\"https:\/\/sunrail.com\/ht\/\">www.sunrail.com<\/a> epi li afiche nan tout estasyon SunRail. Kopi papye yo disponib san fr\u00e8 nan biwo prensipal SunRail nan 801 SunRail Drive, Sanford, FL. 32771.<\/p>\n\n\n\n<p><strong>Anvig\u00e8 1ye avril 2014.<\/strong><\/p>\n\n\n\n<p> <a class=\"back-to-top\" href=\"#top\">Retounen nan t\u00e8t<\/a><\/p>\n<\/div>\n<\/div>\n\n\n\n<div style=\"height:96px\" aria-hidden=\"true\" class=\"wp-block-spacer\"><\/div>","protected":false},"excerpt":{"rendered":"<p>Objektif ak Dimansyon. K\u00f2d Konduit sa a se yon r\u00e8g ki bay estanda konduit ak konp\u00f2tman ki aplikab pou tout pasaje ki sou machin SunRail k ap opere sou Korid\u00f2 Feroviwon Santral Florida (CFRC), enstalasyon CFRC ak\/oswa Pwopriyete FDOT, pou asire sekirite, sekirite ak konf\u00f2 tout moun. pasaje yo, chof\u00e8 yo ak piblik la an jeneral ki itilize SunRail...<\/p>","protected":false},"author":1,"featured_media":0,"parent":14738,"menu_order":1,"comment_status":"closed","ping_status":"closed","template":"","meta":{"_acf_changed":false,"footnotes":""},"class_list":{"2":"type-page"},"acf":[],"yoast_head":"<!-- This site is optimized with the Yoast SEO plugin v27.2 - https:\/\/yoast.com\/product\/yoast-seo-wordpress\/ -->\n<title>Rules of Conduct - SunRail<\/title>\n<meta name=\"robots\" content=\"index, follow, max-snippet:-1, max-image-preview:large, max-video-preview:-1\" \/>\n<link rel=\"canonical\" href=\"https:\/\/sunrail.com\/ht\/legal-policies\/rules-of-conduct\/\" \/>\n<meta property=\"og:locale\" content=\"ht_HT\" \/>\n<meta property=\"og:type\" content=\"article\" \/>\n<meta property=\"og:title\" content=\"Rules of Conduct - SunRail\" \/>\n<meta property=\"og:description\" content=\"Purpose and Scope. This Code of Conduct is a rule providing standards of conduct and behavior applicable to all passengers on SunRail vehicles operating on the Central Florida Rail Corridor (CFRC), CFRC Facilities and\/or FDOT Property, to ensure the safety, security, and comfort of all passengers, drivers and the public at large that use SunRail&hellip;\" \/>\n<meta property=\"og:url\" content=\"https:\/\/sunrail.com\/ht\/legal-policies\/rules-of-conduct\/\" \/>\n<meta property=\"og:site_name\" content=\"SunRail\" \/>\n<meta property=\"article:publisher\" content=\"https:\/\/www.facebook.com\/RideSunRail\" \/>\n<meta property=\"article:modified_time\" content=\"2026-04-01T18:36:18+00:00\" \/>\n<meta name=\"twitter:card\" content=\"summary_large_image\" \/>\n<meta name=\"twitter:site\" content=\"@ridesunrail\" \/>\n<meta name=\"twitter:label1\" content=\"Est. reading time\" \/>\n\t<meta name=\"twitter:data1\" content=\"6 minutes\" \/>\n<script type=\"application\/ld+json\" class=\"yoast-schema-graph\">{\"@context\":\"https:\/\/schema.org\",\"@graph\":[{\"@type\":\"WebPage\",\"@id\":\"https:\/\/sunrail.com\/legal-policies\/rules-of-conduct\/\",\"url\":\"https:\/\/sunrail.com\/legal-policies\/rules-of-conduct\/\",\"name\":\"Rules of Conduct - SunRail\",\"isPartOf\":{\"@id\":\"https:\/\/sunrail.com\/#website\"},\"datePublished\":\"2024-01-17T22:03:38+00:00\",\"dateModified\":\"2026-04-01T18:36:18+00:00\",\"breadcrumb\":{\"@id\":\"https:\/\/sunrail.com\/legal-policies\/rules-of-conduct\/#breadcrumb\"},\"inLanguage\":\"ht-HT\",\"potentialAction\":[{\"@type\":\"ReadAction\",\"target\":[\"https:\/\/sunrail.com\/legal-policies\/rules-of-conduct\/\"]}]},{\"@type\":\"BreadcrumbList\",\"@id\":\"https:\/\/sunrail.com\/legal-policies\/rules-of-conduct\/#breadcrumb\",\"itemListElement\":[{\"@type\":\"ListItem\",\"position\":1,\"name\":\"Home\",\"item\":\"https:\/\/sunrail.com\/\"},{\"@type\":\"ListItem\",\"position\":2,\"name\":\"Legal Policies\",\"item\":\"https:\/\/sunrail.com\/legal-policies\/\"},{\"@type\":\"ListItem\",\"position\":3,\"name\":\"Rules of Conduct\"}]},{\"@type\":\"WebSite\",\"@id\":\"https:\/\/sunrail.com\/#website\",\"url\":\"https:\/\/sunrail.com\/\",\"name\":\"SunRail\",\"description\":\"Connecting Communities\",\"publisher\":{\"@id\":\"https:\/\/sunrail.com\/#organization\"},\"potentialAction\":[{\"@type\":\"SearchAction\",\"target\":{\"@type\":\"EntryPoint\",\"urlTemplate\":\"https:\/\/sunrail.com\/?s={search_term_string}\"},\"query-input\":{\"@type\":\"PropertyValueSpecification\",\"valueRequired\":true,\"valueName\":\"search_term_string\"}}],\"inLanguage\":\"ht-HT\"},{\"@type\":\"Organization\",\"@id\":\"https:\/\/sunrail.com\/#organization\",\"name\":\"SunRail\",\"url\":\"https:\/\/sunrail.com\/\",\"logo\":{\"@type\":\"ImageObject\",\"inLanguage\":\"ht-HT\",\"@id\":\"https:\/\/sunrail.com\/#\/schema\/logo\/image\/\",\"url\":\"https:\/\/sunrail.com\/wp-content\/uploads\/2015\/08\/sunrail-logo.jpg\",\"contentUrl\":\"https:\/\/sunrail.com\/wp-content\/uploads\/2015\/08\/sunrail-logo.jpg\",\"width\":289,\"height\":250,\"caption\":\"SunRail\"},\"image\":{\"@id\":\"https:\/\/sunrail.com\/#\/schema\/logo\/image\/\"},\"sameAs\":[\"https:\/\/www.facebook.com\/RideSunRail\",\"https:\/\/x.com\/ridesunrail\",\"https:\/\/instagram.com\/ridesunrail\/\",\"https:\/\/www.youtube.com\/user\/ridesunrail\"]}]}<\/script>\n<!-- \/ Yoast SEO plugin. -->","yoast_head_json":{"title":"Rules of Conduct - SunRail","robots":{"index":"index","follow":"follow","max-snippet":"max-snippet:-1","max-image-preview":"max-image-preview:large","max-video-preview":"max-video-preview:-1"},"canonical":"https:\/\/sunrail.com\/ht\/legal-policies\/rules-of-conduct\/","og_locale":"ht_HT","og_type":"article","og_title":"Rules of Conduct - SunRail","og_description":"Purpose and Scope. This Code of Conduct is a rule providing standards of conduct and behavior applicable to all passengers on SunRail vehicles operating on the Central Florida Rail Corridor (CFRC), CFRC Facilities and\/or FDOT Property, to ensure the safety, security, and comfort of all passengers, drivers and the public at large that use SunRail&hellip;","og_url":"https:\/\/sunrail.com\/ht\/legal-policies\/rules-of-conduct\/","og_site_name":"SunRail","article_publisher":"https:\/\/www.facebook.com\/RideSunRail","article_modified_time":"2026-04-01T18:36:18+00:00","twitter_card":"summary_large_image","twitter_site":"@ridesunrail","twitter_misc":{"Est. reading time":"6 minutes"},"schema":{"@context":"https:\/\/schema.org","@graph":[{"@type":"WebPage","@id":"https:\/\/sunrail.com\/legal-policies\/rules-of-conduct\/","url":"https:\/\/sunrail.com\/legal-policies\/rules-of-conduct\/","name":"Rules of Conduct - SunRail","isPartOf":{"@id":"https:\/\/sunrail.com\/#website"},"datePublished":"2024-01-17T22:03:38+00:00","dateModified":"2026-04-01T18:36:18+00:00","breadcrumb":{"@id":"https:\/\/sunrail.com\/legal-policies\/rules-of-conduct\/#breadcrumb"},"inLanguage":"ht-HT","potentialAction":[{"@type":"ReadAction","target":["https:\/\/sunrail.com\/legal-policies\/rules-of-conduct\/"]}]},{"@type":"BreadcrumbList","@id":"https:\/\/sunrail.com\/legal-policies\/rules-of-conduct\/#breadcrumb","itemListElement":[{"@type":"ListItem","position":1,"name":"Home","item":"https:\/\/sunrail.com\/"},{"@type":"ListItem","position":2,"name":"Legal Policies","item":"https:\/\/sunrail.com\/legal-policies\/"},{"@type":"ListItem","position":3,"name":"Rules of Conduct"}]},{"@type":"WebSite","@id":"https:\/\/sunrail.com\/#website","url":"https:\/\/sunrail.com\/","name":"SunRail","description":"Konekte Kominote yo","publisher":{"@id":"https:\/\/sunrail.com\/#organization"},"potentialAction":[{"@type":"SearchAction","target":{"@type":"EntryPoint","urlTemplate":"https:\/\/sunrail.com\/?s={search_term_string}"},"query-input":{"@type":"PropertyValueSpecification","valueRequired":true,"valueName":"search_term_string"}}],"inLanguage":"ht-HT"},{"@type":"Organization","@id":"https:\/\/sunrail.com\/#organization","name":"SunRail","url":"https:\/\/sunrail.com\/","logo":{"@type":"ImageObject","inLanguage":"ht-HT","@id":"https:\/\/sunrail.com\/#\/schema\/logo\/image\/","url":"https:\/\/sunrail.com\/wp-content\/uploads\/2015\/08\/sunrail-logo.jpg","contentUrl":"https:\/\/sunrail.com\/wp-content\/uploads\/2015\/08\/sunrail-logo.jpg","width":289,"height":250,"caption":"SunRail"},"image":{"@id":"https:\/\/sunrail.com\/#\/schema\/logo\/image\/"},"sameAs":["https:\/\/www.facebook.com\/RideSunRail","https:\/\/x.com\/ridesunrail","https:\/\/instagram.com\/ridesunrail\/","https:\/\/www.youtube.com\/user\/ridesunrail"]}]}},"_links":{"self":[{"href":"https:\/\/sunrail.com\/ht\/wp-json\/wp\/v2\/pages\/15623","targetHints":{"allow":["GET"]}}],"collection":[{"href":"https:\/\/sunrail.com\/ht\/wp-json\/wp\/v2\/pages"}],"about":[{"href":"https:\/\/sunrail.com\/ht\/wp-json\/wp\/v2\/types\/page"}],"author":[{"embeddable":true,"href":"https:\/\/sunrail.com\/ht\/wp-json\/wp\/v2\/users\/1"}],"replies":[{"embeddable":true,"href":"https:\/\/sunrail.com\/ht\/wp-json\/wp\/v2\/comments?post=15623"}],"version-history":[{"count":5,"href":"https:\/\/sunrail.com\/ht\/wp-json\/wp\/v2\/pages\/15623\/revisions"}],"predecessor-version":[{"id":21668,"href":"https:\/\/sunrail.com\/ht\/wp-json\/wp\/v2\/pages\/15623\/revisions\/21668"}],"up":[{"embeddable":true,"href":"https:\/\/sunrail.com\/ht\/wp-json\/wp\/v2\/pages\/14738"}],"wp:attachment":[{"href":"https:\/\/sunrail.com\/ht\/wp-json\/wp\/v2\/media?parent=15623"}],"curies":[{"name":"wp","href":"https:\/\/api.w.org\/{rel}","templated":true}]}}