{"id":16190,"date":"2024-01-29T20:22:23","date_gmt":"2024-01-29T20:22:23","guid":{"rendered":"https:\/\/sunrail.com\/?page_id=16190"},"modified":"2026-03-31T15:21:34","modified_gmt":"2026-03-31T19:21:34","slug":"qualified-transportation-fringe-benefits","status":"publish","type":"page","link":"https:\/\/sunrail.com\/ht\/fares-passes\/corporate-program\/qualified-transportation-fringe-benefits\/","title":{"rendered":"Avantaj taks pou vwayaj\u00e8 yo: Benefis marginal transp\u00f2 ki kalifye yo"},"content":{"rendered":"<div style=\"height:24px\" aria-hidden=\"true\" class=\"wp-block-spacer\"><\/div>\n\n\n\n<div class=\"wp-block-columns wp-block-columns-has-3 is-layout-flex wp-container-core-columns-is-layout-28f84493 wp-block-columns wp-block-columns-has-3-is-layout-flex\">\n<div class=\"wp-block-column is-layout-flow wp-block-column-is-layout-flow\">\n<ul class=\"wp-block-list list-submenu\">\n<li><a href=\"#pre-tax-commuter-benefits\">Benefis avan taks pou vwayaj\u00e8<\/a><\/li>\n\n\n\n<li><a href=\"#other-commuter-benefit-information\">L\u00f2t Enf\u00f2masyon sou Benefis pou vwayaj\u00e8<\/a><\/li>\n\n\n\n<li><a href=\"#other-details\">L\u00f2t Detay<\/a><\/li>\n<\/ul>\n<\/div>\n\n\n\n<div class=\"wp-block-column is-layout-flow wp-block-column-is-layout-flow\" style=\"flex-basis:10%\"><\/div>\n\n\n\n<div class=\"wp-block-column is-layout-flow wp-block-column-is-layout-flow\" style=\"flex-basis:60%\">\n<p class=\"has-primary-aqua-ada-color has-text-color has-link-color has-large-font-size wp-elements-8b1351cdcebc056dbf816dcac26bd656\">Lwa sou Ref\u00f2m Taks ak Travay 2017 la te f\u00e8 plizy\u00e8 chanjman nan Seksyon 132(f) K\u00f2d Internal Revenue.<\/p>\n\n\n\n<hr class=\"wp-block-separator has-text-color has-monotone-gray-4-color has-alpha-channel-opacity has-monotone-gray-4-background-color has-background\"\/>\n\n\n\n<p>Depatman Transp\u00f2 Florid (FDOT), anplwaye li yo, ak ekip sip\u00f2 yo pa bay kons\u00e8y sou taks, legal oswa kontablite. Enf\u00f2masyon sa yo se pou rezon enf\u00f2masyon s\u00e8lman, epi yo pa gen entansyon bay, ni ta dwe konte sou li, pou kons\u00e8y taks, legal, oswa kontablite. Konpayi yo ak moun yo ta dwe konsilte pw\u00f2p konseye taks, legal, ak kontablite yo anvan yo lanse yon pwogram benefis siplemant\u00e8 transp\u00f2 ki kalifye.<\/p>\n\n\n\n<p>Anba <strong>Seksyon 132(f)<\/strong> (<a href=\"https:\/\/www.irs.gov\/pub\/irs-drop\/rr-14-32.pdf\" target=\"_blank\" rel=\"noreferrer noopener\" title=\"Telechaje PDF la nan www.irs.gov\">Telechaje www.irs.gov\/pub\/irs-drop\/rr-14-32.pdf<\/a>) nan K\u00f2d Revni Ent\u00e8n lan \u2013 ke yo rekon\u00e8t k\u00f2m Fringe Transp\u00f2 Kalifye a<br>Avantaj - anplway\u00e8 yo ka ofri yon benefis avan taks. Pwogram sa a sove patwon an<br>taks ki gen rap\u00f2 ak pew\u00f2l, osi byen ke ekonomize lajan anplwaye a sou taks federal sou revni. <a href=\"#top\" class=\"back-to-top\">Retounen nan t\u00e8t<\/a><\/p>\n\n\n\n<h2 class=\"wp-block-heading\" id=\"pre-tax-commuter-benefits\">Avantaj pou transp\u00f2 avan taks<\/h2>\n\n\n\n<ul class=\"wp-block-list\">\n<li>Patwon an p\u00e8m\u00e8t anplwaye yo itilize revni anvan taks (jiska $315 pa mwa) pou peye pou yon pasaj transp\u00f2 oswa pou kouvri depans vanpool.<\/li>\n\n\n\n<li>L\u00e8 w p\u00e8m\u00e8t anplwaye ou yo deziyen yon pati nan revni yo k\u00f2m &quot;avan taks&quot; diminye kantite lajan konpayi ou peye sou taks pew\u00f2l. <a class=\"back-to-top\" href=\"#top\">Retounen nan t\u00e8t<\/a><\/li>\n<\/ul>\n\n\n\n<h2 class=\"wp-block-heading\" id=\"other-commuter-benefit-information\">L\u00f2t Enf\u00f2masyon sou Benefis pou vwayaj\u00e8<\/h2>\n\n\n\n<ul class=\"wp-block-list\">\n<li>Anplway\u00e8 yo ka bay anplwaye yo jiska $315 pa mwa pou peye pou yon pasaj transp\u00f2 oswa pakin kalifye k\u00f2m yon benefis siplemant\u00e8 transp\u00f2 ki kalifye, ki eskli nan sal\u00e8 taksab yon anplwaye.<\/li>\n\n\n\n<li>Biznis yo pa gendwa dedwi pri pou bay oswa aplike benefis sa a ank\u00f2. <a class=\"back-to-top\" href=\"#top\">Retounen nan t\u00e8t<\/a><\/li>\n<\/ul>\n\n\n\n<h2 class=\"wp-block-heading\" id=\"other-details\">L\u00f2t Detay<\/h2>\n\n\n\n<p>Apati 2018, \u00f2ganizasyon san bi likratif ki bay anplwaye yo avantaj transp\u00f2 ki kalifye yo ka sij\u00e8 a taks sou revni biznis ki pa gen rap\u00f2. Biznis nan tout kalite yo ta dwe travay ak pwofesyon\u00e8l taks yo pou travay sou detay taks yo nan pwogram nan ak ki jan yo pral afekte konpayi ou. <a class=\"back-to-top\" href=\"#top\">Retounen nan t\u00e8t<\/a><br><br><\/p>\n<\/div>\n<\/div>\n\n\n\n<div style=\"height:96px\" aria-hidden=\"true\" class=\"wp-block-spacer\"><\/div>","protected":false},"excerpt":{"rendered":"<p>Tax Reform and Jobs Act 2017 te f\u00e8 plizy\u00e8 chanjman nan Seksyon 132(f) Internal Revenue Code Florida Department of Transportation (FDOT), anplwaye li yo, ak ekip sip\u00f2 yo pa bay kons\u00e8y sou taks, legal oswa kontablite. Enf\u00f2masyon sa yo se pou rezon enf\u00f2masyon s\u00e8lman, epi yo pa gen entansyon bay, ni li ta dwe ...<\/p>","protected":false},"author":1,"featured_media":0,"parent":14713,"menu_order":0,"comment_status":"closed","ping_status":"closed","template":"","meta":{"_acf_changed":false,"footnotes":""},"class_list":{"2":"type-page"},"acf":[],"yoast_head":"<!-- This site is optimized with the Yoast SEO plugin v27.2 - https:\/\/yoast.com\/product\/yoast-seo-wordpress\/ -->\n<title>Commuter Tax Benefits: Qualified Transportation Fringe Benefits - SunRail<\/title>\n<meta name=\"robots\" content=\"index, follow, max-snippet:-1, max-image-preview:large, max-video-preview:-1\" \/>\n<link rel=\"canonical\" href=\"https:\/\/sunrail.com\/ht\/fares-passes\/corporate-program\/qualified-transportation-fringe-benefits\/\" \/>\n<meta property=\"og:locale\" content=\"ht_HT\" \/>\n<meta property=\"og:type\" content=\"article\" \/>\n<meta property=\"og:title\" content=\"Commuter Tax Benefits: Qualified Transportation Fringe Benefits - SunRail\" \/>\n<meta property=\"og:description\" content=\"The Tax Reform and Jobs Act of 2017 made several changes to Section 132(f) of the Internal Revenue Code Florida Department of Transportation (FDOT), its employees, and supporting teams do not provide tax, legal, or accounting advice. The following information is for informational purposes only, and is not intended to provide, nor should it be&hellip;\" \/>\n<meta property=\"og:url\" content=\"https:\/\/sunrail.com\/ht\/fares-passes\/corporate-program\/qualified-transportation-fringe-benefits\/\" \/>\n<meta property=\"og:site_name\" content=\"SunRail\" \/>\n<meta property=\"article:publisher\" content=\"https:\/\/www.facebook.com\/RideSunRail\" \/>\n<meta property=\"article:modified_time\" content=\"2026-03-31T19:21:34+00:00\" \/>\n<meta name=\"twitter:card\" content=\"summary_large_image\" \/>\n<meta name=\"twitter:site\" content=\"@ridesunrail\" \/>\n<meta name=\"twitter:label1\" content=\"Est. reading time\" \/>\n\t<meta name=\"twitter:data1\" content=\"2 minutes\" \/>\n<script type=\"application\/ld+json\" class=\"yoast-schema-graph\">{\"@context\":\"https:\/\/schema.org\",\"@graph\":[{\"@type\":\"WebPage\",\"@id\":\"https:\/\/sunrail.com\/fares-passes\/corporate-program\/qualified-transportation-fringe-benefits\/\",\"url\":\"https:\/\/sunrail.com\/fares-passes\/corporate-program\/qualified-transportation-fringe-benefits\/\",\"name\":\"Commuter Tax Benefits: Qualified Transportation Fringe Benefits - SunRail\",\"isPartOf\":{\"@id\":\"https:\/\/sunrail.com\/#website\"},\"datePublished\":\"2024-01-29T20:22:23+00:00\",\"dateModified\":\"2026-03-31T19:21:34+00:00\",\"breadcrumb\":{\"@id\":\"https:\/\/sunrail.com\/fares-passes\/corporate-program\/qualified-transportation-fringe-benefits\/#breadcrumb\"},\"inLanguage\":\"ht-HT\",\"potentialAction\":[{\"@type\":\"ReadAction\",\"target\":[\"https:\/\/sunrail.com\/fares-passes\/corporate-program\/qualified-transportation-fringe-benefits\/\"]}]},{\"@type\":\"BreadcrumbList\",\"@id\":\"https:\/\/sunrail.com\/fares-passes\/corporate-program\/qualified-transportation-fringe-benefits\/#breadcrumb\",\"itemListElement\":[{\"@type\":\"ListItem\",\"position\":1,\"name\":\"Home\",\"item\":\"https:\/\/sunrail.com\/\"},{\"@type\":\"ListItem\",\"position\":2,\"name\":\"Fares &amp; Passes\",\"item\":\"https:\/\/sunrail.com\/fares-passes\/\"},{\"@type\":\"ListItem\",\"position\":3,\"name\":\"Corporate Program\",\"item\":\"https:\/\/sunrail.com\/fares-passes\/corporate-program\/\"},{\"@type\":\"ListItem\",\"position\":4,\"name\":\"Commuter Tax Benefits: Qualified Transportation Fringe Benefits\"}]},{\"@type\":\"WebSite\",\"@id\":\"https:\/\/sunrail.com\/#website\",\"url\":\"https:\/\/sunrail.com\/\",\"name\":\"SunRail\",\"description\":\"Connecting Communities\",\"publisher\":{\"@id\":\"https:\/\/sunrail.com\/#organization\"},\"potentialAction\":[{\"@type\":\"SearchAction\",\"target\":{\"@type\":\"EntryPoint\",\"urlTemplate\":\"https:\/\/sunrail.com\/?s={search_term_string}\"},\"query-input\":{\"@type\":\"PropertyValueSpecification\",\"valueRequired\":true,\"valueName\":\"search_term_string\"}}],\"inLanguage\":\"ht-HT\"},{\"@type\":\"Organization\",\"@id\":\"https:\/\/sunrail.com\/#organization\",\"name\":\"SunRail\",\"url\":\"https:\/\/sunrail.com\/\",\"logo\":{\"@type\":\"ImageObject\",\"inLanguage\":\"ht-HT\",\"@id\":\"https:\/\/sunrail.com\/#\/schema\/logo\/image\/\",\"url\":\"https:\/\/sunrail.com\/wp-content\/uploads\/2015\/08\/sunrail-logo.jpg\",\"contentUrl\":\"https:\/\/sunrail.com\/wp-content\/uploads\/2015\/08\/sunrail-logo.jpg\",\"width\":289,\"height\":250,\"caption\":\"SunRail\"},\"image\":{\"@id\":\"https:\/\/sunrail.com\/#\/schema\/logo\/image\/\"},\"sameAs\":[\"https:\/\/www.facebook.com\/RideSunRail\",\"https:\/\/x.com\/ridesunrail\",\"https:\/\/instagram.com\/ridesunrail\/\",\"https:\/\/www.youtube.com\/user\/ridesunrail\"]}]}<\/script>\n<!-- \/ Yoast SEO plugin. -->","yoast_head_json":{"title":"Benefis Taks pou Moun k ap Vwayaje: Benefis Kalifye pou Transp\u00f2 - SunRail","robots":{"index":"index","follow":"follow","max-snippet":"max-snippet:-1","max-image-preview":"max-image-preview:large","max-video-preview":"max-video-preview:-1"},"canonical":"https:\/\/sunrail.com\/ht\/fares-passes\/corporate-program\/qualified-transportation-fringe-benefits\/","og_locale":"ht_HT","og_type":"article","og_title":"Commuter Tax Benefits: Qualified Transportation Fringe Benefits - SunRail","og_description":"The Tax Reform and Jobs Act of 2017 made several changes to Section 132(f) of the Internal Revenue Code Florida Department of Transportation (FDOT), its employees, and supporting teams do not provide tax, legal, or accounting advice. The following information is for informational purposes only, and is not intended to provide, nor should it be&hellip;","og_url":"https:\/\/sunrail.com\/ht\/fares-passes\/corporate-program\/qualified-transportation-fringe-benefits\/","og_site_name":"SunRail","article_publisher":"https:\/\/www.facebook.com\/RideSunRail","article_modified_time":"2026-03-31T19:21:34+00:00","twitter_card":"summary_large_image","twitter_site":"@ridesunrail","twitter_misc":{"Est. reading time":"2 minutes"},"schema":{"@context":"https:\/\/schema.org","@graph":[{"@type":"WebPage","@id":"https:\/\/sunrail.com\/fares-passes\/corporate-program\/qualified-transportation-fringe-benefits\/","url":"https:\/\/sunrail.com\/fares-passes\/corporate-program\/qualified-transportation-fringe-benefits\/","name":"Benefis Taks pou Moun k ap Vwayaje: Benefis Kalifye pou Transp\u00f2 - SunRail","isPartOf":{"@id":"https:\/\/sunrail.com\/#website"},"datePublished":"2024-01-29T20:22:23+00:00","dateModified":"2026-03-31T19:21:34+00:00","breadcrumb":{"@id":"https:\/\/sunrail.com\/fares-passes\/corporate-program\/qualified-transportation-fringe-benefits\/#breadcrumb"},"inLanguage":"ht-HT","potentialAction":[{"@type":"ReadAction","target":["https:\/\/sunrail.com\/fares-passes\/corporate-program\/qualified-transportation-fringe-benefits\/"]}]},{"@type":"BreadcrumbList","@id":"https:\/\/sunrail.com\/fares-passes\/corporate-program\/qualified-transportation-fringe-benefits\/#breadcrumb","itemListElement":[{"@type":"ListItem","position":1,"name":"Home","item":"https:\/\/sunrail.com\/"},{"@type":"ListItem","position":2,"name":"Fares &amp; Passes","item":"https:\/\/sunrail.com\/fares-passes\/"},{"@type":"ListItem","position":3,"name":"Corporate Program","item":"https:\/\/sunrail.com\/fares-passes\/corporate-program\/"},{"@type":"ListItem","position":4,"name":"Commuter Tax Benefits: Qualified Transportation Fringe Benefits"}]},{"@type":"WebSite","@id":"https:\/\/sunrail.com\/#website","url":"https:\/\/sunrail.com\/","name":"SunRail","description":"Konekte Kominote yo","publisher":{"@id":"https:\/\/sunrail.com\/#organization"},"potentialAction":[{"@type":"SearchAction","target":{"@type":"EntryPoint","urlTemplate":"https:\/\/sunrail.com\/?s={search_term_string}"},"query-input":{"@type":"PropertyValueSpecification","valueRequired":true,"valueName":"search_term_string"}}],"inLanguage":"ht-HT"},{"@type":"Organization","@id":"https:\/\/sunrail.com\/#organization","name":"SunRail","url":"https:\/\/sunrail.com\/","logo":{"@type":"ImageObject","inLanguage":"ht-HT","@id":"https:\/\/sunrail.com\/#\/schema\/logo\/image\/","url":"https:\/\/sunrail.com\/wp-content\/uploads\/2015\/08\/sunrail-logo.jpg","contentUrl":"https:\/\/sunrail.com\/wp-content\/uploads\/2015\/08\/sunrail-logo.jpg","width":289,"height":250,"caption":"SunRail"},"image":{"@id":"https:\/\/sunrail.com\/#\/schema\/logo\/image\/"},"sameAs":["https:\/\/www.facebook.com\/RideSunRail","https:\/\/x.com\/ridesunrail","https:\/\/instagram.com\/ridesunrail\/","https:\/\/www.youtube.com\/user\/ridesunrail"]}]}},"_links":{"self":[{"href":"https:\/\/sunrail.com\/ht\/wp-json\/wp\/v2\/pages\/16190","targetHints":{"allow":["GET"]}}],"collection":[{"href":"https:\/\/sunrail.com\/ht\/wp-json\/wp\/v2\/pages"}],"about":[{"href":"https:\/\/sunrail.com\/ht\/wp-json\/wp\/v2\/types\/page"}],"author":[{"embeddable":true,"href":"https:\/\/sunrail.com\/ht\/wp-json\/wp\/v2\/users\/1"}],"replies":[{"embeddable":true,"href":"https:\/\/sunrail.com\/ht\/wp-json\/wp\/v2\/comments?post=16190"}],"version-history":[{"count":1,"href":"https:\/\/sunrail.com\/ht\/wp-json\/wp\/v2\/pages\/16190\/revisions"}],"predecessor-version":[{"id":21593,"href":"https:\/\/sunrail.com\/ht\/wp-json\/wp\/v2\/pages\/16190\/revisions\/21593"}],"up":[{"embeddable":true,"href":"https:\/\/sunrail.com\/ht\/wp-json\/wp\/v2\/pages\/14713"}],"wp:attachment":[{"href":"https:\/\/sunrail.com\/ht\/wp-json\/wp\/v2\/media?parent=16190"}],"curies":[{"name":"wp","href":"https:\/\/api.w.org\/{rel}","templated":true}]}}