{"id":16193,"date":"2024-01-29T21:03:58","date_gmt":"2024-01-29T21:03:58","guid":{"rendered":"https:\/\/sunrail.com\/?page_id=16193"},"modified":"2025-12-17T21:45:24","modified_gmt":"2025-12-18T02:45:24","slug":"commuter-tax-benefits-procedure-overview","status":"publish","type":"page","link":"https:\/\/sunrail.com\/ht\/fares-passes\/corporate-program\/commuter-tax-benefits-procedure-overview\/","title":{"rendered":"Benefis taks pou vwayaj\u00e8: Ap\u00e8si sou pwosedi a"},"content":{"rendered":"<div style=\"height:24px\" aria-hidden=\"true\" class=\"wp-block-spacer\"><\/div>\n\n\n\n<div class=\"wp-block-columns wp-block-columns-has-3 is-layout-flex wp-container-core-columns-is-layout-28f84493 wp-block-columns wp-block-columns-has-3-is-layout-flex\">\n<div class=\"wp-block-column is-layout-flow wp-block-column-is-layout-flow\">\n<ul class=\"wp-block-list list-submenu\">\n<li><a href=\"#procedure\">Pwosedi<\/a><\/li>\n\n\n\n<li><a href=\"#notes\">N\u00f2t<\/a><\/li>\n<\/ul>\n<\/div>\n\n\n\n<div class=\"wp-block-column is-layout-flow wp-block-column-is-layout-flow\" style=\"flex-basis:10%\"><\/div>\n\n\n\n<div class=\"wp-block-column is-layout-flow wp-block-column-is-layout-flow\" style=\"flex-basis:60%\">\n<p class=\"has-primary-aqua-ada-color has-text-color has-link-color has-x-large-font-size wp-elements-7f3bc9686bdf7b5b1995d298dfb08431\">Byenvini. M\u00e8si paske w f\u00e8 pati Pwogram Benefis SunRail Commuter!<\/p>\n\n\n\n<hr class=\"wp-block-separator has-text-color has-monotone-gray-4-color has-alpha-channel-opacity has-monotone-gray-4-background-color has-background\"\/>\n\n\n\n<h2 class=\"wp-block-heading\" id=\"procedure\">Pwosedi<\/h2>\n\n\n\n<ol class=\"wp-block-list\">\n<li>Konpayi w la ap bezwen soum\u00e8t f\u00e8y calcul Excel yo pa im\u00e8l ak non kol\u00f2n sa yo:\n<ul class=\"wp-block-list\">\n<li>Non konpayi<\/li>\n\n\n\n<li>Nimewo SunCard<br>(ki sitiye sou do kat la)<\/li>\n\n\n\n<li>Kalite pwodwi\n<ul class=\"wp-block-list\">\n<li>Kantite ki estoke<\/li>\n\n\n\n<li>Pase Any\u00e8l oswa Mansy\u00e8l<\/li>\n<\/ul>\n<\/li>\n\n\n\n<li>Kalite kavalye\n<ul class=\"wp-block-list\">\n<li>Granmoun (laj 19-64)<\/li>\n\n\n\n<li>J\u00e8n (7-18)<\/li>\n\n\n\n<li>Granmoun (65+)<\/li>\n\n\n\n<li>Andikape<\/li>\n<\/ul>\n<\/li>\n\n\n\n<li>Pousantaj pwodwi<\/li>\n\n\n\n<li>Non kliyan ak Nimewo Telef\u00f2n<\/li>\n<\/ul>\n<\/li>\n\n\n\n<li>Yo dwe resevwa fichye kalkil yo anvan 12y\u00e8m jou chak mwa. Voye fichye kalkil yo pa im\u00e8l nan adr\u00e8s sa a: <a href=\"mailto:Christopher.Sengvongsot@dot.state.fl.us\">Christopher.Sengvongsot@dot.state.fl.us<\/a><\/li>\n\n\n\n<li>SunRail dwe resevwa lajan sou oswa anvan 20 mwa a pa ACH oswa ch\u00e8k.<\/li>\n\n\n\n<li>Pwosesis sa a pral kontinye ak konpayi an bay yon fichye ajou ak chak soum\u00e8t chak mwa.\n<ul class=\"wp-block-list\">\n<li>SunCards ka ajoute ak efase ak chak soum\u00e8t.<\/li>\n\n\n\n<li>Kat ranplasman yo ka trete nenp\u00f2t ki l\u00e8 pandan tout mwa a.<\/li>\n<\/ul>\n<\/li>\n\n\n\n<li>Tout pwodwi yo pral chaje ant 20y\u00e8m ak 25y\u00e8m nan chak mwa.<\/li>\n<\/ol>\n\n\n\n<h2 class=\"wp-block-heading\" id=\"notes\">N\u00f2t<\/h2>\n\n\n\n<ul class=\"wp-block-list\">\n<li>SunCards yo dwe anrejistre nan <a href=\"https:\/\/accounts.sunrail.com\" target=\"_blank\" rel=\"noreferrer noopener\">Kont.SunRail.com<\/a>.<\/li>\n\n\n\n<li>SunCard yo dwe gen yon val\u00e8 pozitif ($0.00 oswa plis) pou kapab trete l\u00f2d la. Se responsablite moun ki gen kat la pou kenbe SunCard la an bon pozisyon pou li pa tonbe nan yon val\u00e8 negatif.<\/li>\n\n\n\n<li>Val\u00e8 ki estoke a pa ekspire.<\/li>\n\n\n\n<li>Pass Mansy\u00e8l ak Any\u00e8l yo ekspire.<br><em>(30 jou oswa 365 jou youn apre l\u00f2t apre premye tiyo a)<\/em><\/li>\n\n\n\n<li>Granmoun aje ki gen 65 an oswa plis, moun ki andikape ki s\u00e8tifye pa LYNX oswa VoTran ak j\u00e8n ki gen laj 7-18 an resevwa 50% rab\u00e8 sou pri pwodwi regilye yo. Tanpri vizite nou an <a href=\"https:\/\/sunrail.com\/ht\/fares-passes\/fares\/\">Pri tik\u00e8 yo<\/a> seksyon pou detay sou pri pri tik\u00e8 yo. <a class=\"back-to-top\" href=\"#top\">Retounen nan t\u00e8t<\/a><\/li>\n<\/ul>\n<\/div>\n<\/div>\n\n\n\n<div style=\"height:96px\" aria-hidden=\"true\" class=\"wp-block-spacer\"><\/div>","protected":false},"excerpt":{"rendered":"<p>Byenvini. M\u00e8si paske w f\u00e8 pati Pwogram Benefis SunRail Commuter! N\u00f2t pwosedi yo<\/p>","protected":false},"author":1,"featured_media":0,"parent":14713,"menu_order":0,"comment_status":"closed","ping_status":"closed","template":"","meta":{"_acf_changed":false,"footnotes":""},"class_list":{"2":"type-page"},"acf":[],"yoast_head":"<!-- This site is optimized with the Yoast SEO plugin v27.2 - https:\/\/yoast.com\/product\/yoast-seo-wordpress\/ -->\n<title>Commuter Tax Benefits: Procedure Overview - SunRail<\/title>\n<meta name=\"robots\" content=\"index, follow, max-snippet:-1, max-image-preview:large, max-video-preview:-1\" \/>\n<link rel=\"canonical\" href=\"https:\/\/sunrail.com\/ht\/fares-passes\/corporate-program\/commuter-tax-benefits-procedure-overview\/\" \/>\n<meta property=\"og:locale\" content=\"ht_HT\" \/>\n<meta property=\"og:type\" content=\"article\" \/>\n<meta property=\"og:title\" content=\"Commuter Tax Benefits: Procedure Overview - SunRail\" \/>\n<meta property=\"og:description\" content=\"Welcome. Thank you for being a part of the SunRail Commuter Benefit Program! Procedure Notes\" \/>\n<meta property=\"og:url\" content=\"https:\/\/sunrail.com\/ht\/fares-passes\/corporate-program\/commuter-tax-benefits-procedure-overview\/\" \/>\n<meta property=\"og:site_name\" content=\"SunRail\" \/>\n<meta property=\"article:publisher\" content=\"https:\/\/www.facebook.com\/RideSunRail\" \/>\n<meta property=\"article:modified_time\" content=\"2025-12-18T02:45:24+00:00\" \/>\n<meta name=\"twitter:card\" content=\"summary_large_image\" \/>\n<meta name=\"twitter:site\" content=\"@ridesunrail\" \/>\n<meta name=\"twitter:label1\" content=\"Est. reading time\" \/>\n\t<meta name=\"twitter:data1\" content=\"2 minutes\" \/>\n<script type=\"application\/ld+json\" class=\"yoast-schema-graph\">{\"@context\":\"https:\/\/schema.org\",\"@graph\":[{\"@type\":\"WebPage\",\"@id\":\"https:\/\/sunrail.com\/fares-passes\/corporate-program\/commuter-tax-benefits-procedure-overview\/\",\"url\":\"https:\/\/sunrail.com\/fares-passes\/corporate-program\/commuter-tax-benefits-procedure-overview\/\",\"name\":\"Commuter Tax Benefits: Procedure Overview - SunRail\",\"isPartOf\":{\"@id\":\"https:\/\/sunrail.com\/#website\"},\"datePublished\":\"2024-01-29T21:03:58+00:00\",\"dateModified\":\"2025-12-18T02:45:24+00:00\",\"breadcrumb\":{\"@id\":\"https:\/\/sunrail.com\/fares-passes\/corporate-program\/commuter-tax-benefits-procedure-overview\/#breadcrumb\"},\"inLanguage\":\"ht-HT\",\"potentialAction\":[{\"@type\":\"ReadAction\",\"target\":[\"https:\/\/sunrail.com\/fares-passes\/corporate-program\/commuter-tax-benefits-procedure-overview\/\"]}]},{\"@type\":\"BreadcrumbList\",\"@id\":\"https:\/\/sunrail.com\/fares-passes\/corporate-program\/commuter-tax-benefits-procedure-overview\/#breadcrumb\",\"itemListElement\":[{\"@type\":\"ListItem\",\"position\":1,\"name\":\"Home\",\"item\":\"https:\/\/sunrail.com\/\"},{\"@type\":\"ListItem\",\"position\":2,\"name\":\"Fares &amp; Passes\",\"item\":\"https:\/\/sunrail.com\/fares-passes\/\"},{\"@type\":\"ListItem\",\"position\":3,\"name\":\"Corporate Program\",\"item\":\"https:\/\/sunrail.com\/fares-passes\/corporate-program\/\"},{\"@type\":\"ListItem\",\"position\":4,\"name\":\"Commuter Tax Benefits: Procedure Overview\"}]},{\"@type\":\"WebSite\",\"@id\":\"https:\/\/sunrail.com\/#website\",\"url\":\"https:\/\/sunrail.com\/\",\"name\":\"SunRail\",\"description\":\"Connecting Communities\",\"publisher\":{\"@id\":\"https:\/\/sunrail.com\/#organization\"},\"potentialAction\":[{\"@type\":\"SearchAction\",\"target\":{\"@type\":\"EntryPoint\",\"urlTemplate\":\"https:\/\/sunrail.com\/?s={search_term_string}\"},\"query-input\":{\"@type\":\"PropertyValueSpecification\",\"valueRequired\":true,\"valueName\":\"search_term_string\"}}],\"inLanguage\":\"ht-HT\"},{\"@type\":\"Organization\",\"@id\":\"https:\/\/sunrail.com\/#organization\",\"name\":\"SunRail\",\"url\":\"https:\/\/sunrail.com\/\",\"logo\":{\"@type\":\"ImageObject\",\"inLanguage\":\"ht-HT\",\"@id\":\"https:\/\/sunrail.com\/#\/schema\/logo\/image\/\",\"url\":\"https:\/\/sunrail.com\/wp-content\/uploads\/2015\/08\/sunrail-logo.jpg\",\"contentUrl\":\"https:\/\/sunrail.com\/wp-content\/uploads\/2015\/08\/sunrail-logo.jpg\",\"width\":289,\"height\":250,\"caption\":\"SunRail\"},\"image\":{\"@id\":\"https:\/\/sunrail.com\/#\/schema\/logo\/image\/\"},\"sameAs\":[\"https:\/\/www.facebook.com\/RideSunRail\",\"https:\/\/x.com\/ridesunrail\",\"https:\/\/instagram.com\/ridesunrail\/\",\"https:\/\/www.youtube.com\/user\/ridesunrail\"]}]}<\/script>\n<!-- \/ Yoast SEO plugin. -->","yoast_head_json":{"title":"Benefis Taks pou Vwayaj\u00e8: Ap\u00e8si sou Pwosedi a - SunRail","robots":{"index":"index","follow":"follow","max-snippet":"max-snippet:-1","max-image-preview":"max-image-preview:large","max-video-preview":"max-video-preview:-1"},"canonical":"https:\/\/sunrail.com\/ht\/fares-passes\/corporate-program\/commuter-tax-benefits-procedure-overview\/","og_locale":"ht_HT","og_type":"article","og_title":"Commuter Tax Benefits: Procedure Overview - SunRail","og_description":"Welcome. Thank you for being a part of the SunRail Commuter Benefit Program! Procedure Notes","og_url":"https:\/\/sunrail.com\/ht\/fares-passes\/corporate-program\/commuter-tax-benefits-procedure-overview\/","og_site_name":"SunRail","article_publisher":"https:\/\/www.facebook.com\/RideSunRail","article_modified_time":"2025-12-18T02:45:24+00:00","twitter_card":"summary_large_image","twitter_site":"@ridesunrail","twitter_misc":{"Est. reading time":"2 minutes"},"schema":{"@context":"https:\/\/schema.org","@graph":[{"@type":"WebPage","@id":"https:\/\/sunrail.com\/fares-passes\/corporate-program\/commuter-tax-benefits-procedure-overview\/","url":"https:\/\/sunrail.com\/fares-passes\/corporate-program\/commuter-tax-benefits-procedure-overview\/","name":"Benefis Taks pou Vwayaj\u00e8: Ap\u00e8si sou Pwosedi a - SunRail","isPartOf":{"@id":"https:\/\/sunrail.com\/#website"},"datePublished":"2024-01-29T21:03:58+00:00","dateModified":"2025-12-18T02:45:24+00:00","breadcrumb":{"@id":"https:\/\/sunrail.com\/fares-passes\/corporate-program\/commuter-tax-benefits-procedure-overview\/#breadcrumb"},"inLanguage":"ht-HT","potentialAction":[{"@type":"ReadAction","target":["https:\/\/sunrail.com\/fares-passes\/corporate-program\/commuter-tax-benefits-procedure-overview\/"]}]},{"@type":"BreadcrumbList","@id":"https:\/\/sunrail.com\/fares-passes\/corporate-program\/commuter-tax-benefits-procedure-overview\/#breadcrumb","itemListElement":[{"@type":"ListItem","position":1,"name":"Home","item":"https:\/\/sunrail.com\/"},{"@type":"ListItem","position":2,"name":"Fares &amp; Passes","item":"https:\/\/sunrail.com\/fares-passes\/"},{"@type":"ListItem","position":3,"name":"Corporate Program","item":"https:\/\/sunrail.com\/fares-passes\/corporate-program\/"},{"@type":"ListItem","position":4,"name":"Commuter Tax Benefits: Procedure Overview"}]},{"@type":"WebSite","@id":"https:\/\/sunrail.com\/#website","url":"https:\/\/sunrail.com\/","name":"SunRail","description":"Konekte Kominote yo","publisher":{"@id":"https:\/\/sunrail.com\/#organization"},"potentialAction":[{"@type":"SearchAction","target":{"@type":"EntryPoint","urlTemplate":"https:\/\/sunrail.com\/?s={search_term_string}"},"query-input":{"@type":"PropertyValueSpecification","valueRequired":true,"valueName":"search_term_string"}}],"inLanguage":"ht-HT"},{"@type":"Organization","@id":"https:\/\/sunrail.com\/#organization","name":"SunRail","url":"https:\/\/sunrail.com\/","logo":{"@type":"ImageObject","inLanguage":"ht-HT","@id":"https:\/\/sunrail.com\/#\/schema\/logo\/image\/","url":"https:\/\/sunrail.com\/wp-content\/uploads\/2015\/08\/sunrail-logo.jpg","contentUrl":"https:\/\/sunrail.com\/wp-content\/uploads\/2015\/08\/sunrail-logo.jpg","width":289,"height":250,"caption":"SunRail"},"image":{"@id":"https:\/\/sunrail.com\/#\/schema\/logo\/image\/"},"sameAs":["https:\/\/www.facebook.com\/RideSunRail","https:\/\/x.com\/ridesunrail","https:\/\/instagram.com\/ridesunrail\/","https:\/\/www.youtube.com\/user\/ridesunrail"]}]}},"_links":{"self":[{"href":"https:\/\/sunrail.com\/ht\/wp-json\/wp\/v2\/pages\/16193","targetHints":{"allow":["GET"]}}],"collection":[{"href":"https:\/\/sunrail.com\/ht\/wp-json\/wp\/v2\/pages"}],"about":[{"href":"https:\/\/sunrail.com\/ht\/wp-json\/wp\/v2\/types\/page"}],"author":[{"embeddable":true,"href":"https:\/\/sunrail.com\/ht\/wp-json\/wp\/v2\/users\/1"}],"replies":[{"embeddable":true,"href":"https:\/\/sunrail.com\/ht\/wp-json\/wp\/v2\/comments?post=16193"}],"version-history":[{"count":0,"href":"https:\/\/sunrail.com\/ht\/wp-json\/wp\/v2\/pages\/16193\/revisions"}],"up":[{"embeddable":true,"href":"https:\/\/sunrail.com\/ht\/wp-json\/wp\/v2\/pages\/14713"}],"wp:attachment":[{"href":"https:\/\/sunrail.com\/ht\/wp-json\/wp\/v2\/media?parent=16193"}],"curies":[{"name":"wp","href":"https:\/\/api.w.org\/{rel}","templated":true}]}}