{"id":16197,"date":"2024-01-29T21:37:50","date_gmt":"2024-01-29T21:37:50","guid":{"rendered":"https:\/\/sunrail.com\/?page_id=16197"},"modified":"2025-04-11T18:54:51","modified_gmt":"2025-04-11T22:54:51","slug":"commuter-tax-benefits-bulk-upload-tips","status":"publish","type":"page","link":"https:\/\/sunrail.com\/ht\/fares-passes\/corporate-program\/commuter-tax-benefits-bulk-upload-tips\/","title":{"rendered":"Benefis taks pou vwayaj\u00e8: Kons\u00e8y pou telechaje an gwo"},"content":{"rendered":"<div style=\"height:24px\" aria-hidden=\"true\" class=\"wp-block-spacer\"><\/div>\n\n\n\n<div class=\"wp-block-columns wp-block-columns-has-3 is-layout-flex wp-container-core-columns-is-layout-28f84493 wp-block-columns wp-block-columns-has-3-is-layout-flex\">\n<div class=\"wp-block-column is-layout-flow wp-block-column-is-layout-flow\">\n<ul class=\"wp-block-list list-submenu\">\n<li><a href=\"#riders\">Pou pasaje SunRail<\/a><\/li>\n\n\n\n<li><a href=\"#tips\">Kons\u00e8y pou kenbe SunCard ou aktif<\/a><\/li>\n<\/ul>\n<\/div>\n\n\n\n<div class=\"wp-block-column is-layout-flow wp-block-column-is-layout-flow\" style=\"flex-basis:10%\"><\/div>\n\n\n\n<div class=\"wp-block-column is-layout-flow wp-block-column-is-layout-flow\" style=\"flex-basis:60%\">\n<p class=\"has-primary-aqua-ada-color has-text-color has-link-color has-x-large-font-size wp-elements-7f3bc9686bdf7b5b1995d298dfb08431\">Byenvini. M\u00e8si paske w f\u00e8 pati Pwogram Benefis SunRail Commuter!<\/p>\n\n\n\n<hr class=\"wp-block-separator has-text-color has-monotone-gray-4-color has-alpha-channel-opacity has-monotone-gray-4-background-color has-background\"\/>\n\n\n\n<h2 class=\"wp-block-heading\" id=\"riders\">Pou pasaje SunRail<\/h2>\n\n\n\n<ol class=\"wp-block-list\">\n<li><strong>Enskripsyon kat: <\/strong>SunCard yo dwe anrejistre. Tanpri anrejistre SunCard ou sou Account.SunRail.com.<\/li>\n\n\n\n<li><strong>Dat telechaje: <\/strong>T\u00e9l\u00e9chargement an gwo f\u00e8t ant 20y\u00e8m ak 25y\u00e8m mwa a pou pery\u00f2d 30 jou ki vin apre a.<\/li>\n\n\n\n<li><strong>Pase chak mwa:<\/strong>\n<ul class=\"wp-block-list\">\n<li><strong>Dat k\u00f2mansman pery\u00f2d: T<\/strong>pery\u00f2d 30 jou k\u00f2manse yon fwa ke pas la aktive.<br><em>(Kat yo aktive l\u00e8 yo touche yo nan yon Validat\u00e8 Tik\u00e8 estasyon).<\/em><\/li>\n\n\n\n<li><strong>Long\u00e8 pery\u00f2d: <\/strong>Pase chak mwa yo kouri pou 30 jou kalandriye youn apre l\u00f2t.<\/li>\n\n\n\n<li><strong>Premye mwa a: <\/strong>Pase chak mwa ap <span style=\"text-decoration: underline;\"><strong>PA<\/strong><\/span> k\u00f2manse premye nan mwa a, sof si premye a se l\u00e8 detant\u00e8 SunCard la aktive pas la l\u00e8 li tape sou li.<\/li>\n<\/ul>\n<\/li>\n\n\n\n<li><strong>Pwodwi: <\/strong>SunCards yo ka kenbe yon pas mansy\u00e8l ak yon val\u00e8 ki estoke an menm tan. Nou sijere tout moun ki gen pas mansy\u00e8l yo mete omwen $10.00 val\u00e8 ki estoke sou SunCard yo k\u00f2m yon backup si pas yo ekspire anvan yo chaje yon nouvo pas.<\/li>\n\n\n\n<li><strong>Tape sou: <\/strong>L\u00e8 ou tape sou li, sist\u00e8m nan ap otomatikman rekon\u00e8t yon pas mansy\u00e8l\/any\u00e8l ki valab an premye. Si pas la ekspire, sist\u00e8m nan ap itilize val\u00e8 ki estoke a.<\/li>\n\n\n\n<li><strong>SunCard ki valab: <\/strong>SunCards dwe genyen yon balans pozitif ak yon estati aktif.<\/li>\n\n\n\n<li><strong>Kat ki nan lis la: <\/strong>SunCards ki nan lis cho yo se kat ki te dezaktive tanpor\u00e8man paske yo pa tape sou \/ koupe oswa ki gen yon balans negatif eksepsyon\u00e8l. SunCard ki nan lis cho oswa ki gen yon balans negatif PAP trete upload la.<br><em>(Nou te w\u00e8 echwe uploads pou ti k\u00f2m yon balans negatif nan 40 santim!).<\/em> <a class=\"back-to-top\" href=\"#top\">Retounen nan t\u00e8t<\/a><\/li>\n<\/ol>\n\n\n\n<h2 class=\"wp-block-heading\" id=\"tips\">Kons\u00e8y pou kenbe SunCard ou aktif<\/h2>\n\n\n\n<ul class=\"wp-block-list\">\n<li>Tcheke balans SunCard ou ant 20 ak 25 chak mwa nan <a href=\"https:\/\/account.SunRail.com\" target=\"_blank\" rel=\"noreferrer noopener\">kont.SunRail.com<\/a> oswa nan yon estasyon Ticket Vending Machine.<\/li>\n\n\n\n<li>L\u00e8 w ap itilize Val\u00e8 Anrejistre a, tanpri estime pri vwayaj ou prevwa a, epi asire w ke SunCard ou a chaje ak ase val\u00e8 pou konplete vwayaj ou a. Ou ka itilize SunRail la <a href=\"\/ht\/trip-planner\/\" target=\"_blank\" rel=\"noreferrer noopener\">Planifikat\u00e8 Vwayaj<\/a> pou ede nan estime pri pri tik\u00e8 yo.<\/li>\n\n\n\n<li><a href=\"https:\/\/sunrail.com\/ht\/riding-sunrail\/using-sunrail\/#Staff\" target=\"_blank\" rel=\"noreferrer noopener\">Anbasad\u00e8<\/a> yo disponib nan s\u00e8ten l\u00e8 sou platf\u00f2m yo si ou bezwen asistans. Genyen tou yon <a href=\"https:\/\/sunrail.com\/ht\/riding-sunrail\/station-amenities\/#assistance-security\" target=\"_blank\" rel=\"noreferrer noopener\">Telef\u00f2n Aks\u00e8 Pasaje (PAT)<\/a> nan chak estasyon. Sa a se yon ap\u00e8l gratis, dir\u00e8k nan sant s\u00e8vis kliyan nou an. <a class=\"back-to-top\" href=\"#top\">Retounen nan t\u00e8t<\/a><\/li>\n<\/ul>\n<\/div>\n<\/div>\n\n\n\n<div style=\"height:96px\" aria-hidden=\"true\" class=\"wp-block-spacer\"><\/div>","protected":false},"excerpt":{"rendered":"<p>Byenvini. M\u00e8si paske w f\u00e8 pati Pwogram Benefis SunRail Commuter! Pou pasaje SunRail Kons\u00e8y pou kenbe SunCard ou aktif<\/p>","protected":false},"author":1,"featured_media":0,"parent":14713,"menu_order":0,"comment_status":"closed","ping_status":"closed","template":"","meta":{"_acf_changed":false,"footnotes":""},"class_list":{"2":"type-page"},"acf":[],"yoast_head":"<!-- This site is optimized with the Yoast SEO plugin v27.2 - https:\/\/yoast.com\/product\/yoast-seo-wordpress\/ -->\n<title>Commuter Tax Benefits: Bulk Upload Tips - SunRail<\/title>\n<meta name=\"robots\" content=\"index, follow, max-snippet:-1, max-image-preview:large, max-video-preview:-1\" \/>\n<link rel=\"canonical\" href=\"https:\/\/sunrail.com\/ht\/fares-passes\/corporate-program\/commuter-tax-benefits-bulk-upload-tips\/\" \/>\n<meta property=\"og:locale\" content=\"ht_HT\" \/>\n<meta property=\"og:type\" content=\"article\" \/>\n<meta property=\"og:title\" content=\"Commuter Tax Benefits: Bulk Upload Tips - SunRail\" \/>\n<meta property=\"og:description\" content=\"Welcome. Thank you for being a part of the SunRail Commuter Benefit Program! For SunRail Riders Tips for Keeping Your SunCard Active\" \/>\n<meta property=\"og:url\" content=\"https:\/\/sunrail.com\/ht\/fares-passes\/corporate-program\/commuter-tax-benefits-bulk-upload-tips\/\" \/>\n<meta property=\"og:site_name\" content=\"SunRail\" \/>\n<meta property=\"article:publisher\" content=\"https:\/\/www.facebook.com\/RideSunRail\" \/>\n<meta property=\"article:modified_time\" content=\"2025-04-11T22:54:51+00:00\" \/>\n<meta name=\"twitter:card\" content=\"summary_large_image\" \/>\n<meta name=\"twitter:site\" content=\"@ridesunrail\" \/>\n<meta name=\"twitter:label1\" content=\"Est. reading time\" \/>\n\t<meta name=\"twitter:data1\" content=\"2 minutes\" \/>\n<script type=\"application\/ld+json\" class=\"yoast-schema-graph\">{\"@context\":\"https:\/\/schema.org\",\"@graph\":[{\"@type\":\"WebPage\",\"@id\":\"https:\/\/sunrail.com\/fares-passes\/corporate-program\/commuter-tax-benefits-bulk-upload-tips\/\",\"url\":\"https:\/\/sunrail.com\/fares-passes\/corporate-program\/commuter-tax-benefits-bulk-upload-tips\/\",\"name\":\"Commuter Tax Benefits: Bulk Upload Tips - SunRail\",\"isPartOf\":{\"@id\":\"https:\/\/sunrail.com\/#website\"},\"datePublished\":\"2024-01-29T21:37:50+00:00\",\"dateModified\":\"2025-04-11T22:54:51+00:00\",\"breadcrumb\":{\"@id\":\"https:\/\/sunrail.com\/fares-passes\/corporate-program\/commuter-tax-benefits-bulk-upload-tips\/#breadcrumb\"},\"inLanguage\":\"ht-HT\",\"potentialAction\":[{\"@type\":\"ReadAction\",\"target\":[\"https:\/\/sunrail.com\/fares-passes\/corporate-program\/commuter-tax-benefits-bulk-upload-tips\/\"]}]},{\"@type\":\"BreadcrumbList\",\"@id\":\"https:\/\/sunrail.com\/fares-passes\/corporate-program\/commuter-tax-benefits-bulk-upload-tips\/#breadcrumb\",\"itemListElement\":[{\"@type\":\"ListItem\",\"position\":1,\"name\":\"Home\",\"item\":\"https:\/\/sunrail.com\/\"},{\"@type\":\"ListItem\",\"position\":2,\"name\":\"Fares &amp; Passes\",\"item\":\"https:\/\/sunrail.com\/fares-passes\/\"},{\"@type\":\"ListItem\",\"position\":3,\"name\":\"Corporate Program\",\"item\":\"https:\/\/sunrail.com\/fares-passes\/corporate-program\/\"},{\"@type\":\"ListItem\",\"position\":4,\"name\":\"Commuter Tax Benefits: Bulk Upload Tips\"}]},{\"@type\":\"WebSite\",\"@id\":\"https:\/\/sunrail.com\/#website\",\"url\":\"https:\/\/sunrail.com\/\",\"name\":\"SunRail\",\"description\":\"Connecting Communities\",\"publisher\":{\"@id\":\"https:\/\/sunrail.com\/#organization\"},\"potentialAction\":[{\"@type\":\"SearchAction\",\"target\":{\"@type\":\"EntryPoint\",\"urlTemplate\":\"https:\/\/sunrail.com\/?s={search_term_string}\"},\"query-input\":{\"@type\":\"PropertyValueSpecification\",\"valueRequired\":true,\"valueName\":\"search_term_string\"}}],\"inLanguage\":\"ht-HT\"},{\"@type\":\"Organization\",\"@id\":\"https:\/\/sunrail.com\/#organization\",\"name\":\"SunRail\",\"url\":\"https:\/\/sunrail.com\/\",\"logo\":{\"@type\":\"ImageObject\",\"inLanguage\":\"ht-HT\",\"@id\":\"https:\/\/sunrail.com\/#\/schema\/logo\/image\/\",\"url\":\"https:\/\/sunrail.com\/wp-content\/uploads\/2015\/08\/sunrail-logo.jpg\",\"contentUrl\":\"https:\/\/sunrail.com\/wp-content\/uploads\/2015\/08\/sunrail-logo.jpg\",\"width\":289,\"height\":250,\"caption\":\"SunRail\"},\"image\":{\"@id\":\"https:\/\/sunrail.com\/#\/schema\/logo\/image\/\"},\"sameAs\":[\"https:\/\/www.facebook.com\/RideSunRail\",\"https:\/\/x.com\/ridesunrail\",\"https:\/\/instagram.com\/ridesunrail\/\",\"https:\/\/www.youtube.com\/user\/ridesunrail\"]}]}<\/script>\n<!-- \/ Yoast SEO plugin. -->","yoast_head_json":{"title":"Commuter Tax Benefits: Bulk Upload Tips - SunRail","robots":{"index":"index","follow":"follow","max-snippet":"max-snippet:-1","max-image-preview":"max-image-preview:large","max-video-preview":"max-video-preview:-1"},"canonical":"https:\/\/sunrail.com\/ht\/fares-passes\/corporate-program\/commuter-tax-benefits-bulk-upload-tips\/","og_locale":"ht_HT","og_type":"article","og_title":"Commuter Tax Benefits: Bulk Upload Tips - SunRail","og_description":"Welcome. Thank you for being a part of the SunRail Commuter Benefit Program! For SunRail Riders Tips for Keeping Your SunCard Active","og_url":"https:\/\/sunrail.com\/ht\/fares-passes\/corporate-program\/commuter-tax-benefits-bulk-upload-tips\/","og_site_name":"SunRail","article_publisher":"https:\/\/www.facebook.com\/RideSunRail","article_modified_time":"2025-04-11T22:54:51+00:00","twitter_card":"summary_large_image","twitter_site":"@ridesunrail","twitter_misc":{"Est. reading time":"2 minutes"},"schema":{"@context":"https:\/\/schema.org","@graph":[{"@type":"WebPage","@id":"https:\/\/sunrail.com\/fares-passes\/corporate-program\/commuter-tax-benefits-bulk-upload-tips\/","url":"https:\/\/sunrail.com\/fares-passes\/corporate-program\/commuter-tax-benefits-bulk-upload-tips\/","name":"Commuter Tax Benefits: Bulk Upload Tips - SunRail","isPartOf":{"@id":"https:\/\/sunrail.com\/#website"},"datePublished":"2024-01-29T21:37:50+00:00","dateModified":"2025-04-11T22:54:51+00:00","breadcrumb":{"@id":"https:\/\/sunrail.com\/fares-passes\/corporate-program\/commuter-tax-benefits-bulk-upload-tips\/#breadcrumb"},"inLanguage":"ht-HT","potentialAction":[{"@type":"ReadAction","target":["https:\/\/sunrail.com\/fares-passes\/corporate-program\/commuter-tax-benefits-bulk-upload-tips\/"]}]},{"@type":"BreadcrumbList","@id":"https:\/\/sunrail.com\/fares-passes\/corporate-program\/commuter-tax-benefits-bulk-upload-tips\/#breadcrumb","itemListElement":[{"@type":"ListItem","position":1,"name":"Home","item":"https:\/\/sunrail.com\/"},{"@type":"ListItem","position":2,"name":"Fares &amp; Passes","item":"https:\/\/sunrail.com\/fares-passes\/"},{"@type":"ListItem","position":3,"name":"Corporate Program","item":"https:\/\/sunrail.com\/fares-passes\/corporate-program\/"},{"@type":"ListItem","position":4,"name":"Commuter Tax Benefits: Bulk Upload Tips"}]},{"@type":"WebSite","@id":"https:\/\/sunrail.com\/#website","url":"https:\/\/sunrail.com\/","name":"SunRail","description":"Konekte Kominote yo","publisher":{"@id":"https:\/\/sunrail.com\/#organization"},"potentialAction":[{"@type":"SearchAction","target":{"@type":"EntryPoint","urlTemplate":"https:\/\/sunrail.com\/?s={search_term_string}"},"query-input":{"@type":"PropertyValueSpecification","valueRequired":true,"valueName":"search_term_string"}}],"inLanguage":"ht-HT"},{"@type":"Organization","@id":"https:\/\/sunrail.com\/#organization","name":"SunRail","url":"https:\/\/sunrail.com\/","logo":{"@type":"ImageObject","inLanguage":"ht-HT","@id":"https:\/\/sunrail.com\/#\/schema\/logo\/image\/","url":"https:\/\/sunrail.com\/wp-content\/uploads\/2015\/08\/sunrail-logo.jpg","contentUrl":"https:\/\/sunrail.com\/wp-content\/uploads\/2015\/08\/sunrail-logo.jpg","width":289,"height":250,"caption":"SunRail"},"image":{"@id":"https:\/\/sunrail.com\/#\/schema\/logo\/image\/"},"sameAs":["https:\/\/www.facebook.com\/RideSunRail","https:\/\/x.com\/ridesunrail","https:\/\/instagram.com\/ridesunrail\/","https:\/\/www.youtube.com\/user\/ridesunrail"]}]}},"_links":{"self":[{"href":"https:\/\/sunrail.com\/ht\/wp-json\/wp\/v2\/pages\/16197","targetHints":{"allow":["GET"]}}],"collection":[{"href":"https:\/\/sunrail.com\/ht\/wp-json\/wp\/v2\/pages"}],"about":[{"href":"https:\/\/sunrail.com\/ht\/wp-json\/wp\/v2\/types\/page"}],"author":[{"embeddable":true,"href":"https:\/\/sunrail.com\/ht\/wp-json\/wp\/v2\/users\/1"}],"replies":[{"embeddable":true,"href":"https:\/\/sunrail.com\/ht\/wp-json\/wp\/v2\/comments?post=16197"}],"version-history":[{"count":0,"href":"https:\/\/sunrail.com\/ht\/wp-json\/wp\/v2\/pages\/16197\/revisions"}],"up":[{"embeddable":true,"href":"https:\/\/sunrail.com\/ht\/wp-json\/wp\/v2\/pages\/14713"}],"wp:attachment":[{"href":"https:\/\/sunrail.com\/ht\/wp-json\/wp\/v2\/media?parent=16197"}],"curies":[{"name":"wp","href":"https:\/\/api.w.org\/{rel}","templated":true}]}}